{"id":9645,"date":"2025-12-02T07:47:08","date_gmt":"2025-12-02T06:47:08","guid":{"rendered":"https:\/\/www.abirato.com\/abiratoshop\/?post_type=product&#038;p=9645"},"modified":"2025-12-02T07:51:36","modified_gmt":"2025-12-02T06:51:36","slug":"la-philo-pour-tous","status":"publish","type":"product","link":"https:\/\/www.abirato.com\/abiratoshop\/produit\/la-philo-pour-tous\/","title":{"rendered":"La Philo pour Tous"},"content":{"rendered":"<p><a href=\"https:\/\/bibliotheque.brest-metropole.fr\/iguana\/www.main.cls?surl=search&amp;p=06473cb2-0843-11e5-b406-50568d242300#recordId=1.667367\" target=\"_blank\" rel=\"noopener\">DISPONIBLE DANS LES M\u00c9DIATH\u00c8QUES \u279c<br \/>\n<\/a><\/p>\n<div style=\"padding-bottom:20px; padding-top:10px;\" class=\"hupso-share-buttons\"><!-- Hupso Share Buttons - https:\/\/www.hupso.com\/share\/ --><a class=\"hupso_toolbar\" href=\"https:\/\/www.hupso.com\/share\/\"><img decoding=\"async\" src=\"https:\/\/static.hupso.com\/share\/buttons\/lang\/fr\/share-medium.png\" style=\"border:0px; padding-top: 5px; float:left;\" alt=\"Share Button\"\/><\/a><script type=\"text\/javascript\">var hupso_services_t=new Array(\"Twitter\",\"Facebook\",\"Google Plus\",\"Pinterest\",\"Linkedin\",\"Tumblr\");var hupso_background_t=\"#EAF4FF\";var hupso_border_t=\"#66CCFF\";var hupso_toolbar_size_t=\"medium\";var hupso_image_folder_url = \"\";var hupso_url_t=\"\";var hupso_title_t=\"La%20Philo%20pour%20Tous\";<\/script><script type=\"text\/javascript\" src=\"https:\/\/static.hupso.com\/share\/js\/share_toolbar.js\"><\/script><!-- Hupso Share Buttons --><\/div>","protected":false},"excerpt":{"rendered":"<p>Lors d&rsquo;une exp\u00e9rimentation de plus de 10 ans, les enfants de quatre groupes scolaires brestois ont b\u00e9n\u00e9fici\u00e9 d&rsquo;une formation en philosophie de la grande section \u00e0 la sixi\u00e8me. Un coll\u00e8ge s&rsquo;est ensuite associ\u00e9 pour que l&rsquo;aventure philosophique se prolonge jusqu&rsquo;au lyc\u00e9e. Ce livre de conversation philosophique, \u00e0 partager en famille, en groupe ou en classe, est n\u00e9 de cette exp\u00e9rience.<\/p>\n<p>Ouvrage r\u00e9alis\u00e9 avec les soutiens de la ville de Brest, de Grandir \u00e0 Brest, des m\u00e9diath\u00e8ques de Brest, et du Patronage la\u00efque du Pilier Rouge<br \/>\nAteliers de philosophie.<\/p>\n<p>120 pages &#8211; 10 th\u00e8mes<\/p>\n<h2><a href=\"https:\/\/bibliotheque.brest-metropole.fr\/iguana\/www.main.cls?surl=search&amp;p=06473cb2-0843-11e5-b406-50568d242300#recordId=1.667367\" target=\"_blank\" rel=\"noopener\">DISPONIBLE DANS LES M\u00c9DIATH\u00c8QUES \u279c<br \/>\n<\/a><\/h2>\n","protected":false},"featured_media":9610,"comment_status":"open","ping_status":"closed","template":"","meta":{"_exactmetrics_skip_tracking":false,"_exactmetrics_sitenote_active":false,"_exactmetrics_sitenote_note":"","_exactmetrics_sitenote_category":0},"product_brand":[],"product_cat":[7],"product_tag":[],"class_list":{"0":"post-9645","1":"product","2":"type-product","3":"status-publish","4":"has-post-thumbnail","6":"product_cat-histoires","8":"first","9":"outofstock","10":"virtual","11":"purchasable","12":"product-type-simple"},"yoast_head":"<!-- This site is optimized with the Yoast SEO plugin v27.3 - https:\/\/yoast.com\/product\/yoast-seo-wordpress\/ -->\n<title>La Philo pour Tous - MAISON DU RHU<\/title>\n<meta name=\"robots\" content=\"index, follow, max-snippet:-1, max-image-preview:large, max-video-preview:-1\" \/>\n<link rel=\"canonical\" href=\"https:\/\/www.abirato.com\/abiratoshop\/produit\/la-philo-pour-tous\/\" \/>\n<meta property=\"og:locale\" content=\"fr_FR\" \/>\n<meta property=\"og:type\" content=\"article\" \/>\n<meta property=\"og:title\" content=\"La Philo pour Tous - MAISON DU RHU\" \/>\n<meta property=\"og:description\" content=\"Lors d&#039;une exp\u00e9rimentation de plus de 10 ans, les enfants de quatre groupes scolaires brestois ont b\u00e9n\u00e9fici\u00e9 d&#039;une formation en philosophie de la grande section \u00e0 la sixi\u00e8me. Un coll\u00e8ge s&#039;est ensuite associ\u00e9 pour que l&#039;aventure philosophique se prolonge jusqu&#039;au lyc\u00e9e. Ce livre de conversation philosophique, \u00e0 partager en famille, en groupe ou en classe, est n\u00e9 de cette exp\u00e9rience.  Ouvrage r\u00e9alis\u00e9 avec les soutiens de la ville de Brest, de Grandir \u00e0 Brest, des m\u00e9diath\u00e8ques de Brest, et du Patronage la\u00efque du Pilier Rouge Ateliers de philosophie.   120 pages - 10 th\u00e8mes  DISPONIBLE DANS LES M\u00c9DIATH\u00c8QUES \u279c\" \/>\n<meta property=\"og:url\" content=\"https:\/\/www.abirato.com\/abiratoshop\/produit\/la-philo-pour-tous\/\" \/>\n<meta property=\"og:site_name\" content=\"MAISON DU RHU\" \/>\n<meta property=\"article:modified_time\" content=\"2025-12-02T06:51:36+00:00\" \/>\n<meta property=\"og:image\" content=\"https:\/\/www.abirato.com\/abiratoshop\/wp-content\/uploads\/2025\/06\/CouvPhiloPourTous-723x1024.png\" \/>\n\t<meta property=\"og:image:width\" content=\"723\" \/>\n\t<meta property=\"og:image:height\" content=\"1024\" \/>\n\t<meta property=\"og:image:type\" content=\"image\/png\" \/>\n<meta name=\"twitter:card\" content=\"summary_large_image\" \/>\n<meta name=\"twitter:label1\" content=\"Dur\u00e9e de lecture estim\u00e9e\" \/>\n\t<meta name=\"twitter:data1\" content=\"1 minute\" \/>\n<script type=\"application\/ld+json\" class=\"yoast-schema-graph\">{\"@context\":\"https:\\\/\\\/schema.org\",\"@graph\":[{\"@type\":\"WebPage\",\"@id\":\"https:\\\/\\\/www.abirato.com\\\/abiratoshop\\\/produit\\\/la-philo-pour-tous\\\/\",\"url\":\"https:\\\/\\\/www.abirato.com\\\/abiratoshop\\\/produit\\\/la-philo-pour-tous\\\/\",\"name\":\"La Philo pour Tous - MAISON DU RHU\",\"isPartOf\":{\"@id\":\"https:\\\/\\\/www.abirato.com\\\/abiratoshop\\\/#website\"},\"primaryImageOfPage\":{\"@id\":\"https:\\\/\\\/www.abirato.com\\\/abiratoshop\\\/produit\\\/la-philo-pour-tous\\\/#primaryimage\"},\"image\":{\"@id\":\"https:\\\/\\\/www.abirato.com\\\/abiratoshop\\\/produit\\\/la-philo-pour-tous\\\/#primaryimage\"},\"thumbnailUrl\":\"https:\\\/\\\/www.abirato.com\\\/abiratoshop\\\/wp-content\\\/uploads\\\/2025\\\/06\\\/CouvPhiloPourTous.png\",\"datePublished\":\"2025-12-02T06:47:08+00:00\",\"dateModified\":\"2025-12-02T06:51:36+00:00\",\"breadcrumb\":{\"@id\":\"https:\\\/\\\/www.abirato.com\\\/abiratoshop\\\/produit\\\/la-philo-pour-tous\\\/#breadcrumb\"},\"inLanguage\":\"fr-FR\",\"potentialAction\":[{\"@type\":\"ReadAction\",\"target\":[\"https:\\\/\\\/www.abirato.com\\\/abiratoshop\\\/produit\\\/la-philo-pour-tous\\\/\"]}]},{\"@type\":\"ImageObject\",\"inLanguage\":\"fr-FR\",\"@id\":\"https:\\\/\\\/www.abirato.com\\\/abiratoshop\\\/produit\\\/la-philo-pour-tous\\\/#primaryimage\",\"url\":\"https:\\\/\\\/www.abirato.com\\\/abiratoshop\\\/wp-content\\\/uploads\\\/2025\\\/06\\\/CouvPhiloPourTous.png\",\"contentUrl\":\"https:\\\/\\\/www.abirato.com\\\/abiratoshop\\\/wp-content\\\/uploads\\\/2025\\\/06\\\/CouvPhiloPourTous.png\",\"width\":1112,\"height\":1574},{\"@type\":\"BreadcrumbList\",\"@id\":\"https:\\\/\\\/www.abirato.com\\\/abiratoshop\\\/produit\\\/la-philo-pour-tous\\\/#breadcrumb\",\"itemListElement\":[{\"@type\":\"ListItem\",\"position\":1,\"name\":\"Accueil\",\"item\":\"https:\\\/\\\/www.abirato.com\\\/abiratoshop\\\/\"},{\"@type\":\"ListItem\",\"position\":2,\"name\":\"CATALOGUE COMPLET\",\"item\":\"https:\\\/\\\/www.abirato.com\\\/abiratoshop\\\/boutique\\\/\"},{\"@type\":\"ListItem\",\"position\":3,\"name\":\"La Philo pour Tous\"}]},{\"@type\":\"WebSite\",\"@id\":\"https:\\\/\\\/www.abirato.com\\\/abiratoshop\\\/#website\",\"url\":\"https:\\\/\\\/www.abirato.com\\\/abiratoshop\\\/\",\"name\":\"MAISON DU RHU\",\"description\":\"sautez la barri\u00e8re\",\"publisher\":{\"@id\":\"https:\\\/\\\/www.abirato.com\\\/abiratoshop\\\/#organization\"},\"potentialAction\":[{\"@type\":\"SearchAction\",\"target\":{\"@type\":\"EntryPoint\",\"urlTemplate\":\"https:\\\/\\\/www.abirato.com\\\/abiratoshop\\\/?s={search_term_string}\"},\"query-input\":{\"@type\":\"PropertyValueSpecification\",\"valueRequired\":true,\"valueName\":\"search_term_string\"}}],\"inLanguage\":\"fr-FR\"},{\"@type\":\"Organization\",\"@id\":\"https:\\\/\\\/www.abirato.com\\\/abiratoshop\\\/#organization\",\"name\":\"MAISON DU RHU\",\"url\":\"https:\\\/\\\/www.abirato.com\\\/abiratoshop\\\/\",\"logo\":{\"@type\":\"ImageObject\",\"inLanguage\":\"fr-FR\",\"@id\":\"https:\\\/\\\/www.abirato.com\\\/abiratoshop\\\/#\\\/schema\\\/logo\\\/image\\\/\",\"url\":\"https:\\\/\\\/www.abirato.com\\\/abiratoshop\\\/wp-content\\\/uploads\\\/2022\\\/01\\\/cropped-cropped-Logorhu17bis-1BLC.png\",\"contentUrl\":\"https:\\\/\\\/www.abirato.com\\\/abiratoshop\\\/wp-content\\\/uploads\\\/2022\\\/01\\\/cropped-cropped-Logorhu17bis-1BLC.png\",\"width\":114,\"height\":150,\"caption\":\"MAISON DU RHU\"},\"image\":{\"@id\":\"https:\\\/\\\/www.abirato.com\\\/abiratoshop\\\/#\\\/schema\\\/logo\\\/image\\\/\"}}]}<\/script>\n<!-- \/ Yoast SEO plugin. -->","yoast_head_json":{"title":"La Philo pour Tous - MAISON DU RHU","robots":{"index":"index","follow":"follow","max-snippet":"max-snippet:-1","max-image-preview":"max-image-preview:large","max-video-preview":"max-video-preview:-1"},"canonical":"https:\/\/www.abirato.com\/abiratoshop\/produit\/la-philo-pour-tous\/","og_locale":"fr_FR","og_type":"article","og_title":"La Philo pour Tous - MAISON DU RHU","og_description":"Lors d'une exp\u00e9rimentation de plus de 10 ans, les enfants de quatre groupes scolaires brestois ont b\u00e9n\u00e9fici\u00e9 d'une formation en philosophie de la grande section \u00e0 la sixi\u00e8me. Un coll\u00e8ge s'est ensuite associ\u00e9 pour que l'aventure philosophique se prolonge jusqu'au lyc\u00e9e. Ce livre de conversation philosophique, \u00e0 partager en famille, en groupe ou en classe, est n\u00e9 de cette exp\u00e9rience.  Ouvrage r\u00e9alis\u00e9 avec les soutiens de la ville de Brest, de Grandir \u00e0 Brest, des m\u00e9diath\u00e8ques de Brest, et du Patronage la\u00efque du Pilier Rouge Ateliers de philosophie.   120 pages - 10 th\u00e8mes  DISPONIBLE DANS LES M\u00c9DIATH\u00c8QUES \u279c","og_url":"https:\/\/www.abirato.com\/abiratoshop\/produit\/la-philo-pour-tous\/","og_site_name":"MAISON DU RHU","article_modified_time":"2025-12-02T06:51:36+00:00","og_image":[{"width":723,"height":1024,"url":"https:\/\/www.abirato.com\/abiratoshop\/wp-content\/uploads\/2025\/06\/CouvPhiloPourTous-723x1024.png","type":"image\/png"}],"twitter_card":"summary_large_image","twitter_misc":{"Dur\u00e9e de lecture estim\u00e9e":"1 minute"},"schema":{"@context":"https:\/\/schema.org","@graph":[{"@type":"WebPage","@id":"https:\/\/www.abirato.com\/abiratoshop\/produit\/la-philo-pour-tous\/","url":"https:\/\/www.abirato.com\/abiratoshop\/produit\/la-philo-pour-tous\/","name":"La Philo pour Tous - MAISON DU RHU","isPartOf":{"@id":"https:\/\/www.abirato.com\/abiratoshop\/#website"},"primaryImageOfPage":{"@id":"https:\/\/www.abirato.com\/abiratoshop\/produit\/la-philo-pour-tous\/#primaryimage"},"image":{"@id":"https:\/\/www.abirato.com\/abiratoshop\/produit\/la-philo-pour-tous\/#primaryimage"},"thumbnailUrl":"https:\/\/www.abirato.com\/abiratoshop\/wp-content\/uploads\/2025\/06\/CouvPhiloPourTous.png","datePublished":"2025-12-02T06:47:08+00:00","dateModified":"2025-12-02T06:51:36+00:00","breadcrumb":{"@id":"https:\/\/www.abirato.com\/abiratoshop\/produit\/la-philo-pour-tous\/#breadcrumb"},"inLanguage":"fr-FR","potentialAction":[{"@type":"ReadAction","target":["https:\/\/www.abirato.com\/abiratoshop\/produit\/la-philo-pour-tous\/"]}]},{"@type":"ImageObject","inLanguage":"fr-FR","@id":"https:\/\/www.abirato.com\/abiratoshop\/produit\/la-philo-pour-tous\/#primaryimage","url":"https:\/\/www.abirato.com\/abiratoshop\/wp-content\/uploads\/2025\/06\/CouvPhiloPourTous.png","contentUrl":"https:\/\/www.abirato.com\/abiratoshop\/wp-content\/uploads\/2025\/06\/CouvPhiloPourTous.png","width":1112,"height":1574},{"@type":"BreadcrumbList","@id":"https:\/\/www.abirato.com\/abiratoshop\/produit\/la-philo-pour-tous\/#breadcrumb","itemListElement":[{"@type":"ListItem","position":1,"name":"Accueil","item":"https:\/\/www.abirato.com\/abiratoshop\/"},{"@type":"ListItem","position":2,"name":"CATALOGUE COMPLET","item":"https:\/\/www.abirato.com\/abiratoshop\/boutique\/"},{"@type":"ListItem","position":3,"name":"La Philo pour Tous"}]},{"@type":"WebSite","@id":"https:\/\/www.abirato.com\/abiratoshop\/#website","url":"https:\/\/www.abirato.com\/abiratoshop\/","name":"MAISON DU RHU","description":"sautez la barri\u00e8re","publisher":{"@id":"https:\/\/www.abirato.com\/abiratoshop\/#organization"},"potentialAction":[{"@type":"SearchAction","target":{"@type":"EntryPoint","urlTemplate":"https:\/\/www.abirato.com\/abiratoshop\/?s={search_term_string}"},"query-input":{"@type":"PropertyValueSpecification","valueRequired":true,"valueName":"search_term_string"}}],"inLanguage":"fr-FR"},{"@type":"Organization","@id":"https:\/\/www.abirato.com\/abiratoshop\/#organization","name":"MAISON DU RHU","url":"https:\/\/www.abirato.com\/abiratoshop\/","logo":{"@type":"ImageObject","inLanguage":"fr-FR","@id":"https:\/\/www.abirato.com\/abiratoshop\/#\/schema\/logo\/image\/","url":"https:\/\/www.abirato.com\/abiratoshop\/wp-content\/uploads\/2022\/01\/cropped-cropped-Logorhu17bis-1BLC.png","contentUrl":"https:\/\/www.abirato.com\/abiratoshop\/wp-content\/uploads\/2022\/01\/cropped-cropped-Logorhu17bis-1BLC.png","width":114,"height":150,"caption":"MAISON DU RHU"},"image":{"@id":"https:\/\/www.abirato.com\/abiratoshop\/#\/schema\/logo\/image\/"}}]}},"_links":{"self":[{"href":"https:\/\/www.abirato.com\/abiratoshop\/wp-json\/wp\/v2\/product\/9645","targetHints":{"allow":["GET"]}}],"collection":[{"href":"https:\/\/www.abirato.com\/abiratoshop\/wp-json\/wp\/v2\/product"}],"about":[{"href":"https:\/\/www.abirato.com\/abiratoshop\/wp-json\/wp\/v2\/types\/product"}],"replies":[{"embeddable":true,"href":"https:\/\/www.abirato.com\/abiratoshop\/wp-json\/wp\/v2\/comments?post=9645"}],"wp:featuredmedia":[{"embeddable":true,"href":"https:\/\/www.abirato.com\/abiratoshop\/wp-json\/wp\/v2\/media\/9610"}],"wp:attachment":[{"href":"https:\/\/www.abirato.com\/abiratoshop\/wp-json\/wp\/v2\/media?parent=9645"}],"wp:term":[{"taxonomy":"product_brand","embeddable":true,"href":"https:\/\/www.abirato.com\/abiratoshop\/wp-json\/wp\/v2\/product_brand?post=9645"},{"taxonomy":"product_cat","embeddable":true,"href":"https:\/\/www.abirato.com\/abiratoshop\/wp-json\/wp\/v2\/product_cat?post=9645"},{"taxonomy":"product_tag","embeddable":true,"href":"https:\/\/www.abirato.com\/abiratoshop\/wp-json\/wp\/v2\/product_tag?post=9645"}],"curies":[{"name":"wp","href":"https:\/\/api.w.org\/{rel}","templated":true}]}}