{"id":7913,"date":"2020-10-07T10:55:56","date_gmt":"2020-10-07T09:55:56","guid":{"rendered":"https:\/\/www.abirato.com\/abiratoshop\/?post_type=product&#038;p=7913"},"modified":"2025-12-09T16:31:11","modified_gmt":"2025-12-09T15:31:11","slug":"la-chasse-aux-viltansous","status":"publish","type":"product","link":"https:\/\/www.abirato.com\/abiratoshop\/produit\/la-chasse-aux-viltansous\/","title":{"rendered":"La Chasse aux Viltansous!"},"content":{"rendered":"<div style=\"padding-bottom:20px; padding-top:10px;\" class=\"hupso-share-buttons\"><!-- Hupso Share Buttons - https:\/\/www.hupso.com\/share\/ --><a class=\"hupso_toolbar\" href=\"https:\/\/www.hupso.com\/share\/\"><img decoding=\"async\" src=\"https:\/\/static.hupso.com\/share\/buttons\/lang\/fr\/share-medium.png\" style=\"border:0px; padding-top: 5px; float:left;\" alt=\"Share Button\"\/><\/a><script type=\"text\/javascript\">var hupso_services_t=new Array(\"Twitter\",\"Facebook\",\"Google Plus\",\"Pinterest\",\"Linkedin\",\"Tumblr\");var hupso_background_t=\"#EAF4FF\";var hupso_border_t=\"#66CCFF\";var hupso_toolbar_size_t=\"medium\";var hupso_image_folder_url = \"\";var hupso_url_t=\"\";var hupso_title_t=\"La%20Chasse%20aux%20Viltansous%21\";<\/script><script type=\"text\/javascript\" src=\"https:\/\/static.hupso.com\/share\/js\/share_toolbar.js\"><\/script><!-- Hupso Share Buttons --><\/div>","protected":false},"excerpt":{"rendered":"<p>Suivez les nouvelles aventures de ces petits \u00eatres jaunes!<br \/>\nGrand-m\u00e8re n&rsquo;en peut plus.<br \/>\nCette fois il faut s\u2019en d\u00e9barrasser.<br \/>\nLes faire d\u00e9guerpir d\u2019ici.<br \/>\nY en a marre de leurs \u00e2neries!<br \/>\nMais comment?<br \/>\nComment?<\/p>\n<hr\/>\n<p>Int\u00e9gralement dessin\u00e9 \u00e0 la main, \u00e0 l&rsquo;aquarelle, crayons et feutre sepia sur papier 200g.<br \/>\nAucun Viltansou n&rsquo;a \u00e9t\u00e9 finalement maltrait\u00e9 durant la cr\u00e9ation.<\/p>\n<table>\n<tr>\n<td><small><img decoding=\"async\" class=\"alignnone size-full wp-image-148\" src=\"http:\/\/abirato.com\/abiratoshop\/wp-content\/uploads\/2015\/01\/picto_livre.png\" alt=\"picto_livre\" width=\"25\" height=\"25\" \/><br \/>\n52 pages ; 21 x 21 cm ; cousu<br \/>\nlivre con\u00e7u, \u00e9dit\u00e9 en France, imprim\u00e9 en Italie<br \/>\npapier issu de for\u00eat g\u00e9r\u00e9e certification FSC\u00ae<br \/>\n<strong>ISBN<\/strong> 978-2-9551177-4-3<br \/>\n<strong>EAN<\/strong> 9782955117743<br \/>\nsortie officielle Novembre 2020<\/small><\/td>\n<td align=\"center\"><\/td>\n<\/tr>\n<\/table>\n<hr \/>\n<p><a href=\"https:\/\/www.keit-vimp-bev.com\/produit\/dao-dar-viltansou\/\" target=\"_blank\">AUSSI DISPONIBLE EN BRETON PAR ICI !<\/a><\/p>\n","protected":false},"featured_media":7895,"comment_status":"open","ping_status":"closed","template":"","meta":{"_exactmetrics_skip_tracking":false,"_exactmetrics_sitenote_active":false,"_exactmetrics_sitenote_note":"","_exactmetrics_sitenote_category":0},"product_brand":[],"product_cat":[7],"product_tag":[],"class_list":{"0":"post-7913","1":"product","2":"type-product","3":"status-publish","4":"has-post-thumbnail","6":"product_cat-histoires","8":"first","9":"instock","10":"shipping-taxable","11":"purchasable","12":"product-type-simple"},"yoast_head":"<!-- This site is optimized with the Yoast SEO plugin v27.3 - https:\/\/yoast.com\/product\/yoast-seo-wordpress\/ -->\n<title>La Chasse aux Viltansous! - MAISON DU RHU<\/title>\n<meta name=\"robots\" content=\"index, follow, max-snippet:-1, max-image-preview:large, max-video-preview:-1\" \/>\n<link rel=\"canonical\" href=\"https:\/\/www.abirato.com\/abiratoshop\/produit\/la-chasse-aux-viltansous\/\" \/>\n<meta property=\"og:locale\" content=\"fr_FR\" \/>\n<meta property=\"og:type\" content=\"article\" \/>\n<meta property=\"og:title\" content=\"La Chasse aux Viltansous! - MAISON DU RHU\" \/>\n<meta property=\"og:description\" content=\"Suivez les nouvelles aventures de ces petits \u00eatres jaunes! Grand-m\u00e8re n&#039;en peut plus. Cette fois il faut s\u2019en d\u00e9barrasser.  Les faire d\u00e9guerpir d\u2019ici.  Y en a marre de leurs \u00e2neries!  Mais comment?  Comment?   Int\u00e9gralement dessin\u00e9 \u00e0 la main, \u00e0 l&#039;aquarelle, crayons et feutre sepia sur papier 200g. Aucun Viltansou n&#039;a \u00e9t\u00e9 finalement maltrait\u00e9 durant la cr\u00e9ation.     52 pages ; 21 x 21 cm ; cousu livre con\u00e7u, \u00e9dit\u00e9 en France, imprim\u00e9 en Italie papier issu de for\u00eat g\u00e9r\u00e9e certification FSC\u00ae ISBN 978-2-9551177-4-3 EAN 9782955117743 sortie officielle Novembre 2020  AUSSI DISPONIBLE EN BRETON PAR ICI !\" \/>\n<meta property=\"og:url\" content=\"https:\/\/www.abirato.com\/abiratoshop\/produit\/la-chasse-aux-viltansous\/\" \/>\n<meta property=\"og:site_name\" content=\"MAISON DU RHU\" \/>\n<meta property=\"article:modified_time\" content=\"2025-12-09T15:31:11+00:00\" \/>\n<meta property=\"og:image\" content=\"https:\/\/www.abirato.com\/abiratoshop\/wp-content\/uploads\/2020\/10\/ChasseViltansous.png\" \/>\n\t<meta property=\"og:image:width\" content=\"455\" \/>\n\t<meta property=\"og:image:height\" content=\"400\" \/>\n\t<meta property=\"og:image:type\" content=\"image\/png\" \/>\n<meta name=\"twitter:card\" content=\"summary_large_image\" \/>\n<meta name=\"twitter:label1\" content=\"Dur\u00e9e de lecture estim\u00e9e\" \/>\n\t<meta name=\"twitter:data1\" content=\"1 minute\" \/>\n<script type=\"application\/ld+json\" class=\"yoast-schema-graph\">{\"@context\":\"https:\\\/\\\/schema.org\",\"@graph\":[{\"@type\":\"WebPage\",\"@id\":\"https:\\\/\\\/www.abirato.com\\\/abiratoshop\\\/produit\\\/la-chasse-aux-viltansous\\\/\",\"url\":\"https:\\\/\\\/www.abirato.com\\\/abiratoshop\\\/produit\\\/la-chasse-aux-viltansous\\\/\",\"name\":\"La Chasse aux Viltansous! - MAISON DU RHU\",\"isPartOf\":{\"@id\":\"https:\\\/\\\/www.abirato.com\\\/abiratoshop\\\/#website\"},\"primaryImageOfPage\":{\"@id\":\"https:\\\/\\\/www.abirato.com\\\/abiratoshop\\\/produit\\\/la-chasse-aux-viltansous\\\/#primaryimage\"},\"image\":{\"@id\":\"https:\\\/\\\/www.abirato.com\\\/abiratoshop\\\/produit\\\/la-chasse-aux-viltansous\\\/#primaryimage\"},\"thumbnailUrl\":\"https:\\\/\\\/www.abirato.com\\\/abiratoshop\\\/wp-content\\\/uploads\\\/2020\\\/10\\\/ChasseViltansous.png\",\"datePublished\":\"2020-10-07T09:55:56+00:00\",\"dateModified\":\"2025-12-09T15:31:11+00:00\",\"breadcrumb\":{\"@id\":\"https:\\\/\\\/www.abirato.com\\\/abiratoshop\\\/produit\\\/la-chasse-aux-viltansous\\\/#breadcrumb\"},\"inLanguage\":\"fr-FR\",\"potentialAction\":[{\"@type\":\"ReadAction\",\"target\":[\"https:\\\/\\\/www.abirato.com\\\/abiratoshop\\\/produit\\\/la-chasse-aux-viltansous\\\/\"]}]},{\"@type\":\"ImageObject\",\"inLanguage\":\"fr-FR\",\"@id\":\"https:\\\/\\\/www.abirato.com\\\/abiratoshop\\\/produit\\\/la-chasse-aux-viltansous\\\/#primaryimage\",\"url\":\"https:\\\/\\\/www.abirato.com\\\/abiratoshop\\\/wp-content\\\/uploads\\\/2020\\\/10\\\/ChasseViltansous.png\",\"contentUrl\":\"https:\\\/\\\/www.abirato.com\\\/abiratoshop\\\/wp-content\\\/uploads\\\/2020\\\/10\\\/ChasseViltansous.png\",\"width\":455,\"height\":400},{\"@type\":\"BreadcrumbList\",\"@id\":\"https:\\\/\\\/www.abirato.com\\\/abiratoshop\\\/produit\\\/la-chasse-aux-viltansous\\\/#breadcrumb\",\"itemListElement\":[{\"@type\":\"ListItem\",\"position\":1,\"name\":\"Accueil\",\"item\":\"https:\\\/\\\/www.abirato.com\\\/abiratoshop\\\/\"},{\"@type\":\"ListItem\",\"position\":2,\"name\":\"CATALOGUE COMPLET\",\"item\":\"https:\\\/\\\/www.abirato.com\\\/abiratoshop\\\/boutique\\\/\"},{\"@type\":\"ListItem\",\"position\":3,\"name\":\"La Chasse aux Viltansous!\"}]},{\"@type\":\"WebSite\",\"@id\":\"https:\\\/\\\/www.abirato.com\\\/abiratoshop\\\/#website\",\"url\":\"https:\\\/\\\/www.abirato.com\\\/abiratoshop\\\/\",\"name\":\"MAISON DU RHU\",\"description\":\"sautez la barri\u00e8re\",\"publisher\":{\"@id\":\"https:\\\/\\\/www.abirato.com\\\/abiratoshop\\\/#organization\"},\"potentialAction\":[{\"@type\":\"SearchAction\",\"target\":{\"@type\":\"EntryPoint\",\"urlTemplate\":\"https:\\\/\\\/www.abirato.com\\\/abiratoshop\\\/?s={search_term_string}\"},\"query-input\":{\"@type\":\"PropertyValueSpecification\",\"valueRequired\":true,\"valueName\":\"search_term_string\"}}],\"inLanguage\":\"fr-FR\"},{\"@type\":\"Organization\",\"@id\":\"https:\\\/\\\/www.abirato.com\\\/abiratoshop\\\/#organization\",\"name\":\"MAISON DU RHU\",\"url\":\"https:\\\/\\\/www.abirato.com\\\/abiratoshop\\\/\",\"logo\":{\"@type\":\"ImageObject\",\"inLanguage\":\"fr-FR\",\"@id\":\"https:\\\/\\\/www.abirato.com\\\/abiratoshop\\\/#\\\/schema\\\/logo\\\/image\\\/\",\"url\":\"https:\\\/\\\/www.abirato.com\\\/abiratoshop\\\/wp-content\\\/uploads\\\/2022\\\/01\\\/cropped-cropped-Logorhu17bis-1BLC.png\",\"contentUrl\":\"https:\\\/\\\/www.abirato.com\\\/abiratoshop\\\/wp-content\\\/uploads\\\/2022\\\/01\\\/cropped-cropped-Logorhu17bis-1BLC.png\",\"width\":114,\"height\":150,\"caption\":\"MAISON DU RHU\"},\"image\":{\"@id\":\"https:\\\/\\\/www.abirato.com\\\/abiratoshop\\\/#\\\/schema\\\/logo\\\/image\\\/\"}}]}<\/script>\n<!-- \/ Yoast SEO plugin. -->","yoast_head_json":{"title":"La Chasse aux Viltansous! - MAISON DU RHU","robots":{"index":"index","follow":"follow","max-snippet":"max-snippet:-1","max-image-preview":"max-image-preview:large","max-video-preview":"max-video-preview:-1"},"canonical":"https:\/\/www.abirato.com\/abiratoshop\/produit\/la-chasse-aux-viltansous\/","og_locale":"fr_FR","og_type":"article","og_title":"La Chasse aux Viltansous! - MAISON DU RHU","og_description":"Suivez les nouvelles aventures de ces petits \u00eatres jaunes! Grand-m\u00e8re n'en peut plus. Cette fois il faut s\u2019en d\u00e9barrasser.  Les faire d\u00e9guerpir d\u2019ici.  Y en a marre de leurs \u00e2neries!  Mais comment?  Comment?   Int\u00e9gralement dessin\u00e9 \u00e0 la main, \u00e0 l'aquarelle, crayons et feutre sepia sur papier 200g. Aucun Viltansou n'a \u00e9t\u00e9 finalement maltrait\u00e9 durant la cr\u00e9ation.     52 pages ; 21 x 21 cm ; cousu livre con\u00e7u, \u00e9dit\u00e9 en France, imprim\u00e9 en Italie papier issu de for\u00eat g\u00e9r\u00e9e certification FSC\u00ae ISBN 978-2-9551177-4-3 EAN 9782955117743 sortie officielle Novembre 2020  AUSSI DISPONIBLE EN BRETON PAR ICI !","og_url":"https:\/\/www.abirato.com\/abiratoshop\/produit\/la-chasse-aux-viltansous\/","og_site_name":"MAISON DU RHU","article_modified_time":"2025-12-09T15:31:11+00:00","og_image":[{"width":455,"height":400,"url":"https:\/\/www.abirato.com\/abiratoshop\/wp-content\/uploads\/2020\/10\/ChasseViltansous.png","type":"image\/png"}],"twitter_card":"summary_large_image","twitter_misc":{"Dur\u00e9e de lecture estim\u00e9e":"1 minute"},"schema":{"@context":"https:\/\/schema.org","@graph":[{"@type":"WebPage","@id":"https:\/\/www.abirato.com\/abiratoshop\/produit\/la-chasse-aux-viltansous\/","url":"https:\/\/www.abirato.com\/abiratoshop\/produit\/la-chasse-aux-viltansous\/","name":"La Chasse aux Viltansous! - MAISON DU RHU","isPartOf":{"@id":"https:\/\/www.abirato.com\/abiratoshop\/#website"},"primaryImageOfPage":{"@id":"https:\/\/www.abirato.com\/abiratoshop\/produit\/la-chasse-aux-viltansous\/#primaryimage"},"image":{"@id":"https:\/\/www.abirato.com\/abiratoshop\/produit\/la-chasse-aux-viltansous\/#primaryimage"},"thumbnailUrl":"https:\/\/www.abirato.com\/abiratoshop\/wp-content\/uploads\/2020\/10\/ChasseViltansous.png","datePublished":"2020-10-07T09:55:56+00:00","dateModified":"2025-12-09T15:31:11+00:00","breadcrumb":{"@id":"https:\/\/www.abirato.com\/abiratoshop\/produit\/la-chasse-aux-viltansous\/#breadcrumb"},"inLanguage":"fr-FR","potentialAction":[{"@type":"ReadAction","target":["https:\/\/www.abirato.com\/abiratoshop\/produit\/la-chasse-aux-viltansous\/"]}]},{"@type":"ImageObject","inLanguage":"fr-FR","@id":"https:\/\/www.abirato.com\/abiratoshop\/produit\/la-chasse-aux-viltansous\/#primaryimage","url":"https:\/\/www.abirato.com\/abiratoshop\/wp-content\/uploads\/2020\/10\/ChasseViltansous.png","contentUrl":"https:\/\/www.abirato.com\/abiratoshop\/wp-content\/uploads\/2020\/10\/ChasseViltansous.png","width":455,"height":400},{"@type":"BreadcrumbList","@id":"https:\/\/www.abirato.com\/abiratoshop\/produit\/la-chasse-aux-viltansous\/#breadcrumb","itemListElement":[{"@type":"ListItem","position":1,"name":"Accueil","item":"https:\/\/www.abirato.com\/abiratoshop\/"},{"@type":"ListItem","position":2,"name":"CATALOGUE COMPLET","item":"https:\/\/www.abirato.com\/abiratoshop\/boutique\/"},{"@type":"ListItem","position":3,"name":"La Chasse aux Viltansous!"}]},{"@type":"WebSite","@id":"https:\/\/www.abirato.com\/abiratoshop\/#website","url":"https:\/\/www.abirato.com\/abiratoshop\/","name":"MAISON DU RHU","description":"sautez la barri\u00e8re","publisher":{"@id":"https:\/\/www.abirato.com\/abiratoshop\/#organization"},"potentialAction":[{"@type":"SearchAction","target":{"@type":"EntryPoint","urlTemplate":"https:\/\/www.abirato.com\/abiratoshop\/?s={search_term_string}"},"query-input":{"@type":"PropertyValueSpecification","valueRequired":true,"valueName":"search_term_string"}}],"inLanguage":"fr-FR"},{"@type":"Organization","@id":"https:\/\/www.abirato.com\/abiratoshop\/#organization","name":"MAISON DU RHU","url":"https:\/\/www.abirato.com\/abiratoshop\/","logo":{"@type":"ImageObject","inLanguage":"fr-FR","@id":"https:\/\/www.abirato.com\/abiratoshop\/#\/schema\/logo\/image\/","url":"https:\/\/www.abirato.com\/abiratoshop\/wp-content\/uploads\/2022\/01\/cropped-cropped-Logorhu17bis-1BLC.png","contentUrl":"https:\/\/www.abirato.com\/abiratoshop\/wp-content\/uploads\/2022\/01\/cropped-cropped-Logorhu17bis-1BLC.png","width":114,"height":150,"caption":"MAISON DU RHU"},"image":{"@id":"https:\/\/www.abirato.com\/abiratoshop\/#\/schema\/logo\/image\/"}}]}},"_links":{"self":[{"href":"https:\/\/www.abirato.com\/abiratoshop\/wp-json\/wp\/v2\/product\/7913","targetHints":{"allow":["GET"]}}],"collection":[{"href":"https:\/\/www.abirato.com\/abiratoshop\/wp-json\/wp\/v2\/product"}],"about":[{"href":"https:\/\/www.abirato.com\/abiratoshop\/wp-json\/wp\/v2\/types\/product"}],"replies":[{"embeddable":true,"href":"https:\/\/www.abirato.com\/abiratoshop\/wp-json\/wp\/v2\/comments?post=7913"}],"wp:featuredmedia":[{"embeddable":true,"href":"https:\/\/www.abirato.com\/abiratoshop\/wp-json\/wp\/v2\/media\/7895"}],"wp:attachment":[{"href":"https:\/\/www.abirato.com\/abiratoshop\/wp-json\/wp\/v2\/media?parent=7913"}],"wp:term":[{"taxonomy":"product_brand","embeddable":true,"href":"https:\/\/www.abirato.com\/abiratoshop\/wp-json\/wp\/v2\/product_brand?post=7913"},{"taxonomy":"product_cat","embeddable":true,"href":"https:\/\/www.abirato.com\/abiratoshop\/wp-json\/wp\/v2\/product_cat?post=7913"},{"taxonomy":"product_tag","embeddable":true,"href":"https:\/\/www.abirato.com\/abiratoshop\/wp-json\/wp\/v2\/product_tag?post=7913"}],"curies":[{"name":"wp","href":"https:\/\/api.w.org\/{rel}","templated":true}]}}