{"id":746,"date":"2016-12-04T11:12:04","date_gmt":"2016-12-04T10:12:04","guid":{"rendered":"http:\/\/www.abirato.com\/abiratoshop\/?post_type=product&#038;p=746"},"modified":"2020-10-07T14:27:12","modified_gmt":"2020-10-07T13:27:12","slug":"au-pirate-delicat-et-autres-babioles","status":"publish","type":"product","link":"https:\/\/www.abirato.com\/abiratoshop\/produit\/au-pirate-delicat-et-autres-babioles\/","title":{"rendered":"AU PIRATE D\u00c9LICAT"},"content":{"rendered":"<div style=\"padding-bottom:20px; padding-top:10px;\" class=\"hupso-share-buttons\"><!-- Hupso Share Buttons - https:\/\/www.hupso.com\/share\/ --><a class=\"hupso_toolbar\" href=\"https:\/\/www.hupso.com\/share\/\"><img decoding=\"async\" src=\"https:\/\/static.hupso.com\/share\/buttons\/lang\/fr\/share-medium.png\" style=\"border:0px; padding-top: 5px; float:left;\" alt=\"Share Button\"\/><\/a><script type=\"text\/javascript\">var hupso_services_t=new Array(\"Twitter\",\"Facebook\",\"Google Plus\",\"Pinterest\",\"Linkedin\",\"Tumblr\");var hupso_background_t=\"#EAF4FF\";var hupso_border_t=\"#66CCFF\";var hupso_toolbar_size_t=\"medium\";var hupso_image_folder_url = \"\";var hupso_url_t=\"\";var hupso_title_t=\"AU%20PIRATE%20D%C3%89LICAT\";<\/script><script type=\"text\/javascript\" src=\"https:\/\/static.hupso.com\/share\/js\/share_toolbar.js\"><\/script><!-- Hupso Share Buttons --><\/div>","protected":false},"excerpt":{"rendered":"<p>Hors-s\u00e9rie Magazine avec jeux, histoires, ateliers<\/p>\n<p><small>20p 21\/21cm<br \/>\nImprim\u00e9 en France<br \/>\npapier issu de for\u00eat g\u00e9r\u00e9e certification FSC\u00ae<br \/>\n<strong>ISBN<\/strong> 978-2-9551177-3-6<br \/>\n<strong>EAN<\/strong> 9782955117736<br \/>\nsortie d\u00e9cembre 2016<br \/>\n<\/small><br \/>\n<span class=\"script2\">\u00e9dition limit\u00e9e \u00e0 50 exemplaires<\/span><\/p>\n","protected":false},"featured_media":902,"comment_status":"open","ping_status":"closed","template":"","meta":{"_exactmetrics_skip_tracking":false,"_exactmetrics_sitenote_active":false,"_exactmetrics_sitenote_note":"","_exactmetrics_sitenote_category":0},"product_brand":[],"product_cat":[7],"product_tag":[],"class_list":{"0":"post-746","1":"product","2":"type-product","3":"status-publish","4":"has-post-thumbnail","6":"product_cat-histoires","7":"product_shipping_class-livraison-simple","9":"first","10":"instock","11":"shipping-taxable","12":"purchasable","13":"product-type-simple"},"yoast_head":"<!-- This site is optimized with the Yoast SEO plugin v27.3 - https:\/\/yoast.com\/product\/yoast-seo-wordpress\/ -->\n<title>AU PIRATE D\u00c9LICAT - MAISON DU RHU<\/title>\n<meta name=\"robots\" content=\"index, follow, max-snippet:-1, max-image-preview:large, max-video-preview:-1\" \/>\n<link rel=\"canonical\" href=\"https:\/\/www.abirato.com\/abiratoshop\/produit\/au-pirate-delicat-et-autres-babioles\/\" \/>\n<meta property=\"og:locale\" content=\"fr_FR\" \/>\n<meta property=\"og:type\" content=\"article\" \/>\n<meta property=\"og:title\" content=\"AU PIRATE D\u00c9LICAT - MAISON DU RHU\" \/>\n<meta property=\"og:description\" content=\"Hors-s\u00e9rie Magazine avec jeux, histoires, ateliers  20p 21\/21cm Imprim\u00e9 en France papier issu de for\u00eat g\u00e9r\u00e9e certification FSC\u00ae ISBN 978-2-9551177-3-6 EAN 9782955117736 sortie d\u00e9cembre 2016  \u00e9dition limit\u00e9e \u00e0 50 exemplaires\" \/>\n<meta property=\"og:url\" content=\"https:\/\/www.abirato.com\/abiratoshop\/produit\/au-pirate-delicat-et-autres-babioles\/\" \/>\n<meta property=\"og:site_name\" content=\"MAISON DU RHU\" \/>\n<meta property=\"article:modified_time\" content=\"2020-10-07T13:27:12+00:00\" \/>\n<meta property=\"og:image\" content=\"https:\/\/www.abirato.com\/abiratoshop\/wp-content\/uploads\/2016\/12\/couvPIRATE.png\" \/>\n\t<meta property=\"og:image:width\" content=\"546\" \/>\n\t<meta property=\"og:image:height\" content=\"480\" \/>\n\t<meta property=\"og:image:type\" content=\"image\/png\" \/>\n<meta name=\"twitter:card\" content=\"summary_large_image\" \/>\n<script type=\"application\/ld+json\" class=\"yoast-schema-graph\">{\"@context\":\"https:\\\/\\\/schema.org\",\"@graph\":[{\"@type\":\"WebPage\",\"@id\":\"https:\\\/\\\/www.abirato.com\\\/abiratoshop\\\/produit\\\/au-pirate-delicat-et-autres-babioles\\\/\",\"url\":\"https:\\\/\\\/www.abirato.com\\\/abiratoshop\\\/produit\\\/au-pirate-delicat-et-autres-babioles\\\/\",\"name\":\"AU PIRATE D\u00c9LICAT - MAISON DU RHU\",\"isPartOf\":{\"@id\":\"https:\\\/\\\/www.abirato.com\\\/abiratoshop\\\/#website\"},\"primaryImageOfPage\":{\"@id\":\"https:\\\/\\\/www.abirato.com\\\/abiratoshop\\\/produit\\\/au-pirate-delicat-et-autres-babioles\\\/#primaryimage\"},\"image\":{\"@id\":\"https:\\\/\\\/www.abirato.com\\\/abiratoshop\\\/produit\\\/au-pirate-delicat-et-autres-babioles\\\/#primaryimage\"},\"thumbnailUrl\":\"https:\\\/\\\/www.abirato.com\\\/abiratoshop\\\/wp-content\\\/uploads\\\/2016\\\/12\\\/couvPIRATE.png\",\"datePublished\":\"2016-12-04T10:12:04+00:00\",\"dateModified\":\"2020-10-07T13:27:12+00:00\",\"breadcrumb\":{\"@id\":\"https:\\\/\\\/www.abirato.com\\\/abiratoshop\\\/produit\\\/au-pirate-delicat-et-autres-babioles\\\/#breadcrumb\"},\"inLanguage\":\"fr-FR\",\"potentialAction\":[{\"@type\":\"ReadAction\",\"target\":[\"https:\\\/\\\/www.abirato.com\\\/abiratoshop\\\/produit\\\/au-pirate-delicat-et-autres-babioles\\\/\"]}]},{\"@type\":\"ImageObject\",\"inLanguage\":\"fr-FR\",\"@id\":\"https:\\\/\\\/www.abirato.com\\\/abiratoshop\\\/produit\\\/au-pirate-delicat-et-autres-babioles\\\/#primaryimage\",\"url\":\"https:\\\/\\\/www.abirato.com\\\/abiratoshop\\\/wp-content\\\/uploads\\\/2016\\\/12\\\/couvPIRATE.png\",\"contentUrl\":\"https:\\\/\\\/www.abirato.com\\\/abiratoshop\\\/wp-content\\\/uploads\\\/2016\\\/12\\\/couvPIRATE.png\",\"width\":546,\"height\":480,\"caption\":\"Au Pirate D\u00e9licat\"},{\"@type\":\"BreadcrumbList\",\"@id\":\"https:\\\/\\\/www.abirato.com\\\/abiratoshop\\\/produit\\\/au-pirate-delicat-et-autres-babioles\\\/#breadcrumb\",\"itemListElement\":[{\"@type\":\"ListItem\",\"position\":1,\"name\":\"Accueil\",\"item\":\"https:\\\/\\\/www.abirato.com\\\/abiratoshop\\\/\"},{\"@type\":\"ListItem\",\"position\":2,\"name\":\"CATALOGUE COMPLET\",\"item\":\"https:\\\/\\\/www.abirato.com\\\/abiratoshop\\\/boutique\\\/\"},{\"@type\":\"ListItem\",\"position\":3,\"name\":\"AU PIRATE D\u00c9LICAT\"}]},{\"@type\":\"WebSite\",\"@id\":\"https:\\\/\\\/www.abirato.com\\\/abiratoshop\\\/#website\",\"url\":\"https:\\\/\\\/www.abirato.com\\\/abiratoshop\\\/\",\"name\":\"MAISON DU RHU\",\"description\":\"sautez la barri\u00e8re\",\"publisher\":{\"@id\":\"https:\\\/\\\/www.abirato.com\\\/abiratoshop\\\/#organization\"},\"potentialAction\":[{\"@type\":\"SearchAction\",\"target\":{\"@type\":\"EntryPoint\",\"urlTemplate\":\"https:\\\/\\\/www.abirato.com\\\/abiratoshop\\\/?s={search_term_string}\"},\"query-input\":{\"@type\":\"PropertyValueSpecification\",\"valueRequired\":true,\"valueName\":\"search_term_string\"}}],\"inLanguage\":\"fr-FR\"},{\"@type\":\"Organization\",\"@id\":\"https:\\\/\\\/www.abirato.com\\\/abiratoshop\\\/#organization\",\"name\":\"MAISON DU RHU\",\"url\":\"https:\\\/\\\/www.abirato.com\\\/abiratoshop\\\/\",\"logo\":{\"@type\":\"ImageObject\",\"inLanguage\":\"fr-FR\",\"@id\":\"https:\\\/\\\/www.abirato.com\\\/abiratoshop\\\/#\\\/schema\\\/logo\\\/image\\\/\",\"url\":\"https:\\\/\\\/www.abirato.com\\\/abiratoshop\\\/wp-content\\\/uploads\\\/2022\\\/01\\\/cropped-cropped-Logorhu17bis-1BLC.png\",\"contentUrl\":\"https:\\\/\\\/www.abirato.com\\\/abiratoshop\\\/wp-content\\\/uploads\\\/2022\\\/01\\\/cropped-cropped-Logorhu17bis-1BLC.png\",\"width\":114,\"height\":150,\"caption\":\"MAISON DU RHU\"},\"image\":{\"@id\":\"https:\\\/\\\/www.abirato.com\\\/abiratoshop\\\/#\\\/schema\\\/logo\\\/image\\\/\"}}]}<\/script>\n<!-- \/ Yoast SEO plugin. -->","yoast_head_json":{"title":"AU PIRATE D\u00c9LICAT - MAISON DU RHU","robots":{"index":"index","follow":"follow","max-snippet":"max-snippet:-1","max-image-preview":"max-image-preview:large","max-video-preview":"max-video-preview:-1"},"canonical":"https:\/\/www.abirato.com\/abiratoshop\/produit\/au-pirate-delicat-et-autres-babioles\/","og_locale":"fr_FR","og_type":"article","og_title":"AU PIRATE D\u00c9LICAT - MAISON DU RHU","og_description":"Hors-s\u00e9rie Magazine avec jeux, histoires, ateliers  20p 21\/21cm Imprim\u00e9 en France papier issu de for\u00eat g\u00e9r\u00e9e certification FSC\u00ae ISBN 978-2-9551177-3-6 EAN 9782955117736 sortie d\u00e9cembre 2016  \u00e9dition limit\u00e9e \u00e0 50 exemplaires","og_url":"https:\/\/www.abirato.com\/abiratoshop\/produit\/au-pirate-delicat-et-autres-babioles\/","og_site_name":"MAISON DU RHU","article_modified_time":"2020-10-07T13:27:12+00:00","og_image":[{"width":546,"height":480,"url":"https:\/\/www.abirato.com\/abiratoshop\/wp-content\/uploads\/2016\/12\/couvPIRATE.png","type":"image\/png"}],"twitter_card":"summary_large_image","schema":{"@context":"https:\/\/schema.org","@graph":[{"@type":"WebPage","@id":"https:\/\/www.abirato.com\/abiratoshop\/produit\/au-pirate-delicat-et-autres-babioles\/","url":"https:\/\/www.abirato.com\/abiratoshop\/produit\/au-pirate-delicat-et-autres-babioles\/","name":"AU PIRATE D\u00c9LICAT - MAISON DU RHU","isPartOf":{"@id":"https:\/\/www.abirato.com\/abiratoshop\/#website"},"primaryImageOfPage":{"@id":"https:\/\/www.abirato.com\/abiratoshop\/produit\/au-pirate-delicat-et-autres-babioles\/#primaryimage"},"image":{"@id":"https:\/\/www.abirato.com\/abiratoshop\/produit\/au-pirate-delicat-et-autres-babioles\/#primaryimage"},"thumbnailUrl":"https:\/\/www.abirato.com\/abiratoshop\/wp-content\/uploads\/2016\/12\/couvPIRATE.png","datePublished":"2016-12-04T10:12:04+00:00","dateModified":"2020-10-07T13:27:12+00:00","breadcrumb":{"@id":"https:\/\/www.abirato.com\/abiratoshop\/produit\/au-pirate-delicat-et-autres-babioles\/#breadcrumb"},"inLanguage":"fr-FR","potentialAction":[{"@type":"ReadAction","target":["https:\/\/www.abirato.com\/abiratoshop\/produit\/au-pirate-delicat-et-autres-babioles\/"]}]},{"@type":"ImageObject","inLanguage":"fr-FR","@id":"https:\/\/www.abirato.com\/abiratoshop\/produit\/au-pirate-delicat-et-autres-babioles\/#primaryimage","url":"https:\/\/www.abirato.com\/abiratoshop\/wp-content\/uploads\/2016\/12\/couvPIRATE.png","contentUrl":"https:\/\/www.abirato.com\/abiratoshop\/wp-content\/uploads\/2016\/12\/couvPIRATE.png","width":546,"height":480,"caption":"Au Pirate D\u00e9licat"},{"@type":"BreadcrumbList","@id":"https:\/\/www.abirato.com\/abiratoshop\/produit\/au-pirate-delicat-et-autres-babioles\/#breadcrumb","itemListElement":[{"@type":"ListItem","position":1,"name":"Accueil","item":"https:\/\/www.abirato.com\/abiratoshop\/"},{"@type":"ListItem","position":2,"name":"CATALOGUE COMPLET","item":"https:\/\/www.abirato.com\/abiratoshop\/boutique\/"},{"@type":"ListItem","position":3,"name":"AU PIRATE D\u00c9LICAT"}]},{"@type":"WebSite","@id":"https:\/\/www.abirato.com\/abiratoshop\/#website","url":"https:\/\/www.abirato.com\/abiratoshop\/","name":"MAISON DU RHU","description":"sautez la barri\u00e8re","publisher":{"@id":"https:\/\/www.abirato.com\/abiratoshop\/#organization"},"potentialAction":[{"@type":"SearchAction","target":{"@type":"EntryPoint","urlTemplate":"https:\/\/www.abirato.com\/abiratoshop\/?s={search_term_string}"},"query-input":{"@type":"PropertyValueSpecification","valueRequired":true,"valueName":"search_term_string"}}],"inLanguage":"fr-FR"},{"@type":"Organization","@id":"https:\/\/www.abirato.com\/abiratoshop\/#organization","name":"MAISON DU RHU","url":"https:\/\/www.abirato.com\/abiratoshop\/","logo":{"@type":"ImageObject","inLanguage":"fr-FR","@id":"https:\/\/www.abirato.com\/abiratoshop\/#\/schema\/logo\/image\/","url":"https:\/\/www.abirato.com\/abiratoshop\/wp-content\/uploads\/2022\/01\/cropped-cropped-Logorhu17bis-1BLC.png","contentUrl":"https:\/\/www.abirato.com\/abiratoshop\/wp-content\/uploads\/2022\/01\/cropped-cropped-Logorhu17bis-1BLC.png","width":114,"height":150,"caption":"MAISON DU RHU"},"image":{"@id":"https:\/\/www.abirato.com\/abiratoshop\/#\/schema\/logo\/image\/"}}]}},"_links":{"self":[{"href":"https:\/\/www.abirato.com\/abiratoshop\/wp-json\/wp\/v2\/product\/746","targetHints":{"allow":["GET"]}}],"collection":[{"href":"https:\/\/www.abirato.com\/abiratoshop\/wp-json\/wp\/v2\/product"}],"about":[{"href":"https:\/\/www.abirato.com\/abiratoshop\/wp-json\/wp\/v2\/types\/product"}],"replies":[{"embeddable":true,"href":"https:\/\/www.abirato.com\/abiratoshop\/wp-json\/wp\/v2\/comments?post=746"}],"wp:featuredmedia":[{"embeddable":true,"href":"https:\/\/www.abirato.com\/abiratoshop\/wp-json\/wp\/v2\/media\/902"}],"wp:attachment":[{"href":"https:\/\/www.abirato.com\/abiratoshop\/wp-json\/wp\/v2\/media?parent=746"}],"wp:term":[{"taxonomy":"product_brand","embeddable":true,"href":"https:\/\/www.abirato.com\/abiratoshop\/wp-json\/wp\/v2\/product_brand?post=746"},{"taxonomy":"product_cat","embeddable":true,"href":"https:\/\/www.abirato.com\/abiratoshop\/wp-json\/wp\/v2\/product_cat?post=746"},{"taxonomy":"product_tag","embeddable":true,"href":"https:\/\/www.abirato.com\/abiratoshop\/wp-json\/wp\/v2\/product_tag?post=746"}],"curies":[{"name":"wp","href":"https:\/\/api.w.org\/{rel}","templated":true}]}}