{"id":636,"date":"2016-04-18T15:26:06","date_gmt":"2016-04-18T14:26:06","guid":{"rendered":"http:\/\/www.abirato.com\/abiratoshop\/?post_type=product&#038;p=636"},"modified":"2016-04-18T15:57:24","modified_gmt":"2016-04-18T14:57:24","slug":"fantomes","status":"publish","type":"product","link":"https:\/\/www.abirato.com\/abiratoshop\/produit\/fantomes\/","title":{"rendered":"Fant\u00f4mes"},"content":{"rendered":"<div style=\"padding-bottom:20px; padding-top:10px;\" class=\"hupso-share-buttons\"><!-- Hupso Share Buttons - https:\/\/www.hupso.com\/share\/ --><a class=\"hupso_toolbar\" href=\"https:\/\/www.hupso.com\/share\/\"><img decoding=\"async\" src=\"https:\/\/static.hupso.com\/share\/buttons\/lang\/fr\/share-medium.png\" style=\"border:0px; padding-top: 5px; float:left;\" alt=\"Share Button\"\/><\/a><script type=\"text\/javascript\">var hupso_services_t=new Array(\"Twitter\",\"Facebook\",\"Google Plus\",\"Pinterest\",\"Linkedin\",\"Tumblr\");var hupso_background_t=\"#EAF4FF\";var hupso_border_t=\"#66CCFF\";var hupso_toolbar_size_t=\"medium\";var hupso_image_folder_url = \"\";var hupso_url_t=\"\";var hupso_title_t=\"Fant%C3%B4mes\";<\/script><script type=\"text\/javascript\" src=\"https:\/\/static.hupso.com\/share\/js\/share_toolbar.js\"><\/script><!-- Hupso Share Buttons --><\/div>","protected":false},"excerpt":{"rendered":"<p>Coloriage Gratuit \u00e0 Imprimer et \u00e0 colorier<\/p>\n<p><a href=\"http:\/\/www.abirato.com\/abiratoshop\/wp-content\/uploads\/2016\/04\/fantoms.png\" target=\"_blank\"><button type=\"submit\" class=\"single_add_to_cart_button button alt\">T\u00c9L\u00c9CHARGEZ GRATUITEMENT!<\/button><\/a><br \/>\n<small>clic droit enregistrer-sous<\/small><br \/><a href=\"http:\/\/www.abirato.com\/abiratoshop\/coloriagesligne\/\">EXISTE AUSSI EN COLORIAGE EN LIGNE ICI ! <img decoding=\"async\" src=\"http:\/\/www.abirato.com\/abiratoshop\/wp-content\/uploads\/2015\/10\/suiv.png\" width=\"20px\"\/><\/a><\/p>\n<hr>\n<p>Tu peux aussi suivre simplement les traits<br \/>\nou rajouter toi-m\u00eame ce que tu veux sur ton dessin!<br \/>\nN&#039;h\u00e9site pas \u00e0 changer de couleurs ou m\u00eame d&#039;outils<br \/>\n(d\u00e9coupage, gouache, \u00e9ponges&#8230;),<br \/>\nenfin demande quand-m\u00eame \u00e0 tes parents avant!<\/p>\n<p>Tu peux nous envoyer un scan du r\u00e9sultat par mail, on serait ravi (et tu auras peut-\u00eatre m\u00eame une surprise en r\u00e9ponse).<\/p>\n","protected":false},"featured_media":639,"comment_status":"open","ping_status":"closed","template":"","meta":{"_exactmetrics_skip_tracking":false,"_exactmetrics_sitenote_active":false,"_exactmetrics_sitenote_note":"","_exactmetrics_sitenote_category":0},"product_brand":[],"product_cat":[17,16,10],"product_tag":[],"class_list":{"0":"post-636","1":"product","2":"type-product","3":"status-publish","4":"has-post-thumbnail","6":"product_cat-jeux","7":"product_cat-imprimables","8":"product_cat-petits-plus","10":"first","11":"instock","12":"downloadable","13":"virtual","14":"product-type-simple"},"yoast_head":"<!-- This site is optimized with the Yoast SEO plugin v27.3 - https:\/\/yoast.com\/product\/yoast-seo-wordpress\/ -->\n<title>Fant\u00f4mes - MAISON DU RHU<\/title>\n<meta name=\"robots\" content=\"index, follow, max-snippet:-1, max-image-preview:large, max-video-preview:-1\" \/>\n<link rel=\"canonical\" href=\"https:\/\/www.abirato.com\/abiratoshop\/produit\/fantomes\/\" \/>\n<meta property=\"og:locale\" content=\"fr_FR\" \/>\n<meta property=\"og:type\" content=\"article\" \/>\n<meta property=\"og:title\" content=\"Fant\u00f4mes - MAISON DU RHU\" \/>\n<meta property=\"og:description\" content=\"Coloriage Gratuit \u00e0 Imprimer et \u00e0 colorier  T\u00c9L\u00c9CHARGEZ GRATUITEMENT! clic droit enregistrer-sousEXISTE AUSSI EN COLORIAGE EN LIGNE ICI !   Tu peux aussi suivre simplement les traits ou rajouter toi-m\u00eame ce que tu veux sur ton dessin! N&#039;h\u00e9site pas \u00e0 changer de couleurs ou m\u00eame d&#039;outils (d\u00e9coupage, gouache, \u00e9ponges...), enfin demande quand-m\u00eame \u00e0 tes parents avant!  Tu peux nous envoyer un scan du r\u00e9sultat par mail, on serait ravi (et tu auras peut-\u00eatre m\u00eame une surprise en r\u00e9ponse).\" \/>\n<meta property=\"og:url\" content=\"https:\/\/www.abirato.com\/abiratoshop\/produit\/fantomes\/\" \/>\n<meta property=\"og:site_name\" content=\"MAISON DU RHU\" \/>\n<meta property=\"article:modified_time\" content=\"2016-04-18T14:57:24+00:00\" \/>\n<meta property=\"og:image\" content=\"https:\/\/www.abirato.com\/abiratoshop\/wp-content\/uploads\/2016\/04\/fantomes.jpg\" \/>\n\t<meta property=\"og:image:width\" content=\"1000\" \/>\n\t<meta property=\"og:image:height\" content=\"811\" \/>\n\t<meta property=\"og:image:type\" content=\"image\/jpeg\" \/>\n<meta name=\"twitter:card\" content=\"summary_large_image\" \/>\n<script type=\"application\/ld+json\" class=\"yoast-schema-graph\">{\"@context\":\"https:\\\/\\\/schema.org\",\"@graph\":[{\"@type\":\"WebPage\",\"@id\":\"https:\\\/\\\/www.abirato.com\\\/abiratoshop\\\/produit\\\/fantomes\\\/\",\"url\":\"https:\\\/\\\/www.abirato.com\\\/abiratoshop\\\/produit\\\/fantomes\\\/\",\"name\":\"Fant\u00f4mes - MAISON DU RHU\",\"isPartOf\":{\"@id\":\"https:\\\/\\\/www.abirato.com\\\/abiratoshop\\\/#website\"},\"primaryImageOfPage\":{\"@id\":\"https:\\\/\\\/www.abirato.com\\\/abiratoshop\\\/produit\\\/fantomes\\\/#primaryimage\"},\"image\":{\"@id\":\"https:\\\/\\\/www.abirato.com\\\/abiratoshop\\\/produit\\\/fantomes\\\/#primaryimage\"},\"thumbnailUrl\":\"https:\\\/\\\/www.abirato.com\\\/abiratoshop\\\/wp-content\\\/uploads\\\/2016\\\/04\\\/fantomes.jpg\",\"datePublished\":\"2016-04-18T14:26:06+00:00\",\"dateModified\":\"2016-04-18T14:57:24+00:00\",\"breadcrumb\":{\"@id\":\"https:\\\/\\\/www.abirato.com\\\/abiratoshop\\\/produit\\\/fantomes\\\/#breadcrumb\"},\"inLanguage\":\"fr-FR\",\"potentialAction\":[{\"@type\":\"ReadAction\",\"target\":[\"https:\\\/\\\/www.abirato.com\\\/abiratoshop\\\/produit\\\/fantomes\\\/\"]}]},{\"@type\":\"ImageObject\",\"inLanguage\":\"fr-FR\",\"@id\":\"https:\\\/\\\/www.abirato.com\\\/abiratoshop\\\/produit\\\/fantomes\\\/#primaryimage\",\"url\":\"https:\\\/\\\/www.abirato.com\\\/abiratoshop\\\/wp-content\\\/uploads\\\/2016\\\/04\\\/fantomes.jpg\",\"contentUrl\":\"https:\\\/\\\/www.abirato.com\\\/abiratoshop\\\/wp-content\\\/uploads\\\/2016\\\/04\\\/fantomes.jpg\",\"width\":1000,\"height\":811},{\"@type\":\"BreadcrumbList\",\"@id\":\"https:\\\/\\\/www.abirato.com\\\/abiratoshop\\\/produit\\\/fantomes\\\/#breadcrumb\",\"itemListElement\":[{\"@type\":\"ListItem\",\"position\":1,\"name\":\"Accueil\",\"item\":\"https:\\\/\\\/www.abirato.com\\\/abiratoshop\\\/\"},{\"@type\":\"ListItem\",\"position\":2,\"name\":\"CATALOGUE COMPLET\",\"item\":\"https:\\\/\\\/www.abirato.com\\\/abiratoshop\\\/boutique\\\/\"},{\"@type\":\"ListItem\",\"position\":3,\"name\":\"Fant\u00f4mes\"}]},{\"@type\":\"WebSite\",\"@id\":\"https:\\\/\\\/www.abirato.com\\\/abiratoshop\\\/#website\",\"url\":\"https:\\\/\\\/www.abirato.com\\\/abiratoshop\\\/\",\"name\":\"MAISON DU RHU\",\"description\":\"sautez la barri\u00e8re\",\"publisher\":{\"@id\":\"https:\\\/\\\/www.abirato.com\\\/abiratoshop\\\/#organization\"},\"potentialAction\":[{\"@type\":\"SearchAction\",\"target\":{\"@type\":\"EntryPoint\",\"urlTemplate\":\"https:\\\/\\\/www.abirato.com\\\/abiratoshop\\\/?s={search_term_string}\"},\"query-input\":{\"@type\":\"PropertyValueSpecification\",\"valueRequired\":true,\"valueName\":\"search_term_string\"}}],\"inLanguage\":\"fr-FR\"},{\"@type\":\"Organization\",\"@id\":\"https:\\\/\\\/www.abirato.com\\\/abiratoshop\\\/#organization\",\"name\":\"MAISON DU RHU\",\"url\":\"https:\\\/\\\/www.abirato.com\\\/abiratoshop\\\/\",\"logo\":{\"@type\":\"ImageObject\",\"inLanguage\":\"fr-FR\",\"@id\":\"https:\\\/\\\/www.abirato.com\\\/abiratoshop\\\/#\\\/schema\\\/logo\\\/image\\\/\",\"url\":\"https:\\\/\\\/www.abirato.com\\\/abiratoshop\\\/wp-content\\\/uploads\\\/2022\\\/01\\\/cropped-cropped-Logorhu17bis-1BLC.png\",\"contentUrl\":\"https:\\\/\\\/www.abirato.com\\\/abiratoshop\\\/wp-content\\\/uploads\\\/2022\\\/01\\\/cropped-cropped-Logorhu17bis-1BLC.png\",\"width\":114,\"height\":150,\"caption\":\"MAISON DU RHU\"},\"image\":{\"@id\":\"https:\\\/\\\/www.abirato.com\\\/abiratoshop\\\/#\\\/schema\\\/logo\\\/image\\\/\"}}]}<\/script>\n<!-- \/ Yoast SEO plugin. -->","yoast_head_json":{"title":"Fant\u00f4mes - MAISON DU RHU","robots":{"index":"index","follow":"follow","max-snippet":"max-snippet:-1","max-image-preview":"max-image-preview:large","max-video-preview":"max-video-preview:-1"},"canonical":"https:\/\/www.abirato.com\/abiratoshop\/produit\/fantomes\/","og_locale":"fr_FR","og_type":"article","og_title":"Fant\u00f4mes - MAISON DU RHU","og_description":"Coloriage Gratuit \u00e0 Imprimer et \u00e0 colorier  T\u00c9L\u00c9CHARGEZ GRATUITEMENT! clic droit enregistrer-sousEXISTE AUSSI EN COLORIAGE EN LIGNE ICI !   Tu peux aussi suivre simplement les traits ou rajouter toi-m\u00eame ce que tu veux sur ton dessin! N&#039;h\u00e9site pas \u00e0 changer de couleurs ou m\u00eame d&#039;outils (d\u00e9coupage, gouache, \u00e9ponges...), enfin demande quand-m\u00eame \u00e0 tes parents avant!  Tu peux nous envoyer un scan du r\u00e9sultat par mail, on serait ravi (et tu auras peut-\u00eatre m\u00eame une surprise en r\u00e9ponse).","og_url":"https:\/\/www.abirato.com\/abiratoshop\/produit\/fantomes\/","og_site_name":"MAISON DU RHU","article_modified_time":"2016-04-18T14:57:24+00:00","og_image":[{"width":1000,"height":811,"url":"https:\/\/www.abirato.com\/abiratoshop\/wp-content\/uploads\/2016\/04\/fantomes.jpg","type":"image\/jpeg"}],"twitter_card":"summary_large_image","schema":{"@context":"https:\/\/schema.org","@graph":[{"@type":"WebPage","@id":"https:\/\/www.abirato.com\/abiratoshop\/produit\/fantomes\/","url":"https:\/\/www.abirato.com\/abiratoshop\/produit\/fantomes\/","name":"Fant\u00f4mes - MAISON DU RHU","isPartOf":{"@id":"https:\/\/www.abirato.com\/abiratoshop\/#website"},"primaryImageOfPage":{"@id":"https:\/\/www.abirato.com\/abiratoshop\/produit\/fantomes\/#primaryimage"},"image":{"@id":"https:\/\/www.abirato.com\/abiratoshop\/produit\/fantomes\/#primaryimage"},"thumbnailUrl":"https:\/\/www.abirato.com\/abiratoshop\/wp-content\/uploads\/2016\/04\/fantomes.jpg","datePublished":"2016-04-18T14:26:06+00:00","dateModified":"2016-04-18T14:57:24+00:00","breadcrumb":{"@id":"https:\/\/www.abirato.com\/abiratoshop\/produit\/fantomes\/#breadcrumb"},"inLanguage":"fr-FR","potentialAction":[{"@type":"ReadAction","target":["https:\/\/www.abirato.com\/abiratoshop\/produit\/fantomes\/"]}]},{"@type":"ImageObject","inLanguage":"fr-FR","@id":"https:\/\/www.abirato.com\/abiratoshop\/produit\/fantomes\/#primaryimage","url":"https:\/\/www.abirato.com\/abiratoshop\/wp-content\/uploads\/2016\/04\/fantomes.jpg","contentUrl":"https:\/\/www.abirato.com\/abiratoshop\/wp-content\/uploads\/2016\/04\/fantomes.jpg","width":1000,"height":811},{"@type":"BreadcrumbList","@id":"https:\/\/www.abirato.com\/abiratoshop\/produit\/fantomes\/#breadcrumb","itemListElement":[{"@type":"ListItem","position":1,"name":"Accueil","item":"https:\/\/www.abirato.com\/abiratoshop\/"},{"@type":"ListItem","position":2,"name":"CATALOGUE COMPLET","item":"https:\/\/www.abirato.com\/abiratoshop\/boutique\/"},{"@type":"ListItem","position":3,"name":"Fant\u00f4mes"}]},{"@type":"WebSite","@id":"https:\/\/www.abirato.com\/abiratoshop\/#website","url":"https:\/\/www.abirato.com\/abiratoshop\/","name":"MAISON DU RHU","description":"sautez la barri\u00e8re","publisher":{"@id":"https:\/\/www.abirato.com\/abiratoshop\/#organization"},"potentialAction":[{"@type":"SearchAction","target":{"@type":"EntryPoint","urlTemplate":"https:\/\/www.abirato.com\/abiratoshop\/?s={search_term_string}"},"query-input":{"@type":"PropertyValueSpecification","valueRequired":true,"valueName":"search_term_string"}}],"inLanguage":"fr-FR"},{"@type":"Organization","@id":"https:\/\/www.abirato.com\/abiratoshop\/#organization","name":"MAISON DU RHU","url":"https:\/\/www.abirato.com\/abiratoshop\/","logo":{"@type":"ImageObject","inLanguage":"fr-FR","@id":"https:\/\/www.abirato.com\/abiratoshop\/#\/schema\/logo\/image\/","url":"https:\/\/www.abirato.com\/abiratoshop\/wp-content\/uploads\/2022\/01\/cropped-cropped-Logorhu17bis-1BLC.png","contentUrl":"https:\/\/www.abirato.com\/abiratoshop\/wp-content\/uploads\/2022\/01\/cropped-cropped-Logorhu17bis-1BLC.png","width":114,"height":150,"caption":"MAISON DU RHU"},"image":{"@id":"https:\/\/www.abirato.com\/abiratoshop\/#\/schema\/logo\/image\/"}}]}},"_links":{"self":[{"href":"https:\/\/www.abirato.com\/abiratoshop\/wp-json\/wp\/v2\/product\/636","targetHints":{"allow":["GET"]}}],"collection":[{"href":"https:\/\/www.abirato.com\/abiratoshop\/wp-json\/wp\/v2\/product"}],"about":[{"href":"https:\/\/www.abirato.com\/abiratoshop\/wp-json\/wp\/v2\/types\/product"}],"replies":[{"embeddable":true,"href":"https:\/\/www.abirato.com\/abiratoshop\/wp-json\/wp\/v2\/comments?post=636"}],"wp:featuredmedia":[{"embeddable":true,"href":"https:\/\/www.abirato.com\/abiratoshop\/wp-json\/wp\/v2\/media\/639"}],"wp:attachment":[{"href":"https:\/\/www.abirato.com\/abiratoshop\/wp-json\/wp\/v2\/media?parent=636"}],"wp:term":[{"taxonomy":"product_brand","embeddable":true,"href":"https:\/\/www.abirato.com\/abiratoshop\/wp-json\/wp\/v2\/product_brand?post=636"},{"taxonomy":"product_cat","embeddable":true,"href":"https:\/\/www.abirato.com\/abiratoshop\/wp-json\/wp\/v2\/product_cat?post=636"},{"taxonomy":"product_tag","embeddable":true,"href":"https:\/\/www.abirato.com\/abiratoshop\/wp-json\/wp\/v2\/product_tag?post=636"}],"curies":[{"name":"wp","href":"https:\/\/api.w.org\/{rel}","templated":true}]}}