{"id":343,"date":"2016-11-08T14:34:29","date_gmt":"2016-11-08T13:34:29","guid":{"rendered":"http:\/\/www.abirato.com\/abiratoshop\/produit\/viltsansous\/"},"modified":"2025-12-09T16:35:50","modified_gmt":"2025-12-09T15:35:50","slug":"viltsansous","status":"publish","type":"product","link":"https:\/\/www.abirato.com\/abiratoshop\/produit\/viltsansous\/","title":{"rendered":"GRAND-M\u00c8RE AIME PAS LES VILTANSOUS!"},"content":{"rendered":"<div style=\"padding-bottom:20px; padding-top:10px;\" class=\"hupso-share-buttons\"><!-- Hupso Share Buttons - https:\/\/www.hupso.com\/share\/ --><a class=\"hupso_toolbar\" href=\"https:\/\/www.hupso.com\/share\/\"><img decoding=\"async\" src=\"https:\/\/static.hupso.com\/share\/buttons\/lang\/fr\/share-medium.png\" style=\"border:0px; padding-top: 5px; float:left;\" alt=\"Share Button\"\/><\/a><script type=\"text\/javascript\">var hupso_services_t=new Array(\"Twitter\",\"Facebook\",\"Google Plus\",\"Pinterest\",\"Linkedin\",\"Tumblr\");var hupso_background_t=\"#EAF4FF\";var hupso_border_t=\"#66CCFF\";var hupso_toolbar_size_t=\"medium\";var hupso_image_folder_url = \"\";var hupso_url_t=\"\";var hupso_title_t=\"GRAND-M%C3%88RE%20AIME%20PAS%20LES%20VILTANSOUS%21\";<\/script><script type=\"text\/javascript\" src=\"https:\/\/static.hupso.com\/share\/js\/share_toolbar.js\"><\/script><!-- Hupso Share Buttons --><\/div>","protected":false},"excerpt":{"rendered":"<p>Ma grand-m\u00e8re ouessantine accusait toujours<br \/>\nles petits viltansous \u00e0 capuches jaunes de lui faire des tours :<br \/>\nperte d\u2019objets ou petits oublis, c\u2019est chaque fois de leur faute!<br \/>\nExistent-ils vraiment ?<\/p>\n<p>Livre jeunesse <strong>\u00e0 partir de 3 ans <\/strong><small> (Pour les petits et les grands)<\/small><\/p>\n<p><span class=\"script\">Un joli premier livre plein d\u2019humour et de tendresse<br \/>\n aux couleurs acidul\u00e9es qui donne bien envie de<br \/>\nsuivre de nouvelles aventures de ces petits \u00eatres jaunes.<\/span><\/p>\n<table>\n<tr>\n<td><small><img decoding=\"async\" class=\"alignnone size-full wp-image-148\" src=\"http:\/\/abirato.com\/abiratoshop\/wp-content\/uploads\/2015\/01\/picto_livre.png\" alt=\"picto_livre\" width=\"25\" height=\"25\" \/><br \/>\n24 pages ; 21 x 21 cm ; reli\u00e9<br \/>\nlivre con\u00e7u, \u00e9dit\u00e9 et imprim\u00e9 en France<br \/>\npapier issu de for\u00eat g\u00e9r\u00e9e certification FSC\u00ae<br \/>\n<strong>ISBN<\/strong> 978-2-9551177-0-5<br \/>\n<strong>EAN<\/strong> 9782955117705<br \/>\nsortie d\u00e9cembre 2014<\/small><\/td>\n<td align=\"center\"><\/td>\n<\/tr>\n<\/table>\n<hr \/>\n<p>&nbsp;<a href=\"http:\/\/www.abirato.com\/abiratoshop\/pdf\/preViltansous\/index.html\"  onclick=\"open(&#039;http:\/\/www.abirato.com\/abiratoshop\/pdf\/preViltansous\/index.html&#039;, &#039;Popup&#039;, &#039;scrollbars=1,resizable=1,height=900,width=1500&#039;); return false;\" ><img decoding=\"async\" src=\"http:\/\/www.abirato.com\/abiratoshop\/wp-content\/uploads\/2015\/10\/feuilleter.png\" width=\"60\"\/><br \/>&nbsp;&nbsp;aper\u00e7u<\/a><\/p>\n<hr \/>\n<p><a href=\"https:\/\/www.keit-vimp-bev.com\/produit\/mamm-gozh-ne-blij-ket-ar-viltansou-dezhi-2\/\" target=\"_blank\">AUSSI DISPONIBLE EN BRETON PAR ICI !<\/a><\/p>\n","protected":false},"featured_media":896,"comment_status":"open","ping_status":"closed","template":"","meta":{"_exactmetrics_skip_tracking":false,"_exactmetrics_sitenote_active":false,"_exactmetrics_sitenote_note":"","_exactmetrics_sitenote_category":0},"product_brand":[],"product_cat":[7],"product_tag":[23],"class_list":{"0":"post-343","1":"product","2":"type-product","3":"status-publish","4":"has-post-thumbnail","6":"product_cat-histoires","7":"product_tag-viltansous","9":"first","10":"instock","11":"shipping-taxable","12":"purchasable","13":"product-type-simple"},"yoast_head":"<!-- This site is optimized with the Yoast SEO plugin v27.3 - https:\/\/yoast.com\/product\/yoast-seo-wordpress\/ -->\n<title>GRAND-M\u00c8RE AIME PAS LES VILTANSOUS! - MAISON DU RHU<\/title>\n<meta name=\"robots\" content=\"index, follow, max-snippet:-1, max-image-preview:large, max-video-preview:-1\" \/>\n<link rel=\"canonical\" href=\"https:\/\/www.abirato.com\/abiratoshop\/produit\/viltsansous\/\" \/>\n<meta property=\"og:locale\" content=\"fr_FR\" \/>\n<meta property=\"og:type\" content=\"article\" \/>\n<meta property=\"og:title\" content=\"GRAND-M\u00c8RE AIME PAS LES VILTANSOUS! - MAISON DU RHU\" \/>\n<meta property=\"og:description\" content=\"Ma grand-m\u00e8re ouessantine accusait toujours les petits viltansous \u00e0 capuches jaunes de lui faire des tours : perte d\u2019objets ou petits oublis, c\u2019est chaque fois de leur faute! Existent-ils vraiment ?   Livre jeunesse \u00e0 partir de 3 ans (Pour les petits et les grands)   Un joli premier livre plein d\u2019humour et de tendresse  aux couleurs acidul\u00e9es qui donne bien envie de suivre de nouvelles aventures de ces petits \u00eatres jaunes.    24 pages ; 21 x 21 cm ; reli\u00e9 livre con\u00e7u, \u00e9dit\u00e9 et imprim\u00e9 en France papier issu de for\u00eat g\u00e9r\u00e9e certification FSC\u00ae ISBN 978-2-9551177-0-5 EAN 9782955117705 sortie d\u00e9cembre 2014    &nbsp;&nbsp;&nbsp;aper\u00e7u   AUSSI DISPONIBLE EN BRETON PAR ICI !\" \/>\n<meta property=\"og:url\" content=\"https:\/\/www.abirato.com\/abiratoshop\/produit\/viltsansous\/\" \/>\n<meta property=\"og:site_name\" content=\"MAISON DU RHU\" \/>\n<meta property=\"article:modified_time\" content=\"2025-12-09T15:35:50+00:00\" \/>\n<meta property=\"og:image\" content=\"https:\/\/www.abirato.com\/abiratoshop\/wp-content\/uploads\/2015\/10\/viltansCouv.png\" \/>\n\t<meta property=\"og:image:width\" content=\"546\" \/>\n\t<meta property=\"og:image:height\" content=\"480\" \/>\n\t<meta property=\"og:image:type\" content=\"image\/png\" \/>\n<meta name=\"twitter:card\" content=\"summary_large_image\" \/>\n<meta name=\"twitter:label1\" content=\"Dur\u00e9e de lecture estim\u00e9e\" \/>\n\t<meta name=\"twitter:data1\" content=\"1 minute\" \/>\n<script type=\"application\/ld+json\" class=\"yoast-schema-graph\">{\"@context\":\"https:\\\/\\\/schema.org\",\"@graph\":[{\"@type\":\"WebPage\",\"@id\":\"https:\\\/\\\/www.abirato.com\\\/abiratoshop\\\/produit\\\/viltsansous\\\/\",\"url\":\"https:\\\/\\\/www.abirato.com\\\/abiratoshop\\\/produit\\\/viltsansous\\\/\",\"name\":\"GRAND-M\u00c8RE AIME PAS LES VILTANSOUS! - MAISON DU RHU\",\"isPartOf\":{\"@id\":\"https:\\\/\\\/www.abirato.com\\\/abiratoshop\\\/#website\"},\"primaryImageOfPage\":{\"@id\":\"https:\\\/\\\/www.abirato.com\\\/abiratoshop\\\/produit\\\/viltsansous\\\/#primaryimage\"},\"image\":{\"@id\":\"https:\\\/\\\/www.abirato.com\\\/abiratoshop\\\/produit\\\/viltsansous\\\/#primaryimage\"},\"thumbnailUrl\":\"https:\\\/\\\/www.abirato.com\\\/abiratoshop\\\/wp-content\\\/uploads\\\/2015\\\/10\\\/viltansCouv.png\",\"datePublished\":\"2016-11-08T13:34:29+00:00\",\"dateModified\":\"2025-12-09T15:35:50+00:00\",\"breadcrumb\":{\"@id\":\"https:\\\/\\\/www.abirato.com\\\/abiratoshop\\\/produit\\\/viltsansous\\\/#breadcrumb\"},\"inLanguage\":\"fr-FR\",\"potentialAction\":[{\"@type\":\"ReadAction\",\"target\":[\"https:\\\/\\\/www.abirato.com\\\/abiratoshop\\\/produit\\\/viltsansous\\\/\"]}]},{\"@type\":\"ImageObject\",\"inLanguage\":\"fr-FR\",\"@id\":\"https:\\\/\\\/www.abirato.com\\\/abiratoshop\\\/produit\\\/viltsansous\\\/#primaryimage\",\"url\":\"https:\\\/\\\/www.abirato.com\\\/abiratoshop\\\/wp-content\\\/uploads\\\/2015\\\/10\\\/viltansCouv.png\",\"contentUrl\":\"https:\\\/\\\/www.abirato.com\\\/abiratoshop\\\/wp-content\\\/uploads\\\/2015\\\/10\\\/viltansCouv.png\",\"width\":546,\"height\":480,\"caption\":\"Grand-m\u00e8re aime pas les Viltansous!\"},{\"@type\":\"BreadcrumbList\",\"@id\":\"https:\\\/\\\/www.abirato.com\\\/abiratoshop\\\/produit\\\/viltsansous\\\/#breadcrumb\",\"itemListElement\":[{\"@type\":\"ListItem\",\"position\":1,\"name\":\"Accueil\",\"item\":\"https:\\\/\\\/www.abirato.com\\\/abiratoshop\\\/\"},{\"@type\":\"ListItem\",\"position\":2,\"name\":\"CATALOGUE COMPLET\",\"item\":\"https:\\\/\\\/www.abirato.com\\\/abiratoshop\\\/boutique\\\/\"},{\"@type\":\"ListItem\",\"position\":3,\"name\":\"GRAND-M\u00c8RE AIME PAS LES VILTANSOUS!\"}]},{\"@type\":\"WebSite\",\"@id\":\"https:\\\/\\\/www.abirato.com\\\/abiratoshop\\\/#website\",\"url\":\"https:\\\/\\\/www.abirato.com\\\/abiratoshop\\\/\",\"name\":\"MAISON DU RHU\",\"description\":\"sautez la barri\u00e8re\",\"publisher\":{\"@id\":\"https:\\\/\\\/www.abirato.com\\\/abiratoshop\\\/#organization\"},\"potentialAction\":[{\"@type\":\"SearchAction\",\"target\":{\"@type\":\"EntryPoint\",\"urlTemplate\":\"https:\\\/\\\/www.abirato.com\\\/abiratoshop\\\/?s={search_term_string}\"},\"query-input\":{\"@type\":\"PropertyValueSpecification\",\"valueRequired\":true,\"valueName\":\"search_term_string\"}}],\"inLanguage\":\"fr-FR\"},{\"@type\":\"Organization\",\"@id\":\"https:\\\/\\\/www.abirato.com\\\/abiratoshop\\\/#organization\",\"name\":\"MAISON DU RHU\",\"url\":\"https:\\\/\\\/www.abirato.com\\\/abiratoshop\\\/\",\"logo\":{\"@type\":\"ImageObject\",\"inLanguage\":\"fr-FR\",\"@id\":\"https:\\\/\\\/www.abirato.com\\\/abiratoshop\\\/#\\\/schema\\\/logo\\\/image\\\/\",\"url\":\"https:\\\/\\\/www.abirato.com\\\/abiratoshop\\\/wp-content\\\/uploads\\\/2022\\\/01\\\/cropped-cropped-Logorhu17bis-1BLC.png\",\"contentUrl\":\"https:\\\/\\\/www.abirato.com\\\/abiratoshop\\\/wp-content\\\/uploads\\\/2022\\\/01\\\/cropped-cropped-Logorhu17bis-1BLC.png\",\"width\":114,\"height\":150,\"caption\":\"MAISON DU RHU\"},\"image\":{\"@id\":\"https:\\\/\\\/www.abirato.com\\\/abiratoshop\\\/#\\\/schema\\\/logo\\\/image\\\/\"}}]}<\/script>\n<!-- \/ Yoast SEO plugin. -->","yoast_head_json":{"title":"GRAND-M\u00c8RE AIME PAS LES VILTANSOUS! - MAISON DU RHU","robots":{"index":"index","follow":"follow","max-snippet":"max-snippet:-1","max-image-preview":"max-image-preview:large","max-video-preview":"max-video-preview:-1"},"canonical":"https:\/\/www.abirato.com\/abiratoshop\/produit\/viltsansous\/","og_locale":"fr_FR","og_type":"article","og_title":"GRAND-M\u00c8RE AIME PAS LES VILTANSOUS! - MAISON DU RHU","og_description":"Ma grand-m\u00e8re ouessantine accusait toujours les petits viltansous \u00e0 capuches jaunes de lui faire des tours : perte d\u2019objets ou petits oublis, c\u2019est chaque fois de leur faute! Existent-ils vraiment ?   Livre jeunesse \u00e0 partir de 3 ans (Pour les petits et les grands)   Un joli premier livre plein d\u2019humour et de tendresse  aux couleurs acidul\u00e9es qui donne bien envie de suivre de nouvelles aventures de ces petits \u00eatres jaunes.    24 pages ; 21 x 21 cm ; reli\u00e9 livre con\u00e7u, \u00e9dit\u00e9 et imprim\u00e9 en France papier issu de for\u00eat g\u00e9r\u00e9e certification FSC\u00ae ISBN 978-2-9551177-0-5 EAN 9782955117705 sortie d\u00e9cembre 2014    &nbsp;&nbsp;&nbsp;aper\u00e7u   AUSSI DISPONIBLE EN BRETON PAR ICI !","og_url":"https:\/\/www.abirato.com\/abiratoshop\/produit\/viltsansous\/","og_site_name":"MAISON DU RHU","article_modified_time":"2025-12-09T15:35:50+00:00","og_image":[{"width":546,"height":480,"url":"https:\/\/www.abirato.com\/abiratoshop\/wp-content\/uploads\/2015\/10\/viltansCouv.png","type":"image\/png"}],"twitter_card":"summary_large_image","twitter_misc":{"Dur\u00e9e de lecture estim\u00e9e":"1 minute"},"schema":{"@context":"https:\/\/schema.org","@graph":[{"@type":"WebPage","@id":"https:\/\/www.abirato.com\/abiratoshop\/produit\/viltsansous\/","url":"https:\/\/www.abirato.com\/abiratoshop\/produit\/viltsansous\/","name":"GRAND-M\u00c8RE AIME PAS LES VILTANSOUS! - MAISON DU RHU","isPartOf":{"@id":"https:\/\/www.abirato.com\/abiratoshop\/#website"},"primaryImageOfPage":{"@id":"https:\/\/www.abirato.com\/abiratoshop\/produit\/viltsansous\/#primaryimage"},"image":{"@id":"https:\/\/www.abirato.com\/abiratoshop\/produit\/viltsansous\/#primaryimage"},"thumbnailUrl":"https:\/\/www.abirato.com\/abiratoshop\/wp-content\/uploads\/2015\/10\/viltansCouv.png","datePublished":"2016-11-08T13:34:29+00:00","dateModified":"2025-12-09T15:35:50+00:00","breadcrumb":{"@id":"https:\/\/www.abirato.com\/abiratoshop\/produit\/viltsansous\/#breadcrumb"},"inLanguage":"fr-FR","potentialAction":[{"@type":"ReadAction","target":["https:\/\/www.abirato.com\/abiratoshop\/produit\/viltsansous\/"]}]},{"@type":"ImageObject","inLanguage":"fr-FR","@id":"https:\/\/www.abirato.com\/abiratoshop\/produit\/viltsansous\/#primaryimage","url":"https:\/\/www.abirato.com\/abiratoshop\/wp-content\/uploads\/2015\/10\/viltansCouv.png","contentUrl":"https:\/\/www.abirato.com\/abiratoshop\/wp-content\/uploads\/2015\/10\/viltansCouv.png","width":546,"height":480,"caption":"Grand-m\u00e8re aime pas les Viltansous!"},{"@type":"BreadcrumbList","@id":"https:\/\/www.abirato.com\/abiratoshop\/produit\/viltsansous\/#breadcrumb","itemListElement":[{"@type":"ListItem","position":1,"name":"Accueil","item":"https:\/\/www.abirato.com\/abiratoshop\/"},{"@type":"ListItem","position":2,"name":"CATALOGUE COMPLET","item":"https:\/\/www.abirato.com\/abiratoshop\/boutique\/"},{"@type":"ListItem","position":3,"name":"GRAND-M\u00c8RE AIME PAS LES VILTANSOUS!"}]},{"@type":"WebSite","@id":"https:\/\/www.abirato.com\/abiratoshop\/#website","url":"https:\/\/www.abirato.com\/abiratoshop\/","name":"MAISON DU RHU","description":"sautez la barri\u00e8re","publisher":{"@id":"https:\/\/www.abirato.com\/abiratoshop\/#organization"},"potentialAction":[{"@type":"SearchAction","target":{"@type":"EntryPoint","urlTemplate":"https:\/\/www.abirato.com\/abiratoshop\/?s={search_term_string}"},"query-input":{"@type":"PropertyValueSpecification","valueRequired":true,"valueName":"search_term_string"}}],"inLanguage":"fr-FR"},{"@type":"Organization","@id":"https:\/\/www.abirato.com\/abiratoshop\/#organization","name":"MAISON DU RHU","url":"https:\/\/www.abirato.com\/abiratoshop\/","logo":{"@type":"ImageObject","inLanguage":"fr-FR","@id":"https:\/\/www.abirato.com\/abiratoshop\/#\/schema\/logo\/image\/","url":"https:\/\/www.abirato.com\/abiratoshop\/wp-content\/uploads\/2022\/01\/cropped-cropped-Logorhu17bis-1BLC.png","contentUrl":"https:\/\/www.abirato.com\/abiratoshop\/wp-content\/uploads\/2022\/01\/cropped-cropped-Logorhu17bis-1BLC.png","width":114,"height":150,"caption":"MAISON DU RHU"},"image":{"@id":"https:\/\/www.abirato.com\/abiratoshop\/#\/schema\/logo\/image\/"}}]}},"_links":{"self":[{"href":"https:\/\/www.abirato.com\/abiratoshop\/wp-json\/wp\/v2\/product\/343","targetHints":{"allow":["GET"]}}],"collection":[{"href":"https:\/\/www.abirato.com\/abiratoshop\/wp-json\/wp\/v2\/product"}],"about":[{"href":"https:\/\/www.abirato.com\/abiratoshop\/wp-json\/wp\/v2\/types\/product"}],"replies":[{"embeddable":true,"href":"https:\/\/www.abirato.com\/abiratoshop\/wp-json\/wp\/v2\/comments?post=343"}],"wp:featuredmedia":[{"embeddable":true,"href":"https:\/\/www.abirato.com\/abiratoshop\/wp-json\/wp\/v2\/media\/896"}],"wp:attachment":[{"href":"https:\/\/www.abirato.com\/abiratoshop\/wp-json\/wp\/v2\/media?parent=343"}],"wp:term":[{"taxonomy":"product_brand","embeddable":true,"href":"https:\/\/www.abirato.com\/abiratoshop\/wp-json\/wp\/v2\/product_brand?post=343"},{"taxonomy":"product_cat","embeddable":true,"href":"https:\/\/www.abirato.com\/abiratoshop\/wp-json\/wp\/v2\/product_cat?post=343"},{"taxonomy":"product_tag","embeddable":true,"href":"https:\/\/www.abirato.com\/abiratoshop\/wp-json\/wp\/v2\/product_tag?post=343"}],"curies":[{"name":"wp","href":"https:\/\/api.w.org\/{rel}","templated":true}]}}