{"id":3126,"date":"2018-09-14T13:17:13","date_gmt":"2018-09-14T12:17:13","guid":{"rendered":"http:\/\/www.abirato.com\/abiratoshop\/?post_type=product&#038;p=3126"},"modified":"2020-10-07T14:26:34","modified_gmt":"2020-10-07T13:26:34","slug":"le-toucan-magazine-n2","status":"publish","type":"product","link":"https:\/\/www.abirato.com\/abiratoshop\/produit\/le-toucan-magazine-n2\/","title":{"rendered":"Le TOUCAN magazine N\u00b02"},"content":{"rendered":"<div style=\"padding-bottom:20px; padding-top:10px;\" class=\"hupso-share-buttons\"><!-- Hupso Share Buttons - https:\/\/www.hupso.com\/share\/ --><a class=\"hupso_toolbar\" href=\"https:\/\/www.hupso.com\/share\/\"><img decoding=\"async\" src=\"https:\/\/static.hupso.com\/share\/buttons\/lang\/fr\/share-medium.png\" style=\"border:0px; padding-top: 5px; float:left;\" alt=\"Share Button\"\/><\/a><script type=\"text\/javascript\">var hupso_services_t=new Array(\"Twitter\",\"Facebook\",\"Google Plus\",\"Pinterest\",\"Linkedin\",\"Tumblr\");var hupso_background_t=\"#EAF4FF\";var hupso_border_t=\"#66CCFF\";var hupso_toolbar_size_t=\"medium\";var hupso_image_folder_url = \"\";var hupso_url_t=\"\";var hupso_title_t=\"Le%20TOUCAN%20magazine%20N%C2%B02\";<\/script><script type=\"text\/javascript\" src=\"https:\/\/static.hupso.com\/share\/js\/share_toolbar.js\"><\/script><!-- Hupso Share Buttons --><\/div>","protected":false},"excerpt":{"rendered":"<p>Des jeux, des histoires, des documentaires, des bricolages, des recettes de cuisine: C&#039;est notre magazine, le TOUCAN!<\/p>\n<p>Augment\u00e9 de 4 pages, mais surtout de 3 nouveaux auteurs, et pas des moindres!<br \/>\n<a href=\"https:\/\/www.abirato.com\/abiratoshop\/nos-auteurs\/\"><strong>Gwendal Lemercier<\/strong>, <strong>C\u00e9cile Hocquet<\/strong> et <strong>Nico Cado<\/strong><\/a> nous ont rejoint pour cette nouvelle version du magazine TOUCAN qui reprend donc son envol!<\/p>\n<p>AU SOMMAIRE DE CE NUM\u00c9RO de 28 pages \u00e9colos:<br \/>\n\u2022une super BD de Pirates sous les pinceaux de Gwendal<br \/>\n\u2022le retors \u00ab\u00a0Bouille de Billard\u00a0\u00bb de sieur Cado<br \/>\n\u2022des animaux cach\u00e9s habilement par C\u00e9cile<br \/>\n\u2022Un tas d&rsquo;HISTOIRES DE MAYAS, et autres pr\u00e9colombiens<br \/>\n\u2022les recettes de Nanny, le stupide mouton ouessantin OanOan, des jeux&#8230;<\/p>\n<p><strong><a href=\"https:\/\/www.abirato.com\/abiratoshop\/bonus-toucan-1\/\" target=\"_blank\" rel=\"noopener noreferrer\">BONUS<\/a><\/strong><\/p>\n<p><small><img decoding=\"async\" class=\"alignnone size-full wp-image-148\" src=\"http:\/\/abirato.com\/abiratoshop\/wp-content\/uploads\/2015\/01\/picto_livre.png\" alt=\"picto_livre\" width=\"25\" height=\"25\" \/><br \/>\n28 pages; 21 x 21 cm ; reli\u00e9<br \/>\nImprim\u00e9 en France sur papier \u00e9cologique recycl\u00e9<br \/>\nImprimeur certification FSC\u00ae<br \/>\n<strong>ISBN<\/strong> 978-2-9551177-1-2<br \/>\n<strong>EAN<\/strong> 9782955117712<br \/>\nsortie septembre 2018<br \/>\n<\/small><\/p>\n<p>Magazine jeunesse <strong>\u00e0 partir de 3 ans <\/strong><small> (Pour les petits et les grands)<\/small><\/p>\n","protected":false},"featured_media":3127,"comment_status":"open","ping_status":"closed","template":"","meta":{"_exactmetrics_skip_tracking":false,"_exactmetrics_sitenote_active":false,"_exactmetrics_sitenote_note":"","_exactmetrics_sitenote_category":0},"product_brand":[],"product_cat":[7],"product_tag":[],"class_list":{"0":"post-3126","1":"product","2":"type-product","3":"status-publish","4":"has-post-thumbnail","6":"product_cat-histoires","7":"product_shipping_class-livraison-simple","9":"first","10":"instock","11":"shipping-taxable","12":"purchasable","13":"product-type-simple"},"yoast_head":"<!-- This site is optimized with the Yoast SEO plugin v27.3 - https:\/\/yoast.com\/product\/yoast-seo-wordpress\/ -->\n<title>Le TOUCAN magazine N\u00b02 - MAISON DU RHU<\/title>\n<meta name=\"robots\" content=\"index, follow, max-snippet:-1, max-image-preview:large, max-video-preview:-1\" \/>\n<link rel=\"canonical\" href=\"https:\/\/www.abirato.com\/abiratoshop\/produit\/le-toucan-magazine-n2\/\" \/>\n<meta property=\"og:locale\" content=\"fr_FR\" \/>\n<meta property=\"og:type\" content=\"article\" \/>\n<meta property=\"og:title\" content=\"Le TOUCAN magazine N\u00b02 - MAISON DU RHU\" \/>\n<meta property=\"og:description\" content=\"Des jeux, des histoires, des documentaires, des bricolages, des recettes de cuisine: C&#039;est notre magazine, le TOUCAN!  Augment\u00e9 de 4 pages, mais surtout de 3 nouveaux auteurs, et pas des moindres! Gwendal Lemercier, C\u00e9cile Hocquet et Nico Cado nous ont rejoint pour cette nouvelle version du magazine TOUCAN qui reprend donc son envol!  AU SOMMAIRE DE CE NUM\u00c9RO de 28 pages \u00e9colos: \u2022une super BD de Pirates sous les pinceaux de Gwendal \u2022le retors &quot;Bouille de Billard&quot; de sieur Cado \u2022des animaux cach\u00e9s habilement par C\u00e9cile  \u2022Un tas d&#039;HISTOIRES DE MAYAS, et autres pr\u00e9colombiens \u2022les recettes de Nanny, le stupide mouton ouessantin OanOan, des jeux...  BONUS   28 pages; 21 x 21 cm ; reli\u00e9 Imprim\u00e9 en France sur papier \u00e9cologique recycl\u00e9 Imprimeur certification FSC\u00ae ISBN 978-2-9551177-1-2 EAN 9782955117712 sortie septembre 2018   Magazine jeunesse \u00e0 partir de 3 ans (Pour les petits et les grands)\" \/>\n<meta property=\"og:url\" content=\"https:\/\/www.abirato.com\/abiratoshop\/produit\/le-toucan-magazine-n2\/\" \/>\n<meta property=\"og:site_name\" content=\"MAISON DU RHU\" \/>\n<meta property=\"article:modified_time\" content=\"2020-10-07T13:26:34+00:00\" \/>\n<meta property=\"og:image\" content=\"https:\/\/www.abirato.com\/abiratoshop\/wp-content\/uploads\/2018\/09\/toucanmagN2.png\" \/>\n\t<meta property=\"og:image:width\" content=\"546\" \/>\n\t<meta property=\"og:image:height\" content=\"480\" \/>\n\t<meta property=\"og:image:type\" content=\"image\/png\" \/>\n<meta name=\"twitter:card\" content=\"summary_large_image\" \/>\n<script type=\"application\/ld+json\" class=\"yoast-schema-graph\">{\"@context\":\"https:\\\/\\\/schema.org\",\"@graph\":[{\"@type\":\"WebPage\",\"@id\":\"https:\\\/\\\/www.abirato.com\\\/abiratoshop\\\/produit\\\/le-toucan-magazine-n2\\\/\",\"url\":\"https:\\\/\\\/www.abirato.com\\\/abiratoshop\\\/produit\\\/le-toucan-magazine-n2\\\/\",\"name\":\"Le TOUCAN magazine N\u00b02 - MAISON DU RHU\",\"isPartOf\":{\"@id\":\"https:\\\/\\\/www.abirato.com\\\/abiratoshop\\\/#website\"},\"primaryImageOfPage\":{\"@id\":\"https:\\\/\\\/www.abirato.com\\\/abiratoshop\\\/produit\\\/le-toucan-magazine-n2\\\/#primaryimage\"},\"image\":{\"@id\":\"https:\\\/\\\/www.abirato.com\\\/abiratoshop\\\/produit\\\/le-toucan-magazine-n2\\\/#primaryimage\"},\"thumbnailUrl\":\"https:\\\/\\\/www.abirato.com\\\/abiratoshop\\\/wp-content\\\/uploads\\\/2018\\\/09\\\/toucanmagN2.png\",\"datePublished\":\"2018-09-14T12:17:13+00:00\",\"dateModified\":\"2020-10-07T13:26:34+00:00\",\"breadcrumb\":{\"@id\":\"https:\\\/\\\/www.abirato.com\\\/abiratoshop\\\/produit\\\/le-toucan-magazine-n2\\\/#breadcrumb\"},\"inLanguage\":\"fr-FR\",\"potentialAction\":[{\"@type\":\"ReadAction\",\"target\":[\"https:\\\/\\\/www.abirato.com\\\/abiratoshop\\\/produit\\\/le-toucan-magazine-n2\\\/\"]}]},{\"@type\":\"ImageObject\",\"inLanguage\":\"fr-FR\",\"@id\":\"https:\\\/\\\/www.abirato.com\\\/abiratoshop\\\/produit\\\/le-toucan-magazine-n2\\\/#primaryimage\",\"url\":\"https:\\\/\\\/www.abirato.com\\\/abiratoshop\\\/wp-content\\\/uploads\\\/2018\\\/09\\\/toucanmagN2.png\",\"contentUrl\":\"https:\\\/\\\/www.abirato.com\\\/abiratoshop\\\/wp-content\\\/uploads\\\/2018\\\/09\\\/toucanmagN2.png\",\"width\":546,\"height\":480},{\"@type\":\"BreadcrumbList\",\"@id\":\"https:\\\/\\\/www.abirato.com\\\/abiratoshop\\\/produit\\\/le-toucan-magazine-n2\\\/#breadcrumb\",\"itemListElement\":[{\"@type\":\"ListItem\",\"position\":1,\"name\":\"Accueil\",\"item\":\"https:\\\/\\\/www.abirato.com\\\/abiratoshop\\\/\"},{\"@type\":\"ListItem\",\"position\":2,\"name\":\"CATALOGUE COMPLET\",\"item\":\"https:\\\/\\\/www.abirato.com\\\/abiratoshop\\\/boutique\\\/\"},{\"@type\":\"ListItem\",\"position\":3,\"name\":\"Le TOUCAN magazine N\u00b02\"}]},{\"@type\":\"WebSite\",\"@id\":\"https:\\\/\\\/www.abirato.com\\\/abiratoshop\\\/#website\",\"url\":\"https:\\\/\\\/www.abirato.com\\\/abiratoshop\\\/\",\"name\":\"MAISON DU RHU\",\"description\":\"sautez la barri\u00e8re\",\"publisher\":{\"@id\":\"https:\\\/\\\/www.abirato.com\\\/abiratoshop\\\/#organization\"},\"potentialAction\":[{\"@type\":\"SearchAction\",\"target\":{\"@type\":\"EntryPoint\",\"urlTemplate\":\"https:\\\/\\\/www.abirato.com\\\/abiratoshop\\\/?s={search_term_string}\"},\"query-input\":{\"@type\":\"PropertyValueSpecification\",\"valueRequired\":true,\"valueName\":\"search_term_string\"}}],\"inLanguage\":\"fr-FR\"},{\"@type\":\"Organization\",\"@id\":\"https:\\\/\\\/www.abirato.com\\\/abiratoshop\\\/#organization\",\"name\":\"MAISON DU RHU\",\"url\":\"https:\\\/\\\/www.abirato.com\\\/abiratoshop\\\/\",\"logo\":{\"@type\":\"ImageObject\",\"inLanguage\":\"fr-FR\",\"@id\":\"https:\\\/\\\/www.abirato.com\\\/abiratoshop\\\/#\\\/schema\\\/logo\\\/image\\\/\",\"url\":\"https:\\\/\\\/www.abirato.com\\\/abiratoshop\\\/wp-content\\\/uploads\\\/2022\\\/01\\\/cropped-cropped-Logorhu17bis-1BLC.png\",\"contentUrl\":\"https:\\\/\\\/www.abirato.com\\\/abiratoshop\\\/wp-content\\\/uploads\\\/2022\\\/01\\\/cropped-cropped-Logorhu17bis-1BLC.png\",\"width\":114,\"height\":150,\"caption\":\"MAISON DU RHU\"},\"image\":{\"@id\":\"https:\\\/\\\/www.abirato.com\\\/abiratoshop\\\/#\\\/schema\\\/logo\\\/image\\\/\"}}]}<\/script>\n<!-- \/ Yoast SEO plugin. -->","yoast_head_json":{"title":"Le TOUCAN magazine N\u00b02 - MAISON DU RHU","robots":{"index":"index","follow":"follow","max-snippet":"max-snippet:-1","max-image-preview":"max-image-preview:large","max-video-preview":"max-video-preview:-1"},"canonical":"https:\/\/www.abirato.com\/abiratoshop\/produit\/le-toucan-magazine-n2\/","og_locale":"fr_FR","og_type":"article","og_title":"Le TOUCAN magazine N\u00b02 - MAISON DU RHU","og_description":"Des jeux, des histoires, des documentaires, des bricolages, des recettes de cuisine: C&#039;est notre magazine, le TOUCAN!  Augment\u00e9 de 4 pages, mais surtout de 3 nouveaux auteurs, et pas des moindres! Gwendal Lemercier, C\u00e9cile Hocquet et Nico Cado nous ont rejoint pour cette nouvelle version du magazine TOUCAN qui reprend donc son envol!  AU SOMMAIRE DE CE NUM\u00c9RO de 28 pages \u00e9colos: \u2022une super BD de Pirates sous les pinceaux de Gwendal \u2022le retors \"Bouille de Billard\" de sieur Cado \u2022des animaux cach\u00e9s habilement par C\u00e9cile  \u2022Un tas d'HISTOIRES DE MAYAS, et autres pr\u00e9colombiens \u2022les recettes de Nanny, le stupide mouton ouessantin OanOan, des jeux...  BONUS   28 pages; 21 x 21 cm ; reli\u00e9 Imprim\u00e9 en France sur papier \u00e9cologique recycl\u00e9 Imprimeur certification FSC\u00ae ISBN 978-2-9551177-1-2 EAN 9782955117712 sortie septembre 2018   Magazine jeunesse \u00e0 partir de 3 ans (Pour les petits et les grands)","og_url":"https:\/\/www.abirato.com\/abiratoshop\/produit\/le-toucan-magazine-n2\/","og_site_name":"MAISON DU RHU","article_modified_time":"2020-10-07T13:26:34+00:00","og_image":[{"width":546,"height":480,"url":"https:\/\/www.abirato.com\/abiratoshop\/wp-content\/uploads\/2018\/09\/toucanmagN2.png","type":"image\/png"}],"twitter_card":"summary_large_image","schema":{"@context":"https:\/\/schema.org","@graph":[{"@type":"WebPage","@id":"https:\/\/www.abirato.com\/abiratoshop\/produit\/le-toucan-magazine-n2\/","url":"https:\/\/www.abirato.com\/abiratoshop\/produit\/le-toucan-magazine-n2\/","name":"Le TOUCAN magazine N\u00b02 - MAISON DU RHU","isPartOf":{"@id":"https:\/\/www.abirato.com\/abiratoshop\/#website"},"primaryImageOfPage":{"@id":"https:\/\/www.abirato.com\/abiratoshop\/produit\/le-toucan-magazine-n2\/#primaryimage"},"image":{"@id":"https:\/\/www.abirato.com\/abiratoshop\/produit\/le-toucan-magazine-n2\/#primaryimage"},"thumbnailUrl":"https:\/\/www.abirato.com\/abiratoshop\/wp-content\/uploads\/2018\/09\/toucanmagN2.png","datePublished":"2018-09-14T12:17:13+00:00","dateModified":"2020-10-07T13:26:34+00:00","breadcrumb":{"@id":"https:\/\/www.abirato.com\/abiratoshop\/produit\/le-toucan-magazine-n2\/#breadcrumb"},"inLanguage":"fr-FR","potentialAction":[{"@type":"ReadAction","target":["https:\/\/www.abirato.com\/abiratoshop\/produit\/le-toucan-magazine-n2\/"]}]},{"@type":"ImageObject","inLanguage":"fr-FR","@id":"https:\/\/www.abirato.com\/abiratoshop\/produit\/le-toucan-magazine-n2\/#primaryimage","url":"https:\/\/www.abirato.com\/abiratoshop\/wp-content\/uploads\/2018\/09\/toucanmagN2.png","contentUrl":"https:\/\/www.abirato.com\/abiratoshop\/wp-content\/uploads\/2018\/09\/toucanmagN2.png","width":546,"height":480},{"@type":"BreadcrumbList","@id":"https:\/\/www.abirato.com\/abiratoshop\/produit\/le-toucan-magazine-n2\/#breadcrumb","itemListElement":[{"@type":"ListItem","position":1,"name":"Accueil","item":"https:\/\/www.abirato.com\/abiratoshop\/"},{"@type":"ListItem","position":2,"name":"CATALOGUE COMPLET","item":"https:\/\/www.abirato.com\/abiratoshop\/boutique\/"},{"@type":"ListItem","position":3,"name":"Le TOUCAN magazine N\u00b02"}]},{"@type":"WebSite","@id":"https:\/\/www.abirato.com\/abiratoshop\/#website","url":"https:\/\/www.abirato.com\/abiratoshop\/","name":"MAISON DU RHU","description":"sautez la barri\u00e8re","publisher":{"@id":"https:\/\/www.abirato.com\/abiratoshop\/#organization"},"potentialAction":[{"@type":"SearchAction","target":{"@type":"EntryPoint","urlTemplate":"https:\/\/www.abirato.com\/abiratoshop\/?s={search_term_string}"},"query-input":{"@type":"PropertyValueSpecification","valueRequired":true,"valueName":"search_term_string"}}],"inLanguage":"fr-FR"},{"@type":"Organization","@id":"https:\/\/www.abirato.com\/abiratoshop\/#organization","name":"MAISON DU RHU","url":"https:\/\/www.abirato.com\/abiratoshop\/","logo":{"@type":"ImageObject","inLanguage":"fr-FR","@id":"https:\/\/www.abirato.com\/abiratoshop\/#\/schema\/logo\/image\/","url":"https:\/\/www.abirato.com\/abiratoshop\/wp-content\/uploads\/2022\/01\/cropped-cropped-Logorhu17bis-1BLC.png","contentUrl":"https:\/\/www.abirato.com\/abiratoshop\/wp-content\/uploads\/2022\/01\/cropped-cropped-Logorhu17bis-1BLC.png","width":114,"height":150,"caption":"MAISON DU RHU"},"image":{"@id":"https:\/\/www.abirato.com\/abiratoshop\/#\/schema\/logo\/image\/"}}]}},"_links":{"self":[{"href":"https:\/\/www.abirato.com\/abiratoshop\/wp-json\/wp\/v2\/product\/3126","targetHints":{"allow":["GET"]}}],"collection":[{"href":"https:\/\/www.abirato.com\/abiratoshop\/wp-json\/wp\/v2\/product"}],"about":[{"href":"https:\/\/www.abirato.com\/abiratoshop\/wp-json\/wp\/v2\/types\/product"}],"replies":[{"embeddable":true,"href":"https:\/\/www.abirato.com\/abiratoshop\/wp-json\/wp\/v2\/comments?post=3126"}],"wp:featuredmedia":[{"embeddable":true,"href":"https:\/\/www.abirato.com\/abiratoshop\/wp-json\/wp\/v2\/media\/3127"}],"wp:attachment":[{"href":"https:\/\/www.abirato.com\/abiratoshop\/wp-json\/wp\/v2\/media?parent=3126"}],"wp:term":[{"taxonomy":"product_brand","embeddable":true,"href":"https:\/\/www.abirato.com\/abiratoshop\/wp-json\/wp\/v2\/product_brand?post=3126"},{"taxonomy":"product_cat","embeddable":true,"href":"https:\/\/www.abirato.com\/abiratoshop\/wp-json\/wp\/v2\/product_cat?post=3126"},{"taxonomy":"product_tag","embeddable":true,"href":"https:\/\/www.abirato.com\/abiratoshop\/wp-json\/wp\/v2\/product_tag?post=3126"}],"curies":[{"name":"wp","href":"https:\/\/api.w.org\/{rel}","templated":true}]}}