{"id":302,"date":"2015-10-06T19:42:45","date_gmt":"2015-10-06T18:42:45","guid":{"rendered":"http:\/\/www.abirato.com\/abiratoshop\/?post_type=product&#038;p=302"},"modified":"2015-10-15T17:18:19","modified_gmt":"2015-10-15T16:18:19","slug":"fond-decran-viltansous-1","status":"publish","type":"product","link":"https:\/\/www.abirato.com\/abiratoshop\/produit\/fond-decran-viltansous-1\/","title":{"rendered":"Fond d&rsquo;\u00e9cran Viltansous #1"},"content":{"rendered":"<div style=\"padding-bottom:20px; padding-top:10px;\" class=\"hupso-share-buttons\"><!-- Hupso Share Buttons - https:\/\/www.hupso.com\/share\/ --><a class=\"hupso_toolbar\" href=\"https:\/\/www.hupso.com\/share\/\"><img decoding=\"async\" src=\"https:\/\/static.hupso.com\/share\/buttons\/lang\/fr\/share-medium.png\" style=\"border:0px; padding-top: 5px; float:left;\" alt=\"Share Button\"\/><\/a><script type=\"text\/javascript\">var hupso_services_t=new Array(\"Twitter\",\"Facebook\",\"Google Plus\",\"Pinterest\",\"Linkedin\",\"Tumblr\");var hupso_background_t=\"#EAF4FF\";var hupso_border_t=\"#66CCFF\";var hupso_toolbar_size_t=\"medium\";var hupso_image_folder_url = \"\";var hupso_url_t=\"\";var hupso_title_t=\"Fond%20d%27%C3%A9cran%20Viltansous%20%231\";<\/script><script type=\"text\/javascript\" src=\"https:\/\/static.hupso.com\/share\/js\/share_toolbar.js\"><\/script><!-- Hupso Share Buttons --><\/div>","protected":false},"excerpt":{"rendered":"<p>Fond d&#039;\u00e9cran Viltansous #1 GRATUIT<\/p>\n<p><a href=\"http:\/\/www.abirato.com\/abiratoshop\/wp-content\/uploads\/2015\/10\/fondecran1.jpg\" target=\"_blank\"><button type=\"submit\" class=\"single_add_to_cart_button button alt\">T\u00c9L\u00c9CHARGEZ GRATUITEMENT!<\/button><\/a><br \/>\n<small>clic droit enregistrer-sous<\/small><\/p>\n","protected":false},"featured_media":333,"comment_status":"open","ping_status":"closed","template":"","meta":{"_exactmetrics_skip_tracking":false,"_exactmetrics_sitenote_active":false,"_exactmetrics_sitenote_note":"","_exactmetrics_sitenote_category":0},"product_brand":[],"product_cat":[10],"product_tag":[23],"class_list":{"0":"post-302","1":"product","2":"type-product","3":"status-publish","4":"has-post-thumbnail","6":"product_cat-petits-plus","7":"product_tag-viltansous","9":"first","10":"instock","11":"downloadable","12":"virtual","13":"product-type-simple"},"yoast_head":"<!-- This site is optimized with the Yoast SEO plugin v27.3 - https:\/\/yoast.com\/product\/yoast-seo-wordpress\/ -->\n<title>Fond d&#039;\u00e9cran Viltansous #1 - MAISON DU RHU<\/title>\n<meta name=\"robots\" content=\"index, follow, max-snippet:-1, max-image-preview:large, max-video-preview:-1\" \/>\n<link rel=\"canonical\" href=\"https:\/\/www.abirato.com\/abiratoshop\/produit\/fond-decran-viltansous-1\/\" \/>\n<meta property=\"og:locale\" content=\"fr_FR\" \/>\n<meta property=\"og:type\" content=\"article\" \/>\n<meta property=\"og:title\" content=\"Fond d&#039;\u00e9cran Viltansous #1 - MAISON DU RHU\" \/>\n<meta property=\"og:description\" content=\"Fond d&#039;\u00e9cran Viltansous #1 GRATUIT   T\u00c9L\u00c9CHARGEZ GRATUITEMENT! clic droit enregistrer-sous\" \/>\n<meta property=\"og:url\" content=\"https:\/\/www.abirato.com\/abiratoshop\/produit\/fond-decran-viltansous-1\/\" \/>\n<meta property=\"og:site_name\" content=\"MAISON DU RHU\" \/>\n<meta property=\"article:modified_time\" content=\"2015-10-15T16:18:19+00:00\" \/>\n<meta property=\"og:image\" content=\"https:\/\/www.abirato.com\/abiratoshop\/wp-content\/uploads\/2015\/10\/fondecran1-v1.png\" \/>\n\t<meta property=\"og:image:width\" content=\"500\" \/>\n\t<meta property=\"og:image:height\" content=\"413\" \/>\n\t<meta property=\"og:image:type\" content=\"image\/png\" \/>\n<meta name=\"twitter:card\" content=\"summary_large_image\" \/>\n<script type=\"application\/ld+json\" class=\"yoast-schema-graph\">{\"@context\":\"https:\\\/\\\/schema.org\",\"@graph\":[{\"@type\":\"WebPage\",\"@id\":\"https:\\\/\\\/www.abirato.com\\\/abiratoshop\\\/produit\\\/fond-decran-viltansous-1\\\/\",\"url\":\"https:\\\/\\\/www.abirato.com\\\/abiratoshop\\\/produit\\\/fond-decran-viltansous-1\\\/\",\"name\":\"Fond d'\u00e9cran Viltansous #1 - MAISON DU RHU\",\"isPartOf\":{\"@id\":\"https:\\\/\\\/www.abirato.com\\\/abiratoshop\\\/#website\"},\"primaryImageOfPage\":{\"@id\":\"https:\\\/\\\/www.abirato.com\\\/abiratoshop\\\/produit\\\/fond-decran-viltansous-1\\\/#primaryimage\"},\"image\":{\"@id\":\"https:\\\/\\\/www.abirato.com\\\/abiratoshop\\\/produit\\\/fond-decran-viltansous-1\\\/#primaryimage\"},\"thumbnailUrl\":\"https:\\\/\\\/www.abirato.com\\\/abiratoshop\\\/wp-content\\\/uploads\\\/2015\\\/10\\\/fondecran1-v1.png\",\"datePublished\":\"2015-10-06T18:42:45+00:00\",\"dateModified\":\"2015-10-15T16:18:19+00:00\",\"breadcrumb\":{\"@id\":\"https:\\\/\\\/www.abirato.com\\\/abiratoshop\\\/produit\\\/fond-decran-viltansous-1\\\/#breadcrumb\"},\"inLanguage\":\"fr-FR\",\"potentialAction\":[{\"@type\":\"ReadAction\",\"target\":[\"https:\\\/\\\/www.abirato.com\\\/abiratoshop\\\/produit\\\/fond-decran-viltansous-1\\\/\"]}]},{\"@type\":\"ImageObject\",\"inLanguage\":\"fr-FR\",\"@id\":\"https:\\\/\\\/www.abirato.com\\\/abiratoshop\\\/produit\\\/fond-decran-viltansous-1\\\/#primaryimage\",\"url\":\"https:\\\/\\\/www.abirato.com\\\/abiratoshop\\\/wp-content\\\/uploads\\\/2015\\\/10\\\/fondecran1-v1.png\",\"contentUrl\":\"https:\\\/\\\/www.abirato.com\\\/abiratoshop\\\/wp-content\\\/uploads\\\/2015\\\/10\\\/fondecran1-v1.png\",\"width\":500,\"height\":413},{\"@type\":\"BreadcrumbList\",\"@id\":\"https:\\\/\\\/www.abirato.com\\\/abiratoshop\\\/produit\\\/fond-decran-viltansous-1\\\/#breadcrumb\",\"itemListElement\":[{\"@type\":\"ListItem\",\"position\":1,\"name\":\"Accueil\",\"item\":\"https:\\\/\\\/www.abirato.com\\\/abiratoshop\\\/\"},{\"@type\":\"ListItem\",\"position\":2,\"name\":\"CATALOGUE COMPLET\",\"item\":\"https:\\\/\\\/www.abirato.com\\\/abiratoshop\\\/boutique\\\/\"},{\"@type\":\"ListItem\",\"position\":3,\"name\":\"Fond d&rsquo;\u00e9cran Viltansous #1\"}]},{\"@type\":\"WebSite\",\"@id\":\"https:\\\/\\\/www.abirato.com\\\/abiratoshop\\\/#website\",\"url\":\"https:\\\/\\\/www.abirato.com\\\/abiratoshop\\\/\",\"name\":\"MAISON DU RHU\",\"description\":\"sautez la barri\u00e8re\",\"publisher\":{\"@id\":\"https:\\\/\\\/www.abirato.com\\\/abiratoshop\\\/#organization\"},\"potentialAction\":[{\"@type\":\"SearchAction\",\"target\":{\"@type\":\"EntryPoint\",\"urlTemplate\":\"https:\\\/\\\/www.abirato.com\\\/abiratoshop\\\/?s={search_term_string}\"},\"query-input\":{\"@type\":\"PropertyValueSpecification\",\"valueRequired\":true,\"valueName\":\"search_term_string\"}}],\"inLanguage\":\"fr-FR\"},{\"@type\":\"Organization\",\"@id\":\"https:\\\/\\\/www.abirato.com\\\/abiratoshop\\\/#organization\",\"name\":\"MAISON DU RHU\",\"url\":\"https:\\\/\\\/www.abirato.com\\\/abiratoshop\\\/\",\"logo\":{\"@type\":\"ImageObject\",\"inLanguage\":\"fr-FR\",\"@id\":\"https:\\\/\\\/www.abirato.com\\\/abiratoshop\\\/#\\\/schema\\\/logo\\\/image\\\/\",\"url\":\"https:\\\/\\\/www.abirato.com\\\/abiratoshop\\\/wp-content\\\/uploads\\\/2022\\\/01\\\/cropped-cropped-Logorhu17bis-1BLC.png\",\"contentUrl\":\"https:\\\/\\\/www.abirato.com\\\/abiratoshop\\\/wp-content\\\/uploads\\\/2022\\\/01\\\/cropped-cropped-Logorhu17bis-1BLC.png\",\"width\":114,\"height\":150,\"caption\":\"MAISON DU RHU\"},\"image\":{\"@id\":\"https:\\\/\\\/www.abirato.com\\\/abiratoshop\\\/#\\\/schema\\\/logo\\\/image\\\/\"}}]}<\/script>\n<!-- \/ Yoast SEO plugin. -->","yoast_head_json":{"title":"Fond d'\u00e9cran Viltansous #1 - MAISON DU RHU","robots":{"index":"index","follow":"follow","max-snippet":"max-snippet:-1","max-image-preview":"max-image-preview:large","max-video-preview":"max-video-preview:-1"},"canonical":"https:\/\/www.abirato.com\/abiratoshop\/produit\/fond-decran-viltansous-1\/","og_locale":"fr_FR","og_type":"article","og_title":"Fond d'\u00e9cran Viltansous #1 - MAISON DU RHU","og_description":"Fond d&#039;\u00e9cran Viltansous #1 GRATUIT   T\u00c9L\u00c9CHARGEZ GRATUITEMENT! clic droit enregistrer-sous","og_url":"https:\/\/www.abirato.com\/abiratoshop\/produit\/fond-decran-viltansous-1\/","og_site_name":"MAISON DU RHU","article_modified_time":"2015-10-15T16:18:19+00:00","og_image":[{"width":500,"height":413,"url":"https:\/\/www.abirato.com\/abiratoshop\/wp-content\/uploads\/2015\/10\/fondecran1-v1.png","type":"image\/png"}],"twitter_card":"summary_large_image","schema":{"@context":"https:\/\/schema.org","@graph":[{"@type":"WebPage","@id":"https:\/\/www.abirato.com\/abiratoshop\/produit\/fond-decran-viltansous-1\/","url":"https:\/\/www.abirato.com\/abiratoshop\/produit\/fond-decran-viltansous-1\/","name":"Fond d'\u00e9cran Viltansous #1 - MAISON DU RHU","isPartOf":{"@id":"https:\/\/www.abirato.com\/abiratoshop\/#website"},"primaryImageOfPage":{"@id":"https:\/\/www.abirato.com\/abiratoshop\/produit\/fond-decran-viltansous-1\/#primaryimage"},"image":{"@id":"https:\/\/www.abirato.com\/abiratoshop\/produit\/fond-decran-viltansous-1\/#primaryimage"},"thumbnailUrl":"https:\/\/www.abirato.com\/abiratoshop\/wp-content\/uploads\/2015\/10\/fondecran1-v1.png","datePublished":"2015-10-06T18:42:45+00:00","dateModified":"2015-10-15T16:18:19+00:00","breadcrumb":{"@id":"https:\/\/www.abirato.com\/abiratoshop\/produit\/fond-decran-viltansous-1\/#breadcrumb"},"inLanguage":"fr-FR","potentialAction":[{"@type":"ReadAction","target":["https:\/\/www.abirato.com\/abiratoshop\/produit\/fond-decran-viltansous-1\/"]}]},{"@type":"ImageObject","inLanguage":"fr-FR","@id":"https:\/\/www.abirato.com\/abiratoshop\/produit\/fond-decran-viltansous-1\/#primaryimage","url":"https:\/\/www.abirato.com\/abiratoshop\/wp-content\/uploads\/2015\/10\/fondecran1-v1.png","contentUrl":"https:\/\/www.abirato.com\/abiratoshop\/wp-content\/uploads\/2015\/10\/fondecran1-v1.png","width":500,"height":413},{"@type":"BreadcrumbList","@id":"https:\/\/www.abirato.com\/abiratoshop\/produit\/fond-decran-viltansous-1\/#breadcrumb","itemListElement":[{"@type":"ListItem","position":1,"name":"Accueil","item":"https:\/\/www.abirato.com\/abiratoshop\/"},{"@type":"ListItem","position":2,"name":"CATALOGUE COMPLET","item":"https:\/\/www.abirato.com\/abiratoshop\/boutique\/"},{"@type":"ListItem","position":3,"name":"Fond d&rsquo;\u00e9cran Viltansous #1"}]},{"@type":"WebSite","@id":"https:\/\/www.abirato.com\/abiratoshop\/#website","url":"https:\/\/www.abirato.com\/abiratoshop\/","name":"MAISON DU RHU","description":"sautez la barri\u00e8re","publisher":{"@id":"https:\/\/www.abirato.com\/abiratoshop\/#organization"},"potentialAction":[{"@type":"SearchAction","target":{"@type":"EntryPoint","urlTemplate":"https:\/\/www.abirato.com\/abiratoshop\/?s={search_term_string}"},"query-input":{"@type":"PropertyValueSpecification","valueRequired":true,"valueName":"search_term_string"}}],"inLanguage":"fr-FR"},{"@type":"Organization","@id":"https:\/\/www.abirato.com\/abiratoshop\/#organization","name":"MAISON DU RHU","url":"https:\/\/www.abirato.com\/abiratoshop\/","logo":{"@type":"ImageObject","inLanguage":"fr-FR","@id":"https:\/\/www.abirato.com\/abiratoshop\/#\/schema\/logo\/image\/","url":"https:\/\/www.abirato.com\/abiratoshop\/wp-content\/uploads\/2022\/01\/cropped-cropped-Logorhu17bis-1BLC.png","contentUrl":"https:\/\/www.abirato.com\/abiratoshop\/wp-content\/uploads\/2022\/01\/cropped-cropped-Logorhu17bis-1BLC.png","width":114,"height":150,"caption":"MAISON DU RHU"},"image":{"@id":"https:\/\/www.abirato.com\/abiratoshop\/#\/schema\/logo\/image\/"}}]}},"_links":{"self":[{"href":"https:\/\/www.abirato.com\/abiratoshop\/wp-json\/wp\/v2\/product\/302","targetHints":{"allow":["GET"]}}],"collection":[{"href":"https:\/\/www.abirato.com\/abiratoshop\/wp-json\/wp\/v2\/product"}],"about":[{"href":"https:\/\/www.abirato.com\/abiratoshop\/wp-json\/wp\/v2\/types\/product"}],"replies":[{"embeddable":true,"href":"https:\/\/www.abirato.com\/abiratoshop\/wp-json\/wp\/v2\/comments?post=302"}],"wp:featuredmedia":[{"embeddable":true,"href":"https:\/\/www.abirato.com\/abiratoshop\/wp-json\/wp\/v2\/media\/333"}],"wp:attachment":[{"href":"https:\/\/www.abirato.com\/abiratoshop\/wp-json\/wp\/v2\/media?parent=302"}],"wp:term":[{"taxonomy":"product_brand","embeddable":true,"href":"https:\/\/www.abirato.com\/abiratoshop\/wp-json\/wp\/v2\/product_brand?post=302"},{"taxonomy":"product_cat","embeddable":true,"href":"https:\/\/www.abirato.com\/abiratoshop\/wp-json\/wp\/v2\/product_cat?post=302"},{"taxonomy":"product_tag","embeddable":true,"href":"https:\/\/www.abirato.com\/abiratoshop\/wp-json\/wp\/v2\/product_tag?post=302"}],"curies":[{"name":"wp","href":"https:\/\/api.w.org\/{rel}","templated":true}]}}