{"id":95,"date":"2015-09-20T10:25:16","date_gmt":"2015-09-20T09:25:16","guid":{"rendered":"http:\/\/abirato.com\/abiratoshop\/?page_id=95"},"modified":"2022-01-06T23:27:20","modified_gmt":"2022-01-06T22:27:20","slug":"expositions","status":"publish","type":"page","link":"https:\/\/www.abirato.com\/abiratoshop\/expositions\/","title":{"rendered":"EXPOSITION MAISON DU RHU"},"content":{"rendered":"<h2>TOUTE L&rsquo;ANN\u00c9E<\/h2>\n<p>Vente d&rsquo;originaux, Cours, Stages et Ateliers dessin, carnets, peinture, arts num\u00e9riques:<br \/>\n<strong>06 72 75 84 82<\/strong><br \/>\n<a href=\"mailto: contact@editionsdurhu.com\"> contact@editionsdurhu.com<\/a><\/p>\n<p><a href=\"http:\/\/www.abirato.com\/abiratoshop\/wp-content\/uploads\/2015\/09\/2015-03-21-Bibliothe\u0300que-Expo-BD-08.jpg\"><img fetchpriority=\"high\" decoding=\"async\" class=\"size-large wp-image-98\" src=\"http:\/\/www.abirato.com\/abiratoshop\/wp-content\/uploads\/2015\/09\/2015-03-21-Bibliothe\u0300que-Expo-BD-08-1024x683.jpg\" alt=\"\" width=\"640\" height=\"427\" srcset=\"https:\/\/www.abirato.com\/abiratoshop\/wp-content\/uploads\/2015\/09\/2015-03-21-Bibliothe\u0300que-Expo-BD-08-1024x683.jpg 1024w, https:\/\/www.abirato.com\/abiratoshop\/wp-content\/uploads\/2015\/09\/2015-03-21-Bibliothe\u0300que-Expo-BD-08-600x400.jpg 600w, https:\/\/www.abirato.com\/abiratoshop\/wp-content\/uploads\/2015\/09\/2015-03-21-Bibliothe\u0300que-Expo-BD-08-300x200.jpg 300w, https:\/\/www.abirato.com\/abiratoshop\/wp-content\/uploads\/2015\/09\/2015-03-21-Bibliothe\u0300que-Expo-BD-08-750x500.jpg 750w, https:\/\/www.abirato.com\/abiratoshop\/wp-content\/uploads\/2015\/09\/2015-03-21-Bibliothe\u0300que-Expo-BD-08.jpg 1132w\" sizes=\"(max-width: 640px) 100vw, 640px\" \/><\/a><\/p>\n<p>Cette exposition est d&rsquo;ores et d\u00e9j\u00e0 disponible \u00e0 la location\u00a0(en fonction de notre calendrier).<br \/>\nConstitu\u00e9e d&rsquo;encadrements soign\u00e9s de dessins originaux ou impressions de qualit\u00e9 sur papier aquarelle,<br \/>\nelle met en sc\u00e8ne de fa\u00e7on ludique et p\u00e9dagogique le processus de cr\u00e9ation d&rsquo;un livre jeunesse de A \u00e0 Z<br \/>\n\u2022CARNETS<br \/>\n\u2022PLANCHES<br \/>\n\u2022RECHERCHES<br \/>\n\u2022TIRAGES DE LUXES<br \/>\n\u2022ORIGINAUX COULEUR DIRECTE<br \/>\n\u2022SC\u00c9NOGRAPHIE<br \/>\n(exposition \u00e0 g\u00e9om\u00e9trie variable, d&rsquo;une dizaine \u00e0 une quarantaine de cadres diff\u00e9rents formats adapt\u00e9s \u00e0 tous types de salles).<\/p>\n<p>Elle peut s&rsquo;accompagner d&rsquo;interventions jeune public, comprendre l&rsquo;accrochage par nos soins,<br \/>\nnotre pr\u00e9sence agr\u00e9able au vernissage, une s\u00e9ance amusante de d\u00e9dicaces&#8230;<\/p>\n<p>N&rsquo;h\u00e9sitez pas \u00e0 <a href=\"mailto: weber@abirato.com\"><strong>nous-contacter<\/strong><\/a> pour discuter ensemble des modalit\u00e9s!<\/p>\n<p><a href=\"http:\/\/www.abirato.com\/abiratoshop\/wp-content\/uploads\/2015\/09\/dedic2.jpg\"><img decoding=\"async\" class=\"aligncenter size-large wp-image-773\" src=\"http:\/\/www.abirato.com\/abiratoshop\/wp-content\/uploads\/2015\/09\/dedic2-1024x680.jpg\" alt=\"d\u00e9dicaces\" width=\"640\" height=\"425\" srcset=\"https:\/\/www.abirato.com\/abiratoshop\/wp-content\/uploads\/2015\/09\/dedic2-1024x680.jpg 1024w, https:\/\/www.abirato.com\/abiratoshop\/wp-content\/uploads\/2015\/09\/dedic2-600x398.jpg 600w, https:\/\/www.abirato.com\/abiratoshop\/wp-content\/uploads\/2015\/09\/dedic2-300x199.jpg 300w, https:\/\/www.abirato.com\/abiratoshop\/wp-content\/uploads\/2015\/09\/dedic2-768x510.jpg 768w, https:\/\/www.abirato.com\/abiratoshop\/wp-content\/uploads\/2015\/09\/dedic2.jpg 2048w\" sizes=\"(max-width: 640px) 100vw, 640px\" \/><\/a><\/p>\n<hr \/>\n<p>ON FAIT \u00c7A AUSSI&#8230;<\/p>\n<p><a class=\"script2\" href=\"http:\/\/abirato.com\/abiratoshop\/ateliers\/\">\u2022Des ateliers<\/a> &#8211; <a href=\"http:\/\/abirato.com\/abiratoshop\/ateliers\/\">en savoir plus <img decoding=\"async\" src=\"http:\/\/www.abirato.com\/abiratoshop\/wp-content\/uploads\/2015\/10\/suiv.png\" width=\"30\" \/><\/a><br \/>\n<a class=\"script2\" href=\"http:\/\/abirato.com\/abiratoshop\/concert-dessine\/\">\u2022Concert-dessin\u00e9<\/a> &#8211; <a href=\"http:\/\/abirato.com\/abiratoshop\/expositions\/\">en savoir plus <img decoding=\"async\" src=\"http:\/\/www.abirato.com\/abiratoshop\/wp-content\/uploads\/2015\/10\/suiv.png\" width=\"30\" \/><\/a><\/p>\n<div style=\"padding-bottom:20px; padding-top:10px;\" class=\"hupso-share-buttons\"><!-- Hupso Share Buttons - https:\/\/www.hupso.com\/share\/ --><a class=\"hupso_toolbar\" href=\"https:\/\/www.hupso.com\/share\/\"><img decoding=\"async\" src=\"https:\/\/static.hupso.com\/share\/buttons\/lang\/fr\/share-medium.png\" style=\"border:0px; padding-top: 5px; float:left;\" alt=\"Share Button\"\/><\/a><script type=\"text\/javascript\">var hupso_services_t=new Array(\"Twitter\",\"Facebook\",\"Google Plus\",\"Pinterest\",\"Linkedin\",\"Tumblr\");var hupso_background_t=\"#EAF4FF\";var hupso_border_t=\"#66CCFF\";var hupso_toolbar_size_t=\"medium\";var hupso_image_folder_url = \"\";var hupso_url_t=\"\";var hupso_title_t=\"EXPOSITION%20MAISON%20DU%20RHU\";<\/script><script type=\"text\/javascript\" src=\"https:\/\/static.hupso.com\/share\/js\/share_toolbar.js\"><\/script><!-- Hupso Share Buttons --><\/div>","protected":false},"excerpt":{"rendered":"<p>TOUTE L&rsquo;ANN\u00c9E Vente d&rsquo;originaux, Cours, Stages et Ateliers dessin, carnets, peinture, arts num\u00e9riques: 06 72 75 84 82 contact@editionsdurhu.com Cette exposition est d&rsquo;ores et d\u00e9j\u00e0 disponible \u00e0 la location\u00a0(en fonction de notre calendrier). Constitu\u00e9e d&rsquo;encadrements soign\u00e9s de dessins originaux ou impressions de qualit\u00e9 sur papier aquarelle, elle met en sc\u00e8ne de fa\u00e7on ludique et p\u00e9dagogique<\/p><\/div>\n<div class=\"blog-btn\"><a href=\"https:\/\/www.abirato.com\/abiratoshop\/expositions\/\" class=\"home-blog-btn\">Lire la suite<\/a><\/p>\n","protected":false},"author":1,"featured_media":99,"parent":0,"menu_order":0,"comment_status":"closed","ping_status":"closed","template":"template\/template-page-full-width.php","meta":{"_exactmetrics_skip_tracking":false,"_exactmetrics_sitenote_active":false,"_exactmetrics_sitenote_note":"","_exactmetrics_sitenote_category":0,"footnotes":""},"class_list":["post-95","page","type-page","status-publish","has-post-thumbnail","hentry"],"yoast_head":"<!-- This site is optimized with the Yoast SEO plugin v27.3 - https:\/\/yoast.com\/product\/yoast-seo-wordpress\/ -->\n<title>EXPOSITION MAISON DU RHU - MAISON DU RHU<\/title>\n<meta name=\"robots\" content=\"index, follow, max-snippet:-1, max-image-preview:large, max-video-preview:-1\" \/>\n<link rel=\"canonical\" href=\"https:\/\/www.abirato.com\/abiratoshop\/expositions\/\" \/>\n<meta property=\"og:locale\" content=\"fr_FR\" \/>\n<meta property=\"og:type\" content=\"article\" \/>\n<meta property=\"og:title\" content=\"EXPOSITION MAISON DU RHU - MAISON DU RHU\" \/>\n<meta property=\"og:description\" content=\"TOUTE L&rsquo;ANN\u00c9E Vente d&rsquo;originaux, Cours, Stages et Ateliers dessin, carnets, peinture, arts num\u00e9riques: 06 72 75 84 82 contact@editionsdurhu.com Cette exposition est d&rsquo;ores et d\u00e9j\u00e0 disponible \u00e0 la location\u00a0(en fonction de notre calendrier). Constitu\u00e9e d&rsquo;encadrements soign\u00e9s de dessins originaux ou impressions de qualit\u00e9 sur papier aquarelle, elle met en sc\u00e8ne de fa\u00e7on ludique et p\u00e9dagogiqueLire la suite\" \/>\n<meta property=\"og:url\" content=\"https:\/\/www.abirato.com\/abiratoshop\/expositions\/\" \/>\n<meta property=\"og:site_name\" content=\"MAISON DU RHU\" \/>\n<meta property=\"article:modified_time\" content=\"2022-01-06T22:27:20+00:00\" \/>\n<meta property=\"og:image\" content=\"https:\/\/www.abirato.com\/abiratoshop\/wp-content\/uploads\/2015\/09\/2015-03-21-Bibliothe\u0300que-Expo-BD-09.jpg\" \/>\n\t<meta property=\"og:image:width\" content=\"1132\" \/>\n\t<meta property=\"og:image:height\" content=\"755\" \/>\n\t<meta property=\"og:image:type\" content=\"image\/jpeg\" \/>\n<meta name=\"twitter:card\" content=\"summary_large_image\" \/>\n<meta name=\"twitter:label1\" content=\"Dur\u00e9e de lecture estim\u00e9e\" \/>\n\t<meta name=\"twitter:data1\" content=\"2 minutes\" \/>\n<script type=\"application\/ld+json\" class=\"yoast-schema-graph\">{\"@context\":\"https:\\\/\\\/schema.org\",\"@graph\":[{\"@type\":\"WebPage\",\"@id\":\"https:\\\/\\\/www.abirato.com\\\/abiratoshop\\\/expositions\\\/\",\"url\":\"https:\\\/\\\/www.abirato.com\\\/abiratoshop\\\/expositions\\\/\",\"name\":\"EXPOSITION MAISON DU RHU - MAISON DU RHU\",\"isPartOf\":{\"@id\":\"https:\\\/\\\/www.abirato.com\\\/abiratoshop\\\/#website\"},\"primaryImageOfPage\":{\"@id\":\"https:\\\/\\\/www.abirato.com\\\/abiratoshop\\\/expositions\\\/#primaryimage\"},\"image\":{\"@id\":\"https:\\\/\\\/www.abirato.com\\\/abiratoshop\\\/expositions\\\/#primaryimage\"},\"thumbnailUrl\":\"https:\\\/\\\/www.abirato.com\\\/abiratoshop\\\/wp-content\\\/uploads\\\/2015\\\/09\\\/2015-03-21-Bibliothe\u0300que-Expo-BD-09.jpg\",\"datePublished\":\"2015-09-20T09:25:16+00:00\",\"dateModified\":\"2022-01-06T22:27:20+00:00\",\"breadcrumb\":{\"@id\":\"https:\\\/\\\/www.abirato.com\\\/abiratoshop\\\/expositions\\\/#breadcrumb\"},\"inLanguage\":\"fr-FR\",\"potentialAction\":[{\"@type\":\"ReadAction\",\"target\":[\"https:\\\/\\\/www.abirato.com\\\/abiratoshop\\\/expositions\\\/\"]}]},{\"@type\":\"ImageObject\",\"inLanguage\":\"fr-FR\",\"@id\":\"https:\\\/\\\/www.abirato.com\\\/abiratoshop\\\/expositions\\\/#primaryimage\",\"url\":\"https:\\\/\\\/www.abirato.com\\\/abiratoshop\\\/wp-content\\\/uploads\\\/2015\\\/09\\\/2015-03-21-Bibliothe\u0300que-Expo-BD-09.jpg\",\"contentUrl\":\"https:\\\/\\\/www.abirato.com\\\/abiratoshop\\\/wp-content\\\/uploads\\\/2015\\\/09\\\/2015-03-21-Bibliothe\u0300que-Expo-BD-09.jpg\",\"width\":1132,\"height\":755,\"caption\":\"Exposition du Rhu\"},{\"@type\":\"BreadcrumbList\",\"@id\":\"https:\\\/\\\/www.abirato.com\\\/abiratoshop\\\/expositions\\\/#breadcrumb\",\"itemListElement\":[{\"@type\":\"ListItem\",\"position\":1,\"name\":\"Accueil\",\"item\":\"https:\\\/\\\/www.abirato.com\\\/abiratoshop\\\/\"},{\"@type\":\"ListItem\",\"position\":2,\"name\":\"EXPOSITION MAISON DU RHU\"}]},{\"@type\":\"WebSite\",\"@id\":\"https:\\\/\\\/www.abirato.com\\\/abiratoshop\\\/#website\",\"url\":\"https:\\\/\\\/www.abirato.com\\\/abiratoshop\\\/\",\"name\":\"MAISON DU RHU\",\"description\":\"sautez la barri\u00e8re\",\"publisher\":{\"@id\":\"https:\\\/\\\/www.abirato.com\\\/abiratoshop\\\/#organization\"},\"potentialAction\":[{\"@type\":\"SearchAction\",\"target\":{\"@type\":\"EntryPoint\",\"urlTemplate\":\"https:\\\/\\\/www.abirato.com\\\/abiratoshop\\\/?s={search_term_string}\"},\"query-input\":{\"@type\":\"PropertyValueSpecification\",\"valueRequired\":true,\"valueName\":\"search_term_string\"}}],\"inLanguage\":\"fr-FR\"},{\"@type\":\"Organization\",\"@id\":\"https:\\\/\\\/www.abirato.com\\\/abiratoshop\\\/#organization\",\"name\":\"MAISON DU RHU\",\"url\":\"https:\\\/\\\/www.abirato.com\\\/abiratoshop\\\/\",\"logo\":{\"@type\":\"ImageObject\",\"inLanguage\":\"fr-FR\",\"@id\":\"https:\\\/\\\/www.abirato.com\\\/abiratoshop\\\/#\\\/schema\\\/logo\\\/image\\\/\",\"url\":\"https:\\\/\\\/www.abirato.com\\\/abiratoshop\\\/wp-content\\\/uploads\\\/2022\\\/01\\\/cropped-cropped-Logorhu17bis-1BLC.png\",\"contentUrl\":\"https:\\\/\\\/www.abirato.com\\\/abiratoshop\\\/wp-content\\\/uploads\\\/2022\\\/01\\\/cropped-cropped-Logorhu17bis-1BLC.png\",\"width\":114,\"height\":150,\"caption\":\"MAISON DU RHU\"},\"image\":{\"@id\":\"https:\\\/\\\/www.abirato.com\\\/abiratoshop\\\/#\\\/schema\\\/logo\\\/image\\\/\"}}]}<\/script>\n<!-- \/ Yoast SEO plugin. -->","yoast_head_json":{"title":"EXPOSITION MAISON DU RHU - MAISON DU RHU","robots":{"index":"index","follow":"follow","max-snippet":"max-snippet:-1","max-image-preview":"max-image-preview:large","max-video-preview":"max-video-preview:-1"},"canonical":"https:\/\/www.abirato.com\/abiratoshop\/expositions\/","og_locale":"fr_FR","og_type":"article","og_title":"EXPOSITION MAISON DU RHU - MAISON DU RHU","og_description":"TOUTE L&rsquo;ANN\u00c9E Vente d&rsquo;originaux, Cours, Stages et Ateliers dessin, carnets, peinture, arts num\u00e9riques: 06 72 75 84 82 contact@editionsdurhu.com Cette exposition est d&rsquo;ores et d\u00e9j\u00e0 disponible \u00e0 la location\u00a0(en fonction de notre calendrier). Constitu\u00e9e d&rsquo;encadrements soign\u00e9s de dessins originaux ou impressions de qualit\u00e9 sur papier aquarelle, elle met en sc\u00e8ne de fa\u00e7on ludique et p\u00e9dagogiqueLire la suite","og_url":"https:\/\/www.abirato.com\/abiratoshop\/expositions\/","og_site_name":"MAISON DU RHU","article_modified_time":"2022-01-06T22:27:20+00:00","og_image":[{"width":1132,"height":755,"url":"https:\/\/www.abirato.com\/abiratoshop\/wp-content\/uploads\/2015\/09\/2015-03-21-Bibliothe\u0300que-Expo-BD-09.jpg","type":"image\/jpeg"}],"twitter_card":"summary_large_image","twitter_misc":{"Dur\u00e9e de lecture estim\u00e9e":"2 minutes"},"schema":{"@context":"https:\/\/schema.org","@graph":[{"@type":"WebPage","@id":"https:\/\/www.abirato.com\/abiratoshop\/expositions\/","url":"https:\/\/www.abirato.com\/abiratoshop\/expositions\/","name":"EXPOSITION MAISON DU RHU - MAISON DU RHU","isPartOf":{"@id":"https:\/\/www.abirato.com\/abiratoshop\/#website"},"primaryImageOfPage":{"@id":"https:\/\/www.abirato.com\/abiratoshop\/expositions\/#primaryimage"},"image":{"@id":"https:\/\/www.abirato.com\/abiratoshop\/expositions\/#primaryimage"},"thumbnailUrl":"https:\/\/www.abirato.com\/abiratoshop\/wp-content\/uploads\/2015\/09\/2015-03-21-Bibliothe\u0300que-Expo-BD-09.jpg","datePublished":"2015-09-20T09:25:16+00:00","dateModified":"2022-01-06T22:27:20+00:00","breadcrumb":{"@id":"https:\/\/www.abirato.com\/abiratoshop\/expositions\/#breadcrumb"},"inLanguage":"fr-FR","potentialAction":[{"@type":"ReadAction","target":["https:\/\/www.abirato.com\/abiratoshop\/expositions\/"]}]},{"@type":"ImageObject","inLanguage":"fr-FR","@id":"https:\/\/www.abirato.com\/abiratoshop\/expositions\/#primaryimage","url":"https:\/\/www.abirato.com\/abiratoshop\/wp-content\/uploads\/2015\/09\/2015-03-21-Bibliothe\u0300que-Expo-BD-09.jpg","contentUrl":"https:\/\/www.abirato.com\/abiratoshop\/wp-content\/uploads\/2015\/09\/2015-03-21-Bibliothe\u0300que-Expo-BD-09.jpg","width":1132,"height":755,"caption":"Exposition du Rhu"},{"@type":"BreadcrumbList","@id":"https:\/\/www.abirato.com\/abiratoshop\/expositions\/#breadcrumb","itemListElement":[{"@type":"ListItem","position":1,"name":"Accueil","item":"https:\/\/www.abirato.com\/abiratoshop\/"},{"@type":"ListItem","position":2,"name":"EXPOSITION MAISON DU RHU"}]},{"@type":"WebSite","@id":"https:\/\/www.abirato.com\/abiratoshop\/#website","url":"https:\/\/www.abirato.com\/abiratoshop\/","name":"MAISON DU RHU","description":"sautez la barri\u00e8re","publisher":{"@id":"https:\/\/www.abirato.com\/abiratoshop\/#organization"},"potentialAction":[{"@type":"SearchAction","target":{"@type":"EntryPoint","urlTemplate":"https:\/\/www.abirato.com\/abiratoshop\/?s={search_term_string}"},"query-input":{"@type":"PropertyValueSpecification","valueRequired":true,"valueName":"search_term_string"}}],"inLanguage":"fr-FR"},{"@type":"Organization","@id":"https:\/\/www.abirato.com\/abiratoshop\/#organization","name":"MAISON DU RHU","url":"https:\/\/www.abirato.com\/abiratoshop\/","logo":{"@type":"ImageObject","inLanguage":"fr-FR","@id":"https:\/\/www.abirato.com\/abiratoshop\/#\/schema\/logo\/image\/","url":"https:\/\/www.abirato.com\/abiratoshop\/wp-content\/uploads\/2022\/01\/cropped-cropped-Logorhu17bis-1BLC.png","contentUrl":"https:\/\/www.abirato.com\/abiratoshop\/wp-content\/uploads\/2022\/01\/cropped-cropped-Logorhu17bis-1BLC.png","width":114,"height":150,"caption":"MAISON DU RHU"},"image":{"@id":"https:\/\/www.abirato.com\/abiratoshop\/#\/schema\/logo\/image\/"}}]}},"_links":{"self":[{"href":"https:\/\/www.abirato.com\/abiratoshop\/wp-json\/wp\/v2\/pages\/95","targetHints":{"allow":["GET"]}}],"collection":[{"href":"https:\/\/www.abirato.com\/abiratoshop\/wp-json\/wp\/v2\/pages"}],"about":[{"href":"https:\/\/www.abirato.com\/abiratoshop\/wp-json\/wp\/v2\/types\/page"}],"author":[{"embeddable":true,"href":"https:\/\/www.abirato.com\/abiratoshop\/wp-json\/wp\/v2\/users\/1"}],"replies":[{"embeddable":true,"href":"https:\/\/www.abirato.com\/abiratoshop\/wp-json\/wp\/v2\/comments?post=95"}],"version-history":[{"count":52,"href":"https:\/\/www.abirato.com\/abiratoshop\/wp-json\/wp\/v2\/pages\/95\/revisions"}],"predecessor-version":[{"id":9331,"href":"https:\/\/www.abirato.com\/abiratoshop\/wp-json\/wp\/v2\/pages\/95\/revisions\/9331"}],"wp:featuredmedia":[{"embeddable":true,"href":"https:\/\/www.abirato.com\/abiratoshop\/wp-json\/wp\/v2\/media\/99"}],"wp:attachment":[{"href":"https:\/\/www.abirato.com\/abiratoshop\/wp-json\/wp\/v2\/media?parent=95"}],"curies":[{"name":"wp","href":"https:\/\/api.w.org\/{rel}","templated":true}]}}