{"id":849,"date":"2016-12-08T09:41:24","date_gmt":"2016-12-08T08:41:24","guid":{"rendered":"http:\/\/www.abirato.com\/abiratoshop\/?page_id=849"},"modified":"2022-01-06T18:46:08","modified_gmt":"2022-01-06T17:46:08","slug":"concert-dessine","status":"publish","type":"page","link":"https:\/\/www.abirato.com\/abiratoshop\/concert-dessine\/","title":{"rendered":"CONCERT-DESSIN\u00c9"},"content":{"rendered":"<p>Je me propose d&rsquo;accompagner en dessins votre programmation d&rsquo;un concert comme je l&rsquo;ai d\u00e9j\u00e0 fait, r\u00e9alis\u00e9s en direct, captation vid\u00e9o et retransmissions sur \u00e9crans.<\/p>\n<div align=\"center\">EXEMPLE D&rsquo;IMPROVISATION SUR LE DUO MI ALMA<br \/>\n<iframe width=\"640\" height=\"315\" src=\"https:\/\/www.youtube.com\/embed\/jnrtpmS-mCY?showinfo=0\" frameborder=\"0\" allowfullscreen=\"\"><\/iframe><\/div>\n<p><a href=\"http:\/\/www.abirato.com\/abiratoshop\/wp-content\/uploads\/2016\/12\/concert.jpg\"><img fetchpriority=\"high\" decoding=\"async\" class=\"aligncenter size-large wp-image-851\" src=\"http:\/\/www.abirato.com\/abiratoshop\/wp-content\/uploads\/2016\/12\/concert-1024x681.jpg\" alt=\"\" width=\"640\" height=\"426\" srcset=\"https:\/\/www.abirato.com\/abiratoshop\/wp-content\/uploads\/2016\/12\/concert-1024x681.jpg 1024w, https:\/\/www.abirato.com\/abiratoshop\/wp-content\/uploads\/2016\/12\/concert-600x399.jpg 600w, https:\/\/www.abirato.com\/abiratoshop\/wp-content\/uploads\/2016\/12\/concert-300x199.jpg 300w, https:\/\/www.abirato.com\/abiratoshop\/wp-content\/uploads\/2016\/12\/concert-768x511.jpg 768w, https:\/\/www.abirato.com\/abiratoshop\/wp-content\/uploads\/2016\/12\/concert-750x500.jpg 750w, https:\/\/www.abirato.com\/abiratoshop\/wp-content\/uploads\/2016\/12\/concert.jpg 1504w\" sizes=\"(max-width: 640px) 100vw, 640px\" \/><\/a><\/p>\n<p>(Peu de mat\u00e9riel requis &#8211; table et chaise, \u00e9ventuel pr\u00eat de vid\u00e9oprojecteur, t\u00e9l\u00e9viseurs, \u00e9cran)<\/p>\n<p>Me contacter <a href=\"mailto: weber@abirato.com\">weber@abirato.com<\/a> &#8211; 06 72 75 84 82<\/p>\n<hr>\n<p><a class=\"script2\" href=\"http:\/\/abirato.com\/abiratoshop\/expositions\/\">\u2022Une exposition<\/a> &#8211; <a href=\"http:\/\/abirato.com\/abiratoshop\/expositions\/\">en savoir plus <img decoding=\"async\" src=\"http:\/\/www.abirato.com\/abiratoshop\/wp-content\/uploads\/2015\/10\/suiv.png\" width=\"30\"><\/a><\/p>\n<p><a class=\"script2\" href=\"http:\/\/abirato.com\/abiratoshop\/ateliers\/\">\u2022Des ateliers<\/a> &#8211; <a href=\"http:\/\/abirato.com\/abiratoshop\/expositions\/\">en savoir plus <img decoding=\"async\" src=\"http:\/\/www.abirato.com\/abiratoshop\/wp-content\/uploads\/2015\/10\/suiv.png\" width=\"30\"><\/a><\/p>\n<div style=\"padding-bottom:20px; padding-top:10px;\" class=\"hupso-share-buttons\"><!-- Hupso Share Buttons - https:\/\/www.hupso.com\/share\/ --><a class=\"hupso_toolbar\" href=\"https:\/\/www.hupso.com\/share\/\"><img decoding=\"async\" src=\"https:\/\/static.hupso.com\/share\/buttons\/lang\/fr\/share-medium.png\" style=\"border:0px; padding-top: 5px; float:left;\" alt=\"Share Button\"\/><\/a><script type=\"text\/javascript\">var hupso_services_t=new Array(\"Twitter\",\"Facebook\",\"Google Plus\",\"Pinterest\",\"Linkedin\",\"Tumblr\");var hupso_background_t=\"#EAF4FF\";var hupso_border_t=\"#66CCFF\";var hupso_toolbar_size_t=\"medium\";var hupso_image_folder_url = \"\";var hupso_url_t=\"\";var hupso_title_t=\"CONCERT-DESSIN%C3%89\";<\/script><script type=\"text\/javascript\" src=\"https:\/\/static.hupso.com\/share\/js\/share_toolbar.js\"><\/script><!-- Hupso Share Buttons --><\/div>","protected":false},"excerpt":{"rendered":"<p>Je me propose d&rsquo;accompagner en dessins votre programmation d&rsquo;un concert comme je l&rsquo;ai d\u00e9j\u00e0 fait, r\u00e9alis\u00e9s en direct, captation vid\u00e9o et retransmissions sur \u00e9crans. EXEMPLE D&rsquo;IMPROVISATION SUR LE DUO MI ALMA (Peu de mat\u00e9riel requis &#8211; table et chaise, \u00e9ventuel pr\u00eat de vid\u00e9oprojecteur, t\u00e9l\u00e9viseurs, \u00e9cran) Me contacter weber@abirato.com &#8211; 06 72 75 84 82 \u2022Une<\/p><\/div>\n<div class=\"blog-btn\"><a href=\"https:\/\/www.abirato.com\/abiratoshop\/concert-dessine\/\" class=\"home-blog-btn\">Lire la suite<\/a><\/p>\n","protected":false},"author":1,"featured_media":0,"parent":0,"menu_order":0,"comment_status":"closed","ping_status":"closed","template":"template\/template-page-full-width.php","meta":{"_exactmetrics_skip_tracking":false,"_exactmetrics_sitenote_active":false,"_exactmetrics_sitenote_note":"","_exactmetrics_sitenote_category":0,"footnotes":""},"class_list":["post-849","page","type-page","status-publish","hentry"],"yoast_head":"<!-- This site is optimized with the Yoast SEO plugin v27.3 - https:\/\/yoast.com\/product\/yoast-seo-wordpress\/ -->\n<title>CONCERT-DESSIN\u00c9 - MAISON DU RHU<\/title>\n<meta name=\"robots\" content=\"index, follow, max-snippet:-1, max-image-preview:large, max-video-preview:-1\" \/>\n<link rel=\"canonical\" href=\"https:\/\/www.abirato.com\/abiratoshop\/concert-dessine\/\" \/>\n<meta property=\"og:locale\" content=\"fr_FR\" \/>\n<meta property=\"og:type\" content=\"article\" \/>\n<meta property=\"og:title\" content=\"CONCERT-DESSIN\u00c9 - MAISON DU RHU\" \/>\n<meta property=\"og:description\" content=\"Je me propose d&rsquo;accompagner en dessins votre programmation d&rsquo;un concert comme je l&rsquo;ai d\u00e9j\u00e0 fait, r\u00e9alis\u00e9s en direct, captation vid\u00e9o et retransmissions sur \u00e9crans. EXEMPLE D&rsquo;IMPROVISATION SUR LE DUO MI ALMA (Peu de mat\u00e9riel requis &#8211; table et chaise, \u00e9ventuel pr\u00eat de vid\u00e9oprojecteur, t\u00e9l\u00e9viseurs, \u00e9cran) Me contacter weber@abirato.com &#8211; 06 72 75 84 82 \u2022UneLire la suite\" \/>\n<meta property=\"og:url\" content=\"https:\/\/www.abirato.com\/abiratoshop\/concert-dessine\/\" \/>\n<meta property=\"og:site_name\" content=\"MAISON DU RHU\" \/>\n<meta property=\"article:modified_time\" content=\"2022-01-06T17:46:08+00:00\" \/>\n<meta property=\"og:image\" content=\"http:\/\/www.abirato.com\/abiratoshop\/wp-content\/uploads\/2016\/12\/concert-1024x681.jpg\" \/>\n<meta name=\"twitter:card\" content=\"summary_large_image\" \/>\n<meta name=\"twitter:label1\" content=\"Dur\u00e9e de lecture estim\u00e9e\" \/>\n\t<meta name=\"twitter:data1\" content=\"1 minute\" \/>\n<script type=\"application\/ld+json\" class=\"yoast-schema-graph\">{\"@context\":\"https:\\\/\\\/schema.org\",\"@graph\":[{\"@type\":\"WebPage\",\"@id\":\"https:\\\/\\\/www.abirato.com\\\/abiratoshop\\\/concert-dessine\\\/\",\"url\":\"https:\\\/\\\/www.abirato.com\\\/abiratoshop\\\/concert-dessine\\\/\",\"name\":\"CONCERT-DESSIN\u00c9 - MAISON DU RHU\",\"isPartOf\":{\"@id\":\"https:\\\/\\\/www.abirato.com\\\/abiratoshop\\\/#website\"},\"primaryImageOfPage\":{\"@id\":\"https:\\\/\\\/www.abirato.com\\\/abiratoshop\\\/concert-dessine\\\/#primaryimage\"},\"image\":{\"@id\":\"https:\\\/\\\/www.abirato.com\\\/abiratoshop\\\/concert-dessine\\\/#primaryimage\"},\"thumbnailUrl\":\"http:\\\/\\\/www.abirato.com\\\/abiratoshop\\\/wp-content\\\/uploads\\\/2016\\\/12\\\/concert-1024x681.jpg\",\"datePublished\":\"2016-12-08T08:41:24+00:00\",\"dateModified\":\"2022-01-06T17:46:08+00:00\",\"breadcrumb\":{\"@id\":\"https:\\\/\\\/www.abirato.com\\\/abiratoshop\\\/concert-dessine\\\/#breadcrumb\"},\"inLanguage\":\"fr-FR\",\"potentialAction\":[{\"@type\":\"ReadAction\",\"target\":[\"https:\\\/\\\/www.abirato.com\\\/abiratoshop\\\/concert-dessine\\\/\"]}]},{\"@type\":\"ImageObject\",\"inLanguage\":\"fr-FR\",\"@id\":\"https:\\\/\\\/www.abirato.com\\\/abiratoshop\\\/concert-dessine\\\/#primaryimage\",\"url\":\"https:\\\/\\\/www.abirato.com\\\/abiratoshop\\\/wp-content\\\/uploads\\\/2016\\\/12\\\/concert.jpg\",\"contentUrl\":\"https:\\\/\\\/www.abirato.com\\\/abiratoshop\\\/wp-content\\\/uploads\\\/2016\\\/12\\\/concert.jpg\",\"width\":1504,\"height\":1000},{\"@type\":\"BreadcrumbList\",\"@id\":\"https:\\\/\\\/www.abirato.com\\\/abiratoshop\\\/concert-dessine\\\/#breadcrumb\",\"itemListElement\":[{\"@type\":\"ListItem\",\"position\":1,\"name\":\"Accueil\",\"item\":\"https:\\\/\\\/www.abirato.com\\\/abiratoshop\\\/\"},{\"@type\":\"ListItem\",\"position\":2,\"name\":\"CONCERT-DESSIN\u00c9\"}]},{\"@type\":\"WebSite\",\"@id\":\"https:\\\/\\\/www.abirato.com\\\/abiratoshop\\\/#website\",\"url\":\"https:\\\/\\\/www.abirato.com\\\/abiratoshop\\\/\",\"name\":\"MAISON DU RHU\",\"description\":\"sautez la barri\u00e8re\",\"publisher\":{\"@id\":\"https:\\\/\\\/www.abirato.com\\\/abiratoshop\\\/#organization\"},\"potentialAction\":[{\"@type\":\"SearchAction\",\"target\":{\"@type\":\"EntryPoint\",\"urlTemplate\":\"https:\\\/\\\/www.abirato.com\\\/abiratoshop\\\/?s={search_term_string}\"},\"query-input\":{\"@type\":\"PropertyValueSpecification\",\"valueRequired\":true,\"valueName\":\"search_term_string\"}}],\"inLanguage\":\"fr-FR\"},{\"@type\":\"Organization\",\"@id\":\"https:\\\/\\\/www.abirato.com\\\/abiratoshop\\\/#organization\",\"name\":\"MAISON DU RHU\",\"url\":\"https:\\\/\\\/www.abirato.com\\\/abiratoshop\\\/\",\"logo\":{\"@type\":\"ImageObject\",\"inLanguage\":\"fr-FR\",\"@id\":\"https:\\\/\\\/www.abirato.com\\\/abiratoshop\\\/#\\\/schema\\\/logo\\\/image\\\/\",\"url\":\"https:\\\/\\\/www.abirato.com\\\/abiratoshop\\\/wp-content\\\/uploads\\\/2022\\\/01\\\/cropped-cropped-Logorhu17bis-1BLC.png\",\"contentUrl\":\"https:\\\/\\\/www.abirato.com\\\/abiratoshop\\\/wp-content\\\/uploads\\\/2022\\\/01\\\/cropped-cropped-Logorhu17bis-1BLC.png\",\"width\":114,\"height\":150,\"caption\":\"MAISON DU RHU\"},\"image\":{\"@id\":\"https:\\\/\\\/www.abirato.com\\\/abiratoshop\\\/#\\\/schema\\\/logo\\\/image\\\/\"}}]}<\/script>\n<!-- \/ Yoast SEO plugin. -->","yoast_head_json":{"title":"CONCERT-DESSIN\u00c9 - MAISON DU RHU","robots":{"index":"index","follow":"follow","max-snippet":"max-snippet:-1","max-image-preview":"max-image-preview:large","max-video-preview":"max-video-preview:-1"},"canonical":"https:\/\/www.abirato.com\/abiratoshop\/concert-dessine\/","og_locale":"fr_FR","og_type":"article","og_title":"CONCERT-DESSIN\u00c9 - MAISON DU RHU","og_description":"Je me propose d&rsquo;accompagner en dessins votre programmation d&rsquo;un concert comme je l&rsquo;ai d\u00e9j\u00e0 fait, r\u00e9alis\u00e9s en direct, captation vid\u00e9o et retransmissions sur \u00e9crans. EXEMPLE D&rsquo;IMPROVISATION SUR LE DUO MI ALMA (Peu de mat\u00e9riel requis &#8211; table et chaise, \u00e9ventuel pr\u00eat de vid\u00e9oprojecteur, t\u00e9l\u00e9viseurs, \u00e9cran) Me contacter weber@abirato.com &#8211; 06 72 75 84 82 \u2022UneLire la suite","og_url":"https:\/\/www.abirato.com\/abiratoshop\/concert-dessine\/","og_site_name":"MAISON DU RHU","article_modified_time":"2022-01-06T17:46:08+00:00","og_image":[{"url":"http:\/\/www.abirato.com\/abiratoshop\/wp-content\/uploads\/2016\/12\/concert-1024x681.jpg","type":"","width":"","height":""}],"twitter_card":"summary_large_image","twitter_misc":{"Dur\u00e9e de lecture estim\u00e9e":"1 minute"},"schema":{"@context":"https:\/\/schema.org","@graph":[{"@type":"WebPage","@id":"https:\/\/www.abirato.com\/abiratoshop\/concert-dessine\/","url":"https:\/\/www.abirato.com\/abiratoshop\/concert-dessine\/","name":"CONCERT-DESSIN\u00c9 - MAISON DU RHU","isPartOf":{"@id":"https:\/\/www.abirato.com\/abiratoshop\/#website"},"primaryImageOfPage":{"@id":"https:\/\/www.abirato.com\/abiratoshop\/concert-dessine\/#primaryimage"},"image":{"@id":"https:\/\/www.abirato.com\/abiratoshop\/concert-dessine\/#primaryimage"},"thumbnailUrl":"http:\/\/www.abirato.com\/abiratoshop\/wp-content\/uploads\/2016\/12\/concert-1024x681.jpg","datePublished":"2016-12-08T08:41:24+00:00","dateModified":"2022-01-06T17:46:08+00:00","breadcrumb":{"@id":"https:\/\/www.abirato.com\/abiratoshop\/concert-dessine\/#breadcrumb"},"inLanguage":"fr-FR","potentialAction":[{"@type":"ReadAction","target":["https:\/\/www.abirato.com\/abiratoshop\/concert-dessine\/"]}]},{"@type":"ImageObject","inLanguage":"fr-FR","@id":"https:\/\/www.abirato.com\/abiratoshop\/concert-dessine\/#primaryimage","url":"https:\/\/www.abirato.com\/abiratoshop\/wp-content\/uploads\/2016\/12\/concert.jpg","contentUrl":"https:\/\/www.abirato.com\/abiratoshop\/wp-content\/uploads\/2016\/12\/concert.jpg","width":1504,"height":1000},{"@type":"BreadcrumbList","@id":"https:\/\/www.abirato.com\/abiratoshop\/concert-dessine\/#breadcrumb","itemListElement":[{"@type":"ListItem","position":1,"name":"Accueil","item":"https:\/\/www.abirato.com\/abiratoshop\/"},{"@type":"ListItem","position":2,"name":"CONCERT-DESSIN\u00c9"}]},{"@type":"WebSite","@id":"https:\/\/www.abirato.com\/abiratoshop\/#website","url":"https:\/\/www.abirato.com\/abiratoshop\/","name":"MAISON DU RHU","description":"sautez la barri\u00e8re","publisher":{"@id":"https:\/\/www.abirato.com\/abiratoshop\/#organization"},"potentialAction":[{"@type":"SearchAction","target":{"@type":"EntryPoint","urlTemplate":"https:\/\/www.abirato.com\/abiratoshop\/?s={search_term_string}"},"query-input":{"@type":"PropertyValueSpecification","valueRequired":true,"valueName":"search_term_string"}}],"inLanguage":"fr-FR"},{"@type":"Organization","@id":"https:\/\/www.abirato.com\/abiratoshop\/#organization","name":"MAISON DU RHU","url":"https:\/\/www.abirato.com\/abiratoshop\/","logo":{"@type":"ImageObject","inLanguage":"fr-FR","@id":"https:\/\/www.abirato.com\/abiratoshop\/#\/schema\/logo\/image\/","url":"https:\/\/www.abirato.com\/abiratoshop\/wp-content\/uploads\/2022\/01\/cropped-cropped-Logorhu17bis-1BLC.png","contentUrl":"https:\/\/www.abirato.com\/abiratoshop\/wp-content\/uploads\/2022\/01\/cropped-cropped-Logorhu17bis-1BLC.png","width":114,"height":150,"caption":"MAISON DU RHU"},"image":{"@id":"https:\/\/www.abirato.com\/abiratoshop\/#\/schema\/logo\/image\/"}}]}},"_links":{"self":[{"href":"https:\/\/www.abirato.com\/abiratoshop\/wp-json\/wp\/v2\/pages\/849","targetHints":{"allow":["GET"]}}],"collection":[{"href":"https:\/\/www.abirato.com\/abiratoshop\/wp-json\/wp\/v2\/pages"}],"about":[{"href":"https:\/\/www.abirato.com\/abiratoshop\/wp-json\/wp\/v2\/types\/page"}],"author":[{"embeddable":true,"href":"https:\/\/www.abirato.com\/abiratoshop\/wp-json\/wp\/v2\/users\/1"}],"replies":[{"embeddable":true,"href":"https:\/\/www.abirato.com\/abiratoshop\/wp-json\/wp\/v2\/comments?post=849"}],"version-history":[{"count":14,"href":"https:\/\/www.abirato.com\/abiratoshop\/wp-json\/wp\/v2\/pages\/849\/revisions"}],"predecessor-version":[{"id":9262,"href":"https:\/\/www.abirato.com\/abiratoshop\/wp-json\/wp\/v2\/pages\/849\/revisions\/9262"}],"wp:attachment":[{"href":"https:\/\/www.abirato.com\/abiratoshop\/wp-json\/wp\/v2\/media?parent=849"}],"curies":[{"name":"wp","href":"https:\/\/api.w.org\/{rel}","templated":true}]}}