{"id":60,"date":"2015-09-20T09:08:07","date_gmt":"2015-09-20T08:08:07","guid":{"rendered":"http:\/\/abirato.com\/abiratoshop\/?page_id=60"},"modified":"2022-01-06T23:25:44","modified_gmt":"2022-01-06T22:25:44","slug":"on-fait-ca-aussi","status":"publish","type":"page","link":"https:\/\/www.abirato.com\/abiratoshop\/on-fait-ca-aussi\/","title":{"rendered":"ON FAIT \u00c7A AUSSI&#8230;"},"content":{"rendered":"<div align=\"center\"><\/div>\n<p><a href=\"http:\/\/www.abirato.com\/abiratoshop\/wp-content\/uploads\/2015\/09\/plume.jpg\"><img fetchpriority=\"high\" decoding=\"async\" class=\"aligncenter size-full wp-image-2859\" src=\"http:\/\/www.abirato.com\/abiratoshop\/wp-content\/uploads\/2015\/09\/plume.jpg\" alt=\"\" width=\"720\" height=\"720\" srcset=\"https:\/\/www.abirato.com\/abiratoshop\/wp-content\/uploads\/2015\/09\/plume.jpg 1080w, https:\/\/www.abirato.com\/abiratoshop\/wp-content\/uploads\/2015\/09\/plume-300x300.jpg 300w, https:\/\/www.abirato.com\/abiratoshop\/wp-content\/uploads\/2015\/09\/plume-100x100.jpg 100w, https:\/\/www.abirato.com\/abiratoshop\/wp-content\/uploads\/2015\/09\/plume-600x600.jpg 600w, https:\/\/www.abirato.com\/abiratoshop\/wp-content\/uploads\/2015\/09\/plume-150x150.jpg 150w, https:\/\/www.abirato.com\/abiratoshop\/wp-content\/uploads\/2015\/09\/plume-768x768.jpg 768w, https:\/\/www.abirato.com\/abiratoshop\/wp-content\/uploads\/2015\/09\/plume-1024x1024.jpg 1024w, https:\/\/www.abirato.com\/abiratoshop\/wp-content\/uploads\/2015\/09\/plume-90x90.jpg 90w\" sizes=\"(max-width: 720px) 100vw, 720px\" \/><img decoding=\"async\" src=\"http:\/\/www.abirato.com\/CLIPS\/ombre.png\" alt=\"\" width=\"720\" align=\"middle\" border=\"0\" \/><\/a><\/p>\n<p class=\"h3\">Parce qu&rsquo;on ne peut pas s&rsquo;en emp\u00eacher, sans doute parce qu&rsquo;on aime \u00e7a,<br \/>\nON FAIT \u00c7A AUSSI :<\/p>\n<h4>Une exposition CR\u00c9ATION D&rsquo;UN OUVRAGE &#8211; <a href=\"http:\/\/abirato.com\/abiratoshop\/expositions\/\">en savoir plus <img decoding=\"async\" src=\"http:\/\/www.abirato.com\/abiratoshop\/wp-content\/uploads\/2015\/10\/suiv.png\" width=\"30\" \/><\/a><\/h4>\n<h3>Nos Ateliers:<\/h3>\n<p><strong>Carnets de Voyages<br \/>\n<\/strong><strong>Fresque participative<\/strong><br \/>\n<strong>Atelier BD \/ Manga<\/strong><br \/>\n<strong>Atelier Illustration<\/strong><br \/>\n<strong>Initiation \u00e0 la tablette Num\u00e9rique<\/strong><br \/>\n<strong>Cr\u00e9ation de livres jeunesse<\/strong><br \/>\n<strong>Cours d&rsquo;aquarelle<br \/>\nConcerts-dessin\u00e9s<br \/>\nPerformances<br \/>\n<\/strong><\/p>\n<h4>\u00a0<a href=\"http:\/\/abirato.com\/abiratoshop\/ateliers\/\">en savoir plus <img decoding=\"async\" src=\"http:\/\/www.abirato.com\/abiratoshop\/wp-content\/uploads\/2015\/10\/suiv.png\" width=\"30\" \/><\/a><\/h4>\n<h2>TOUTE L&rsquo;ANN\u00c9E<br \/>\n<strong>06 72 75 84 82<\/strong> &#8211; <a href=\"mailto: contact@editionsdurhu.com\"> contact@editionsdurhu.com<\/a><\/h2>\n<div style=\"padding-bottom:20px; padding-top:10px;\" class=\"hupso-share-buttons\"><!-- Hupso Share Buttons - https:\/\/www.hupso.com\/share\/ --><a class=\"hupso_toolbar\" href=\"https:\/\/www.hupso.com\/share\/\"><img decoding=\"async\" src=\"https:\/\/static.hupso.com\/share\/buttons\/lang\/fr\/share-medium.png\" style=\"border:0px; padding-top: 5px; float:left;\" alt=\"Share Button\"\/><\/a><script type=\"text\/javascript\">var hupso_services_t=new Array(\"Twitter\",\"Facebook\",\"Google Plus\",\"Pinterest\",\"Linkedin\",\"Tumblr\");var hupso_background_t=\"#EAF4FF\";var hupso_border_t=\"#66CCFF\";var hupso_toolbar_size_t=\"medium\";var hupso_image_folder_url = \"\";var hupso_url_t=\"\";var hupso_title_t=\"ON%20FAIT%20%C3%87A%20AUSSI...\";<\/script><script type=\"text\/javascript\" src=\"https:\/\/static.hupso.com\/share\/js\/share_toolbar.js\"><\/script><!-- Hupso Share Buttons --><\/div>","protected":false},"excerpt":{"rendered":"<p>Parce qu&rsquo;on ne peut pas s&rsquo;en emp\u00eacher, sans doute parce qu&rsquo;on aime \u00e7a, ON FAIT \u00c7A AUSSI : Une exposition CR\u00c9ATION D&rsquo;UN OUVRAGE &#8211; en savoir plus Nos Ateliers: Carnets de Voyages Fresque participative Atelier BD \/ Manga Atelier Illustration Initiation \u00e0 la tablette Num\u00e9rique Cr\u00e9ation de livres jeunesse Cours d&rsquo;aquarelle Concerts-dessin\u00e9s Performances \u00a0en savoir<\/p><\/div>\n<div class=\"blog-btn\"><a href=\"https:\/\/www.abirato.com\/abiratoshop\/on-fait-ca-aussi\/\" class=\"home-blog-btn\">Lire la suite<\/a><\/p>\n","protected":false},"author":1,"featured_media":0,"parent":0,"menu_order":0,"comment_status":"closed","ping_status":"closed","template":"template\/template-page-full-width.php","meta":{"_exactmetrics_skip_tracking":false,"_exactmetrics_sitenote_active":false,"_exactmetrics_sitenote_note":"","_exactmetrics_sitenote_category":0,"footnotes":""},"class_list":["post-60","page","type-page","status-publish","hentry"],"yoast_head":"<!-- This site is optimized with the Yoast SEO plugin v27.3 - https:\/\/yoast.com\/product\/yoast-seo-wordpress\/ -->\n<title>ON FAIT \u00c7A AUSSI... - MAISON DU RHU<\/title>\n<meta name=\"robots\" content=\"index, follow, max-snippet:-1, max-image-preview:large, max-video-preview:-1\" \/>\n<link rel=\"canonical\" href=\"https:\/\/www.abirato.com\/abiratoshop\/on-fait-ca-aussi\/\" \/>\n<meta property=\"og:locale\" content=\"fr_FR\" \/>\n<meta property=\"og:type\" content=\"article\" \/>\n<meta property=\"og:title\" content=\"ON FAIT \u00c7A AUSSI... - MAISON DU RHU\" \/>\n<meta property=\"og:description\" content=\"Parce qu&rsquo;on ne peut pas s&rsquo;en emp\u00eacher, sans doute parce qu&rsquo;on aime \u00e7a, ON FAIT \u00c7A AUSSI : Une exposition CR\u00c9ATION D&rsquo;UN OUVRAGE &#8211; en savoir plus Nos Ateliers: Carnets de Voyages Fresque participative Atelier BD \/ Manga Atelier Illustration Initiation \u00e0 la tablette Num\u00e9rique Cr\u00e9ation de livres jeunesse Cours d&rsquo;aquarelle Concerts-dessin\u00e9s Performances \u00a0en savoirLire la suite\" \/>\n<meta property=\"og:url\" content=\"https:\/\/www.abirato.com\/abiratoshop\/on-fait-ca-aussi\/\" \/>\n<meta property=\"og:site_name\" content=\"MAISON DU RHU\" \/>\n<meta property=\"article:modified_time\" content=\"2022-01-06T22:25:44+00:00\" \/>\n<meta property=\"og:image\" content=\"http:\/\/www.abirato.com\/abiratoshop\/wp-content\/uploads\/2015\/09\/plume.jpg\" \/>\n<meta name=\"twitter:card\" content=\"summary_large_image\" \/>\n<meta name=\"twitter:label1\" content=\"Dur\u00e9e de lecture estim\u00e9e\" \/>\n\t<meta name=\"twitter:data1\" content=\"2 minutes\" \/>\n<script type=\"application\/ld+json\" class=\"yoast-schema-graph\">{\"@context\":\"https:\\\/\\\/schema.org\",\"@graph\":[{\"@type\":\"WebPage\",\"@id\":\"https:\\\/\\\/www.abirato.com\\\/abiratoshop\\\/on-fait-ca-aussi\\\/\",\"url\":\"https:\\\/\\\/www.abirato.com\\\/abiratoshop\\\/on-fait-ca-aussi\\\/\",\"name\":\"ON FAIT \u00c7A AUSSI... - MAISON DU RHU\",\"isPartOf\":{\"@id\":\"https:\\\/\\\/www.abirato.com\\\/abiratoshop\\\/#website\"},\"primaryImageOfPage\":{\"@id\":\"https:\\\/\\\/www.abirato.com\\\/abiratoshop\\\/on-fait-ca-aussi\\\/#primaryimage\"},\"image\":{\"@id\":\"https:\\\/\\\/www.abirato.com\\\/abiratoshop\\\/on-fait-ca-aussi\\\/#primaryimage\"},\"thumbnailUrl\":\"http:\\\/\\\/www.abirato.com\\\/abiratoshop\\\/wp-content\\\/uploads\\\/2015\\\/09\\\/plume.jpg\",\"datePublished\":\"2015-09-20T08:08:07+00:00\",\"dateModified\":\"2022-01-06T22:25:44+00:00\",\"breadcrumb\":{\"@id\":\"https:\\\/\\\/www.abirato.com\\\/abiratoshop\\\/on-fait-ca-aussi\\\/#breadcrumb\"},\"inLanguage\":\"fr-FR\",\"potentialAction\":[{\"@type\":\"ReadAction\",\"target\":[\"https:\\\/\\\/www.abirato.com\\\/abiratoshop\\\/on-fait-ca-aussi\\\/\"]}]},{\"@type\":\"ImageObject\",\"inLanguage\":\"fr-FR\",\"@id\":\"https:\\\/\\\/www.abirato.com\\\/abiratoshop\\\/on-fait-ca-aussi\\\/#primaryimage\",\"url\":\"https:\\\/\\\/www.abirato.com\\\/abiratoshop\\\/wp-content\\\/uploads\\\/2015\\\/09\\\/plume.jpg\",\"contentUrl\":\"https:\\\/\\\/www.abirato.com\\\/abiratoshop\\\/wp-content\\\/uploads\\\/2015\\\/09\\\/plume.jpg\",\"width\":1080,\"height\":1080},{\"@type\":\"BreadcrumbList\",\"@id\":\"https:\\\/\\\/www.abirato.com\\\/abiratoshop\\\/on-fait-ca-aussi\\\/#breadcrumb\",\"itemListElement\":[{\"@type\":\"ListItem\",\"position\":1,\"name\":\"Accueil\",\"item\":\"https:\\\/\\\/www.abirato.com\\\/abiratoshop\\\/\"},{\"@type\":\"ListItem\",\"position\":2,\"name\":\"ON FAIT \u00c7A AUSSI&#8230;\"}]},{\"@type\":\"WebSite\",\"@id\":\"https:\\\/\\\/www.abirato.com\\\/abiratoshop\\\/#website\",\"url\":\"https:\\\/\\\/www.abirato.com\\\/abiratoshop\\\/\",\"name\":\"MAISON DU RHU\",\"description\":\"sautez la barri\u00e8re\",\"publisher\":{\"@id\":\"https:\\\/\\\/www.abirato.com\\\/abiratoshop\\\/#organization\"},\"potentialAction\":[{\"@type\":\"SearchAction\",\"target\":{\"@type\":\"EntryPoint\",\"urlTemplate\":\"https:\\\/\\\/www.abirato.com\\\/abiratoshop\\\/?s={search_term_string}\"},\"query-input\":{\"@type\":\"PropertyValueSpecification\",\"valueRequired\":true,\"valueName\":\"search_term_string\"}}],\"inLanguage\":\"fr-FR\"},{\"@type\":\"Organization\",\"@id\":\"https:\\\/\\\/www.abirato.com\\\/abiratoshop\\\/#organization\",\"name\":\"MAISON DU RHU\",\"url\":\"https:\\\/\\\/www.abirato.com\\\/abiratoshop\\\/\",\"logo\":{\"@type\":\"ImageObject\",\"inLanguage\":\"fr-FR\",\"@id\":\"https:\\\/\\\/www.abirato.com\\\/abiratoshop\\\/#\\\/schema\\\/logo\\\/image\\\/\",\"url\":\"https:\\\/\\\/www.abirato.com\\\/abiratoshop\\\/wp-content\\\/uploads\\\/2022\\\/01\\\/cropped-cropped-Logorhu17bis-1BLC.png\",\"contentUrl\":\"https:\\\/\\\/www.abirato.com\\\/abiratoshop\\\/wp-content\\\/uploads\\\/2022\\\/01\\\/cropped-cropped-Logorhu17bis-1BLC.png\",\"width\":114,\"height\":150,\"caption\":\"MAISON DU RHU\"},\"image\":{\"@id\":\"https:\\\/\\\/www.abirato.com\\\/abiratoshop\\\/#\\\/schema\\\/logo\\\/image\\\/\"}}]}<\/script>\n<!-- \/ Yoast SEO plugin. -->","yoast_head_json":{"title":"ON FAIT \u00c7A AUSSI... - MAISON DU RHU","robots":{"index":"index","follow":"follow","max-snippet":"max-snippet:-1","max-image-preview":"max-image-preview:large","max-video-preview":"max-video-preview:-1"},"canonical":"https:\/\/www.abirato.com\/abiratoshop\/on-fait-ca-aussi\/","og_locale":"fr_FR","og_type":"article","og_title":"ON FAIT \u00c7A AUSSI... - MAISON DU RHU","og_description":"Parce qu&rsquo;on ne peut pas s&rsquo;en emp\u00eacher, sans doute parce qu&rsquo;on aime \u00e7a, ON FAIT \u00c7A AUSSI : Une exposition CR\u00c9ATION D&rsquo;UN OUVRAGE &#8211; en savoir plus Nos Ateliers: Carnets de Voyages Fresque participative Atelier BD \/ Manga Atelier Illustration Initiation \u00e0 la tablette Num\u00e9rique Cr\u00e9ation de livres jeunesse Cours d&rsquo;aquarelle Concerts-dessin\u00e9s Performances \u00a0en savoirLire la suite","og_url":"https:\/\/www.abirato.com\/abiratoshop\/on-fait-ca-aussi\/","og_site_name":"MAISON DU RHU","article_modified_time":"2022-01-06T22:25:44+00:00","og_image":[{"url":"http:\/\/www.abirato.com\/abiratoshop\/wp-content\/uploads\/2015\/09\/plume.jpg","type":"","width":"","height":""}],"twitter_card":"summary_large_image","twitter_misc":{"Dur\u00e9e de lecture estim\u00e9e":"2 minutes"},"schema":{"@context":"https:\/\/schema.org","@graph":[{"@type":"WebPage","@id":"https:\/\/www.abirato.com\/abiratoshop\/on-fait-ca-aussi\/","url":"https:\/\/www.abirato.com\/abiratoshop\/on-fait-ca-aussi\/","name":"ON FAIT \u00c7A AUSSI... - MAISON DU RHU","isPartOf":{"@id":"https:\/\/www.abirato.com\/abiratoshop\/#website"},"primaryImageOfPage":{"@id":"https:\/\/www.abirato.com\/abiratoshop\/on-fait-ca-aussi\/#primaryimage"},"image":{"@id":"https:\/\/www.abirato.com\/abiratoshop\/on-fait-ca-aussi\/#primaryimage"},"thumbnailUrl":"http:\/\/www.abirato.com\/abiratoshop\/wp-content\/uploads\/2015\/09\/plume.jpg","datePublished":"2015-09-20T08:08:07+00:00","dateModified":"2022-01-06T22:25:44+00:00","breadcrumb":{"@id":"https:\/\/www.abirato.com\/abiratoshop\/on-fait-ca-aussi\/#breadcrumb"},"inLanguage":"fr-FR","potentialAction":[{"@type":"ReadAction","target":["https:\/\/www.abirato.com\/abiratoshop\/on-fait-ca-aussi\/"]}]},{"@type":"ImageObject","inLanguage":"fr-FR","@id":"https:\/\/www.abirato.com\/abiratoshop\/on-fait-ca-aussi\/#primaryimage","url":"https:\/\/www.abirato.com\/abiratoshop\/wp-content\/uploads\/2015\/09\/plume.jpg","contentUrl":"https:\/\/www.abirato.com\/abiratoshop\/wp-content\/uploads\/2015\/09\/plume.jpg","width":1080,"height":1080},{"@type":"BreadcrumbList","@id":"https:\/\/www.abirato.com\/abiratoshop\/on-fait-ca-aussi\/#breadcrumb","itemListElement":[{"@type":"ListItem","position":1,"name":"Accueil","item":"https:\/\/www.abirato.com\/abiratoshop\/"},{"@type":"ListItem","position":2,"name":"ON FAIT \u00c7A AUSSI&#8230;"}]},{"@type":"WebSite","@id":"https:\/\/www.abirato.com\/abiratoshop\/#website","url":"https:\/\/www.abirato.com\/abiratoshop\/","name":"MAISON DU RHU","description":"sautez la barri\u00e8re","publisher":{"@id":"https:\/\/www.abirato.com\/abiratoshop\/#organization"},"potentialAction":[{"@type":"SearchAction","target":{"@type":"EntryPoint","urlTemplate":"https:\/\/www.abirato.com\/abiratoshop\/?s={search_term_string}"},"query-input":{"@type":"PropertyValueSpecification","valueRequired":true,"valueName":"search_term_string"}}],"inLanguage":"fr-FR"},{"@type":"Organization","@id":"https:\/\/www.abirato.com\/abiratoshop\/#organization","name":"MAISON DU RHU","url":"https:\/\/www.abirato.com\/abiratoshop\/","logo":{"@type":"ImageObject","inLanguage":"fr-FR","@id":"https:\/\/www.abirato.com\/abiratoshop\/#\/schema\/logo\/image\/","url":"https:\/\/www.abirato.com\/abiratoshop\/wp-content\/uploads\/2022\/01\/cropped-cropped-Logorhu17bis-1BLC.png","contentUrl":"https:\/\/www.abirato.com\/abiratoshop\/wp-content\/uploads\/2022\/01\/cropped-cropped-Logorhu17bis-1BLC.png","width":114,"height":150,"caption":"MAISON DU RHU"},"image":{"@id":"https:\/\/www.abirato.com\/abiratoshop\/#\/schema\/logo\/image\/"}}]}},"_links":{"self":[{"href":"https:\/\/www.abirato.com\/abiratoshop\/wp-json\/wp\/v2\/pages\/60","targetHints":{"allow":["GET"]}}],"collection":[{"href":"https:\/\/www.abirato.com\/abiratoshop\/wp-json\/wp\/v2\/pages"}],"about":[{"href":"https:\/\/www.abirato.com\/abiratoshop\/wp-json\/wp\/v2\/types\/page"}],"author":[{"embeddable":true,"href":"https:\/\/www.abirato.com\/abiratoshop\/wp-json\/wp\/v2\/users\/1"}],"replies":[{"embeddable":true,"href":"https:\/\/www.abirato.com\/abiratoshop\/wp-json\/wp\/v2\/comments?post=60"}],"version-history":[{"count":47,"href":"https:\/\/www.abirato.com\/abiratoshop\/wp-json\/wp\/v2\/pages\/60\/revisions"}],"predecessor-version":[{"id":9330,"href":"https:\/\/www.abirato.com\/abiratoshop\/wp-json\/wp\/v2\/pages\/60\/revisions\/9330"}],"wp:attachment":[{"href":"https:\/\/www.abirato.com\/abiratoshop\/wp-json\/wp\/v2\/media?parent=60"}],"curies":[{"name":"wp","href":"https:\/\/api.w.org\/{rel}","templated":true}]}}