{"id":260,"date":"2015-09-21T08:56:27","date_gmt":"2015-09-21T07:56:27","guid":{"rendered":"http:\/\/abirato.com\/abiratoshop\/?page_id=260"},"modified":"2022-01-07T07:47:26","modified_gmt":"2022-01-07T06:47:26","slug":"mentions-legales","status":"publish","type":"page","link":"https:\/\/www.abirato.com\/abiratoshop\/mentions-legales\/","title":{"rendered":"Mentions L\u00e9gales"},"content":{"rendered":"<p>la MAISON DU RHU est g\u00e9r\u00e9e par une association loi 1901 \u00e0 but non lucratif W291005142 SIRET 84100899800012<br \/>\nNAF 9499Z TVA Intracommunautaire FR67841008998 et repr\u00e9sent\u00e9es par Catherine Weber-Acquaviva.<\/p>\n<p><strong>MAISON DU RHU<\/strong> \/ Association HUMUS<br \/>\n168 rue Jean Jaur\u00e8s<br \/>\n29200 BREST<br \/>\n+33 6 72 75 84 82<\/p>\n<p><a href=\"http:\/\/www.editionsdurhu.com\">www.editionsdurhu.com<\/a><br \/>\n<a href=\"mailto:contact@editionsdurhu.com\">contact@editionsdurhu.com<\/a><\/p>\n<p><strong>Cr\u00e9ation du site<\/strong><br \/>\n<a href=\"http:\/\/www.abirato.com\" target=\"_blank\" rel=\"noopener\">\u00a9 www.abirato.com 2015<\/a><\/p>\n<p><strong>H\u00e9bergement du site par OVH<br \/>\n<\/strong>SAS au capital de 10 000 000 \u20ac&nbsp; RCS Roubaix \u2013 Tourcoing 424 761 419 00045<br \/>\nCode APE 6202A<br \/>\nN\u00b0 TVA : FR 22 424 761 419<br \/>\nSi\u00e8ge social : 2 rue Kellermann &#8211; 59100 Roubaix &#8211; France.<\/p>\n<div style=\"padding-bottom:20px; padding-top:10px;\" class=\"hupso-share-buttons\"><!-- Hupso Share Buttons - https:\/\/www.hupso.com\/share\/ --><a class=\"hupso_toolbar\" href=\"https:\/\/www.hupso.com\/share\/\"><img decoding=\"async\" src=\"https:\/\/static.hupso.com\/share\/buttons\/lang\/fr\/share-medium.png\" style=\"border:0px; padding-top: 5px; float:left;\" alt=\"Share Button\"\/><\/a><script type=\"text\/javascript\">var hupso_services_t=new Array(\"Twitter\",\"Facebook\",\"Google Plus\",\"Pinterest\",\"Linkedin\",\"Tumblr\");var hupso_background_t=\"#EAF4FF\";var hupso_border_t=\"#66CCFF\";var hupso_toolbar_size_t=\"medium\";var hupso_image_folder_url = \"\";var hupso_url_t=\"\";var hupso_title_t=\"Mentions%20L%C3%A9gales\";<\/script><script type=\"text\/javascript\" src=\"https:\/\/static.hupso.com\/share\/js\/share_toolbar.js\"><\/script><!-- Hupso Share Buttons --><\/div>","protected":false},"excerpt":{"rendered":"<p>la MAISON DU RHU est g\u00e9r\u00e9e par une association loi 1901 \u00e0 but non lucratif W291005142 SIRET 84100899800012 NAF 9499Z TVA Intracommunautaire FR67841008998 et repr\u00e9sent\u00e9es par Catherine Weber-Acquaviva. MAISON DU RHU \/ Association HUMUS 168 rue Jean Jaur\u00e8s 29200 BREST +33 6 72 75 84 82 www.editionsdurhu.com contact@editionsdurhu.com Cr\u00e9ation du site \u00a9 www.abirato.com 2015 H\u00e9bergement<\/p><\/div>\n<div class=\"blog-btn\"><a href=\"https:\/\/www.abirato.com\/abiratoshop\/mentions-legales\/\" class=\"home-blog-btn\">Lire la suite<\/a><\/p>\n","protected":false},"author":1,"featured_media":0,"parent":0,"menu_order":0,"comment_status":"closed","ping_status":"closed","template":"","meta":{"_exactmetrics_skip_tracking":false,"_exactmetrics_sitenote_active":false,"_exactmetrics_sitenote_note":"","_exactmetrics_sitenote_category":0,"footnotes":""},"class_list":["post-260","page","type-page","status-publish","hentry"],"yoast_head":"<!-- This site is optimized with the Yoast SEO plugin v27.3 - https:\/\/yoast.com\/product\/yoast-seo-wordpress\/ -->\n<title>Mentions L\u00e9gales - MAISON DU RHU<\/title>\n<meta name=\"robots\" content=\"index, follow, max-snippet:-1, max-image-preview:large, max-video-preview:-1\" \/>\n<link rel=\"canonical\" href=\"https:\/\/www.abirato.com\/abiratoshop\/mentions-legales\/\" \/>\n<meta property=\"og:locale\" content=\"fr_FR\" \/>\n<meta property=\"og:type\" content=\"article\" \/>\n<meta property=\"og:title\" content=\"Mentions L\u00e9gales - MAISON DU RHU\" \/>\n<meta property=\"og:description\" content=\"la MAISON DU RHU est g\u00e9r\u00e9e par une association loi 1901 \u00e0 but non lucratif W291005142 SIRET 84100899800012 NAF 9499Z TVA Intracommunautaire FR67841008998 et repr\u00e9sent\u00e9es par Catherine Weber-Acquaviva. MAISON DU RHU \/ Association HUMUS 168 rue Jean Jaur\u00e8s 29200 BREST +33 6 72 75 84 82 www.editionsdurhu.com contact@editionsdurhu.com Cr\u00e9ation du site \u00a9 www.abirato.com 2015 H\u00e9bergementLire la suite\" \/>\n<meta property=\"og:url\" content=\"https:\/\/www.abirato.com\/abiratoshop\/mentions-legales\/\" \/>\n<meta property=\"og:site_name\" content=\"MAISON DU RHU\" \/>\n<meta property=\"article:modified_time\" content=\"2022-01-07T06:47:26+00:00\" \/>\n<meta name=\"twitter:card\" content=\"summary_large_image\" \/>\n<meta name=\"twitter:label1\" content=\"Dur\u00e9e de lecture estim\u00e9e\" \/>\n\t<meta name=\"twitter:data1\" content=\"1 minute\" \/>\n<script type=\"application\/ld+json\" class=\"yoast-schema-graph\">{\"@context\":\"https:\\\/\\\/schema.org\",\"@graph\":[{\"@type\":\"WebPage\",\"@id\":\"https:\\\/\\\/www.abirato.com\\\/abiratoshop\\\/mentions-legales\\\/\",\"url\":\"https:\\\/\\\/www.abirato.com\\\/abiratoshop\\\/mentions-legales\\\/\",\"name\":\"Mentions L\u00e9gales - MAISON DU RHU\",\"isPartOf\":{\"@id\":\"https:\\\/\\\/www.abirato.com\\\/abiratoshop\\\/#website\"},\"datePublished\":\"2015-09-21T07:56:27+00:00\",\"dateModified\":\"2022-01-07T06:47:26+00:00\",\"breadcrumb\":{\"@id\":\"https:\\\/\\\/www.abirato.com\\\/abiratoshop\\\/mentions-legales\\\/#breadcrumb\"},\"inLanguage\":\"fr-FR\",\"potentialAction\":[{\"@type\":\"ReadAction\",\"target\":[\"https:\\\/\\\/www.abirato.com\\\/abiratoshop\\\/mentions-legales\\\/\"]}]},{\"@type\":\"BreadcrumbList\",\"@id\":\"https:\\\/\\\/www.abirato.com\\\/abiratoshop\\\/mentions-legales\\\/#breadcrumb\",\"itemListElement\":[{\"@type\":\"ListItem\",\"position\":1,\"name\":\"Accueil\",\"item\":\"https:\\\/\\\/www.abirato.com\\\/abiratoshop\\\/\"},{\"@type\":\"ListItem\",\"position\":2,\"name\":\"Mentions L\u00e9gales\"}]},{\"@type\":\"WebSite\",\"@id\":\"https:\\\/\\\/www.abirato.com\\\/abiratoshop\\\/#website\",\"url\":\"https:\\\/\\\/www.abirato.com\\\/abiratoshop\\\/\",\"name\":\"MAISON DU RHU\",\"description\":\"sautez la barri\u00e8re\",\"publisher\":{\"@id\":\"https:\\\/\\\/www.abirato.com\\\/abiratoshop\\\/#organization\"},\"potentialAction\":[{\"@type\":\"SearchAction\",\"target\":{\"@type\":\"EntryPoint\",\"urlTemplate\":\"https:\\\/\\\/www.abirato.com\\\/abiratoshop\\\/?s={search_term_string}\"},\"query-input\":{\"@type\":\"PropertyValueSpecification\",\"valueRequired\":true,\"valueName\":\"search_term_string\"}}],\"inLanguage\":\"fr-FR\"},{\"@type\":\"Organization\",\"@id\":\"https:\\\/\\\/www.abirato.com\\\/abiratoshop\\\/#organization\",\"name\":\"MAISON DU RHU\",\"url\":\"https:\\\/\\\/www.abirato.com\\\/abiratoshop\\\/\",\"logo\":{\"@type\":\"ImageObject\",\"inLanguage\":\"fr-FR\",\"@id\":\"https:\\\/\\\/www.abirato.com\\\/abiratoshop\\\/#\\\/schema\\\/logo\\\/image\\\/\",\"url\":\"https:\\\/\\\/www.abirato.com\\\/abiratoshop\\\/wp-content\\\/uploads\\\/2022\\\/01\\\/cropped-cropped-Logorhu17bis-1BLC.png\",\"contentUrl\":\"https:\\\/\\\/www.abirato.com\\\/abiratoshop\\\/wp-content\\\/uploads\\\/2022\\\/01\\\/cropped-cropped-Logorhu17bis-1BLC.png\",\"width\":114,\"height\":150,\"caption\":\"MAISON DU RHU\"},\"image\":{\"@id\":\"https:\\\/\\\/www.abirato.com\\\/abiratoshop\\\/#\\\/schema\\\/logo\\\/image\\\/\"}}]}<\/script>\n<!-- \/ Yoast SEO plugin. -->","yoast_head_json":{"title":"Mentions L\u00e9gales - MAISON DU RHU","robots":{"index":"index","follow":"follow","max-snippet":"max-snippet:-1","max-image-preview":"max-image-preview:large","max-video-preview":"max-video-preview:-1"},"canonical":"https:\/\/www.abirato.com\/abiratoshop\/mentions-legales\/","og_locale":"fr_FR","og_type":"article","og_title":"Mentions L\u00e9gales - MAISON DU RHU","og_description":"la MAISON DU RHU est g\u00e9r\u00e9e par une association loi 1901 \u00e0 but non lucratif W291005142 SIRET 84100899800012 NAF 9499Z TVA Intracommunautaire FR67841008998 et repr\u00e9sent\u00e9es par Catherine Weber-Acquaviva. MAISON DU RHU \/ Association HUMUS 168 rue Jean Jaur\u00e8s 29200 BREST +33 6 72 75 84 82 www.editionsdurhu.com contact@editionsdurhu.com Cr\u00e9ation du site \u00a9 www.abirato.com 2015 H\u00e9bergementLire la suite","og_url":"https:\/\/www.abirato.com\/abiratoshop\/mentions-legales\/","og_site_name":"MAISON DU RHU","article_modified_time":"2022-01-07T06:47:26+00:00","twitter_card":"summary_large_image","twitter_misc":{"Dur\u00e9e de lecture estim\u00e9e":"1 minute"},"schema":{"@context":"https:\/\/schema.org","@graph":[{"@type":"WebPage","@id":"https:\/\/www.abirato.com\/abiratoshop\/mentions-legales\/","url":"https:\/\/www.abirato.com\/abiratoshop\/mentions-legales\/","name":"Mentions L\u00e9gales - MAISON DU RHU","isPartOf":{"@id":"https:\/\/www.abirato.com\/abiratoshop\/#website"},"datePublished":"2015-09-21T07:56:27+00:00","dateModified":"2022-01-07T06:47:26+00:00","breadcrumb":{"@id":"https:\/\/www.abirato.com\/abiratoshop\/mentions-legales\/#breadcrumb"},"inLanguage":"fr-FR","potentialAction":[{"@type":"ReadAction","target":["https:\/\/www.abirato.com\/abiratoshop\/mentions-legales\/"]}]},{"@type":"BreadcrumbList","@id":"https:\/\/www.abirato.com\/abiratoshop\/mentions-legales\/#breadcrumb","itemListElement":[{"@type":"ListItem","position":1,"name":"Accueil","item":"https:\/\/www.abirato.com\/abiratoshop\/"},{"@type":"ListItem","position":2,"name":"Mentions L\u00e9gales"}]},{"@type":"WebSite","@id":"https:\/\/www.abirato.com\/abiratoshop\/#website","url":"https:\/\/www.abirato.com\/abiratoshop\/","name":"MAISON DU RHU","description":"sautez la barri\u00e8re","publisher":{"@id":"https:\/\/www.abirato.com\/abiratoshop\/#organization"},"potentialAction":[{"@type":"SearchAction","target":{"@type":"EntryPoint","urlTemplate":"https:\/\/www.abirato.com\/abiratoshop\/?s={search_term_string}"},"query-input":{"@type":"PropertyValueSpecification","valueRequired":true,"valueName":"search_term_string"}}],"inLanguage":"fr-FR"},{"@type":"Organization","@id":"https:\/\/www.abirato.com\/abiratoshop\/#organization","name":"MAISON DU RHU","url":"https:\/\/www.abirato.com\/abiratoshop\/","logo":{"@type":"ImageObject","inLanguage":"fr-FR","@id":"https:\/\/www.abirato.com\/abiratoshop\/#\/schema\/logo\/image\/","url":"https:\/\/www.abirato.com\/abiratoshop\/wp-content\/uploads\/2022\/01\/cropped-cropped-Logorhu17bis-1BLC.png","contentUrl":"https:\/\/www.abirato.com\/abiratoshop\/wp-content\/uploads\/2022\/01\/cropped-cropped-Logorhu17bis-1BLC.png","width":114,"height":150,"caption":"MAISON DU RHU"},"image":{"@id":"https:\/\/www.abirato.com\/abiratoshop\/#\/schema\/logo\/image\/"}}]}},"_links":{"self":[{"href":"https:\/\/www.abirato.com\/abiratoshop\/wp-json\/wp\/v2\/pages\/260","targetHints":{"allow":["GET"]}}],"collection":[{"href":"https:\/\/www.abirato.com\/abiratoshop\/wp-json\/wp\/v2\/pages"}],"about":[{"href":"https:\/\/www.abirato.com\/abiratoshop\/wp-json\/wp\/v2\/types\/page"}],"author":[{"embeddable":true,"href":"https:\/\/www.abirato.com\/abiratoshop\/wp-json\/wp\/v2\/users\/1"}],"replies":[{"embeddable":true,"href":"https:\/\/www.abirato.com\/abiratoshop\/wp-json\/wp\/v2\/comments?post=260"}],"version-history":[{"count":12,"href":"https:\/\/www.abirato.com\/abiratoshop\/wp-json\/wp\/v2\/pages\/260\/revisions"}],"predecessor-version":[{"id":9333,"href":"https:\/\/www.abirato.com\/abiratoshop\/wp-json\/wp\/v2\/pages\/260\/revisions\/9333"}],"wp:attachment":[{"href":"https:\/\/www.abirato.com\/abiratoshop\/wp-json\/wp\/v2\/media?parent=260"}],"curies":[{"name":"wp","href":"https:\/\/api.w.org\/{rel}","templated":true}]}}