{"id":248,"date":"2015-09-21T08:27:24","date_gmt":"2015-09-21T07:27:24","guid":{"rendered":"http:\/\/abirato.com\/abiratoshop\/?page_id=248"},"modified":"2018-10-09T13:06:40","modified_gmt":"2018-10-09T12:06:40","slug":"cgu","status":"publish","type":"page","link":"https:\/\/www.abirato.com\/abiratoshop\/cgu\/","title":{"rendered":"CGU"},"content":{"rendered":"<p>Les pr\u00e9sentes Conditions G\u00e9n\u00e9rales d&rsquo;Utilisation d\u00e9terminent les r\u00e8gles d\u2019acc\u00e8s au site www.editionsdurhu.com. En naviguant sur ce site, vous reconnaissez, en votre qualit\u00e9 d\u2019utilisateur, en conna\u00eetre les termes, les accepter sans r\u00e9serve et vous y conformer.<\/p>\n<p><strong>1 \u2013 Mention CNIL<\/strong><\/p>\n<p><strong>a &#8211; D\u00e9claration \u00e0 la CNIL<\/strong><\/p>\n<p>Conform\u00e9ment aux dispositions de la loi dite \u00ab informatique et libert\u00e9 \u00bb du 6 janvier 1978, vous \u00eates inform\u00e9(e) de ce que les \u00e9ditions du RHU appartient proc\u00e8de \u00e0 des traitements automatis\u00e9s de vos donn\u00e9es personnelles, notamment lors de votre connexion \u00e0 notre site ou dans le cadre des formulaires en ligne remplis par vos soins.<br \/>\n<strong><br \/>\nb &#8211; Collecte et utilisation de vos donn\u00e9es personnelles <\/strong><\/p>\n<p>Les informations nominatives que vous serez amen\u00e9 \u00e0 fournir sur le site www.editionsdurhu.com (ci-apr\u00e8s d\u00e9sign\u00e9 \u00ab le Site \u00bb) ne sont transmises qu\u2019aux \u00e9ditions du RHU.<br \/>\nNous vous informons de ce que ces donn\u00e9es pourront \u00eatre utilis\u00e9es, le cas \u00e9ch\u00e9ant, par les \u00e9ditions du RHU, conform\u00e9ment aux dispositions l\u00e9gales en vigueur, \u00e0 des fins de prospection directe pour vous proposer des produits ou services analogues.<br \/>\nLa fourniture de ces informations est indispensable pour profiter de news et d\u2019offres sp\u00e9ciales, participer \u00e0 des jeux, des forums de discussions, des chats ou des blogs propos\u00e9s par les \u00e9ditions du RHU. En cas d\u2019opposition de votre part \u00e0 ce que certaines de vos donn\u00e9es soient trait\u00e9es par les \u00e9ditions du RHU, vous ne pourrez b\u00e9n\u00e9ficier de ces services.<br \/>\nConform\u00e9ment aux dispositions de la loi dite \u00ab informatique et libert\u00e9s \u00bb, le traitement de vos donn\u00e9es peut donner lieu \u00e0 l\u2019exercice du droit d\u2019acc\u00e8s et de rectification ainsi que d\u2019un droit d\u2019opposition pour motifs l\u00e9gitimes, aupr\u00e8s des \u00e9ditions du RHU, \u00e9diteur dudit Site ou en adressant un courrier \u00e0 l\u2019adresse suivante : MAISON du RHU &#8211; Association HUMUS &#8211; 21 rue de la r\u00e9publique 29200 Brest.<br \/>\nVous pouvez ainsi exiger que soient rectifi\u00e9es, compl\u00e9t\u00e9es, clarifi\u00e9es, mises \u00e0 jour ou effac\u00e9es les informations vous concernant qui sont inexactes, incompl\u00e8tes, \u00e9quivoques, ou p\u00e9rim\u00e9es.<br \/>\n<strong><br \/>\nc \u2013 Impl\u00e9mentation de \u00ab Cookies \u00bb<\/strong><\/p>\n<p>Que sont les \u00ab Cookies \u00bb ?<\/p>\n<p>Un cookie est un fichier texte qui enregistre des informations relatives \u00e0 votre navigation sur internet. Ce fichier plac\u00e9 \u00e0 l\u2019occasion d\u2019une consultation, par le site serveur, sur le disque dur de l\u2019utilisateur, ne peut pas contenir de virus ni \u00eatre ex\u00e9cut\u00e9. Il n\u2019est pas actif. De plus vous pouvez le lire, le d\u00e9truire ou le modifier. Un cookie ne peut pas \u00eatre utilis\u00e9 pour r\u00e9cup\u00e9rer des donn\u00e9es personnelles de votre disque dur, lire votre adresse mail ou se procurer des informations personnelles.<\/p>\n<p>Pourquoi des \u00ab Cookies \u00bb ?<\/p>\n<p>Dans un souci d\u2019\u00eatre au plus pr\u00e8s de vos attentes, nous souhaitons impl\u00e9menter des cookies sur votre ordinateur.<br \/>\nPersonnalisation des offres que nous vous proposons, identification et acc\u00e8s \u00e0 votre compte client, acc\u00e8s aux services personnalis\u00e9s\u2026 sont autant de services dont vous ne pourrez pas b\u00e9n\u00e9ficier, sans accepter pr\u00e9alablement l\u2019impl\u00e9mentation de cookies. C\u2019est pourquoi nous souhaitons implanter un \u00ab\u00a0cookie\u00a0\u00bb dans votre ordinateur.<br \/>\nConform\u00e9ment \u00e0 l\u2019Ordonnance du 24 ao\u00fbt 2011 relative \u00e0 l\u2019application des directives europ\u00e9ennes en mati\u00e8re de protection de la vie priv\u00e9e sur Internet, un cookie ne peut \u00eatre implant\u00e9 sur votre ordinateur sans votre consentement pr\u00e9alable.<\/p>\n<p> Avertissement ! Cookies tiers<\/p>\n<p> Nous attirons votre attention sur le fait que nous ne sommes pas responsables de l\u2019impl\u00e9mentation par le(s) r\u00e9seau(x) social(aux) au(x)quel(s) vous appartenez de cookies-tiers sur votre ordinateur. Les r\u00e9seaux sociaux sont en effet susceptibles de placer sur votre ordinateur un cookie, qui permet votre identification notamment lorsque vous utilisez une fonctionnalit\u00e9 vous permettant de donner votre avis sur un contenu ou une publication. Notre Site comporte des applications li\u00e9es aux diff\u00e9rents r\u00e9seaux sociaux (Facebook, Twitter, Youtube, Viadeo, etc.) dites \u00ab plugins sociaux \u00bb qui nous permettent notamment de vous proposer la recommandation de contenus. Lorsque vous demandez une page de notre site Internet contenant l&rsquo;un de ces plugins, votre navigateur \u00e9tablit une liaison directe aux serveurs du r\u00e9seau social concern\u00e9. Le contenu du plugin sera directement transmis \u00e0 votre navigateur par ledit r\u00e9seau social et int\u00e9gr\u00e9 \u00e0 la page Internet. Pour prendre connaissance de l&rsquo;objectif et de l&rsquo;\u00e9tendue de la collecte de donn\u00e9es, du traitement et de l&rsquo;utilisation des donn\u00e9es par le(s) r\u00e9seau(x) social(aux) au(x)quel(s) vous appartenez, ainsi que de vos droits et possibilit\u00e9s de modification des param\u00e8tres pour la protection de votre vie priv\u00e9e, veuillez consulter les Conditions G\u00e9n\u00e9rales d\u2019Utilisation du r\u00e9seau social concern\u00e9. Si vous ne souhaitez pas qu\u2019un r\u00e9seau social recueille des donn\u00e9es vous concernant sur notre Site, d\u00e9connectez-vous dudit r\u00e9seau social avant de le visiter.<br \/>\n<strong><br \/>\n2 \u2013 Licence de droit d\u2019usage<\/strong><\/p>\n<p>L&rsquo;acc\u00e8s au Site vous conf\u00e8re un droit d&rsquo;usage priv\u00e9, non collectif et non exclusif sur le contenu dudit Site. Toute mise en r\u00e9seau et toute rediffusion, quelle qu&rsquo;en soit la forme, sont interdites. Si vous souhaitez faire un usage commercial des informations figurant sur ce site, il convient de solliciter un accord expr\u00e8s de notre part.<\/p>\n<p>L&rsquo;ensemble des mat\u00e9riels \u00e9dit\u00e9s sur le Site, incluant \u00e0 titre non limitatif les textes, les photographies, les infographies, les ic\u00f4nes (ci-apr\u00e8s \u00ab les Mat\u00e9riels \u00bb), constituent des \u0153uvres au sens des dispositions de l&rsquo;article L 112-1 du Code de la Propri\u00e9t\u00e9 Intellectuelle. En cons\u00e9quence, toute repr\u00e9sentation ou reproduction, int\u00e9grale ou partielle, qui pourrait en \u00eatre faite sans le consentement de leurs auteurs ou de leurs ayants-droit, est illicite. Vous ne pouvez donc modifier, copier, transmettre par e-mail ou de toute autre mani\u00e8re, c\u00e9der, t\u00e9l\u00e9charger, afficher et, d&rsquo;une fa\u00e7on g\u00e9n\u00e9rale, exploiter ces Mat\u00e9riels.<\/p>\n<p>Vous vous engagez en cons\u00e9quence \u00e0 :<br \/>\n&#8211; ne t\u00e9l\u00e9charger sur votre ordinateur les Mat\u00e9riels que pour un usage personnel et limit\u00e9 dans le temps ;<br \/>\n&#8211; n&rsquo;imprimer sur support papier les Mat\u00e9riels qu&rsquo;\u00e0 la condition que lesdites copies soient strictement limit\u00e9es \u00e0 un usage personnel ;<br \/>\n&#8211; ne pas reproduire la version num\u00e9rique des Mat\u00e9riels \u00e0 des fins de revue de presse ;<br \/>\n&#8211; ne pas alt\u00e9rer, modifier, d\u00e9placer, retirer ou remplacer le contenu \u00e9ditorial (texte et\/ou reproduction) des Mat\u00e9riels et\/ou le nom de www.editionsdurhu.com et\/ou des auteurs des Mat\u00e9riels ou de leurs ayants-droit et\/ou toute autre information se rapportant aux droits des \u00e9ditions du RHU et\/ou des auteurs des Mat\u00e9riels ou de leurs ayants-droit.<\/p>\n<p>Nous vous rappelons que la violation de l&rsquo;un des droits d&rsquo;auteur de l&rsquo;\u00e9diteur ou des auteurs de ce Site constitue un d\u00e9lit de contrefa\u00e7on puni en France par l&rsquo;article L 335-2 du Code de la Propri\u00e9t\u00e9 Intellectuelle et passible de trois ans d&#8217;emprisonnement et 300 000 euros d&rsquo;amende.<br \/>\nL&rsquo;\u00e9diteur se r\u00e9serve le droit, \u00e0 sa seule discr\u00e9tion et sans information pr\u00e9alable, de modifier, supprimer ou ajouter des mentions aux \u00ab\u00a0Conditions G\u00e9n\u00e9rales d&rsquo;Utilisation\u00a0\u00bb du Site, et ce \u00e0 tout moment afin notamment de prendre en compte toute \u00e9volution l\u00e9gale, jurisprudentielle, \u00e9ditoriale et\/ou technique.<\/p>\n<p>La version qui pr\u00e9vaut est celle qui est accessible en ligne. Il vous est donc conseill\u00e9 de vous r\u00e9f\u00e9rer r\u00e9guli\u00e8rement \u00e0 la derni\u00e8re version des desdites Conditions G\u00e9n\u00e9rales d&rsquo;Utilisation.<br \/>\nL&rsquo;\u00e9diteur se r\u00e9serve \u00e9galement la facult\u00e9 de modifier les caract\u00e9ristiques ou le contenu du Site. Il peut \u00e9galement restreindre l&rsquo;acc\u00e8s du Site \u00e0 certaines rubriques et ce, sans avertissement pr\u00e9alable.<br \/>\nL&rsquo;\u00e9diteur peut \u00e0 sa seule discr\u00e9tion suspendre, interrompre ou arr\u00eater l&rsquo;acc\u00e8s \u00e0 tout ou partie du Site pour quelque raison que ce soit incluant notamment le non-respect des \u00ab\u00a0Conditions g\u00e9n\u00e9rales d&rsquo;utilisation\u00a0\u00bb du Site. Il ne garantit pas que le Site soit sans erreurs ni que toutes les imperfections feront l&rsquo;objet de corrections.<\/p>\n<p>L&rsquo;\u00e9diteur se r\u00e9serve le droit de vous envoyer, \u00e0 vous personnellement ou \u00e0 l&rsquo;ensemble des utilisateurs du Site, des e-mails afin de vous tenir inform\u00e9 des changements, modifications ou ajouts intervenus sur le Site.<\/p>\n<p><strong>3 \u2013 Limitation de responsabilit\u00e9<\/strong><\/p>\n<p>Vous \u00eates seul responsable des dommages et pr\u00e9judices, directs ou indirects, mat\u00e9riels ou immat\u00e9riels d\u00e8s lors qu&rsquo;ils auraient pour cause, fondement ou origine un usage du Site par vous-m\u00eame ou par toute personne autoris\u00e9e par vous \u00e0 utiliser ce Site. Par usage, il convient d&rsquo;entendre tout usage du Site quel qu&rsquo;il soit, frauduleux ou non frauduleux.<\/p>\n<p>A ce titre, vous renoncez \u00e0 toute r\u00e9clamation ou action en justice relative \u00e0 de tels dommages et pr\u00e9judices, sur le fondement de la responsabilit\u00e9 contractuelle des \u00e9ditions du RHU en sa qualit\u00e9 d&rsquo;\u00e9diteur de ce Site ou sur tout autre fondement.<br \/>\nDes liens hypertextes peuvent renvoyer vers d&rsquo;autres sites que le Site. En cliquant sur ces liens, vous quittez le Site et aboutissez ainsi sur des sites sur lesquels les \u00e9ditions du RHU n&rsquo;exerce aucun contr\u00f4le. En cons\u00e9quence, cette derni\u00e8re d\u00e9gage toute responsabilit\u00e9 dans le cas o\u00f9 le contenu de ces sites contreviendrait aux dispositions l\u00e9gales et r\u00e9glementaires en vigueur.<\/p>\n<p>En outre, il est rappel\u00e9 qu&rsquo;aucun lien hypertexte ne peut renvoyer sur le Site www.editionsdurhu.com sans l&rsquo;autorisation pr\u00e9alable et expresse de l&rsquo;\u00e9diteur du Site. A d\u00e9faut d&rsquo;autorisation, un tel lien est consid\u00e9r\u00e9 comme constitutif du d\u00e9lit de contrefa\u00e7on, d\u00e9lit dont les peines ont d&rsquo;ores et d\u00e9j\u00e0 \u00e9t\u00e9 rappel\u00e9es ci-dessus.<\/p>\n<p>Les \u00e9ditions du RHU met en garde les personnes titulaires de l&rsquo;autorit\u00e9 parentale sur la diversit\u00e9 et la nature des contenus disponibles sur le r\u00e9seau Internet, lesquels peuvent \u00eatre susceptibles de porter pr\u00e9judice aux mineurs. Les parents sont donc encourag\u00e9s \u00e0 surveiller leurs enfants lorsqu&rsquo;ils se connectent. Il est en outre rappel\u00e9 aux parents et \u00e0 toute personne exer\u00e7ant l&rsquo;autorit\u00e9 parentale, qu&rsquo;il leur appartient, d&rsquo;une part, de d\u00e9terminer quels services accessibles sur le Site leur enfant mineur est autoris\u00e9 \u00e0 utiliser et, d&rsquo;autre part, de surveiller l&rsquo;utilisation que celui-ci fait de ces services.<\/p>\n<p>Les \u00e9ditions du RHU s&rsquo;engage \u00e0 faire ses meilleurs efforts pour s\u00e9curiser l&rsquo;acc\u00e8s, la consultation et l&rsquo;utilisation des Mat\u00e9riels conform\u00e9ment aux r\u00e8gles d&rsquo;usages de l&rsquo;Internet. L&rsquo;acc\u00e8s au Site est possible vingt-quatre (24) heures sur vingt-quatre (24), sept (7) jours sur sept (7) sauf en cas de force majeure ou d&rsquo;\u00e9v\u00e9nement hors du contr\u00f4le des \u00e9ditions du RHU et sous r\u00e9serve des \u00e9ventuelles pannes et interventions de maintenance n\u00e9cessaires au bon fonctionnement du Site et des Mat\u00e9riels, qui pourront \u00eatre effectu\u00e9es sans vous en avoir averti au pr\u00e9alable.<\/p>\n<p>En cons\u00e9quence, la responsabilit\u00e9 de Le RHU ne peut \u00eatre engag\u00e9e dans les cas suivants :<br \/>\n&#8211; interruptions momentan\u00e9es d&rsquo;une dur\u00e9e de quelques minutes pour la mise \u00e0 jour de certains fichiers ;<br \/>\n&#8211; difficult\u00e9s de fonctionnement ou interruption momentan\u00e9e de ces services ind\u00e9pendamment de la volont\u00e9 des \u00e9ditions du RHU notamment en cas d&rsquo;interruption des services d&rsquo;\u00e9lectricit\u00e9 ou de t\u00e9l\u00e9communication ;<br \/>\n&#8211; interruptions momentan\u00e9es des services n\u00e9cessaires \u00e0 leurs \u00e9volutions ou maintenance ;<br \/>\n&#8211; d\u00e9faillance ou dysfonctionnements du r\u00e9seau Internet dans la transmission de messages ou documents.<\/p>\n<p>Vous d\u00e9clarez accepter les caract\u00e9ristiques et les limites de l&rsquo;Internet, et en particulier reconna\u00eetre :<br \/>\n&#8211; que vous avez connaissance de la nature de l&rsquo;Internet, en particulier de ses performances techniques et des temps de r\u00e9ponse pour consulter, interroger ou transf\u00e9rer les Informations ;<br \/>\n&#8211; que la communication de vos \u00e9ventuels codes d&rsquo;acc\u00e8s et pr\u00e9cis\u00e9ment de votre email et de votre mot de passe ou d&rsquo;une mani\u00e8re g\u00e9n\u00e9rale de toute information jug\u00e9e confidentielle est faite sous votre propre responsabilit\u00e9 ;<br \/>\n&#8211; qu&rsquo;il vous appartient de prendre toutes mesures n\u00e9cessaires pour s&rsquo;assurer que les caract\u00e9ristiques techniques de votre ordinateur vous permettent la consultation des Informations ;<br \/>\n&#8211; qu&rsquo;il vous appartient de prendre toutes les mesures appropri\u00e9es de fa\u00e7on \u00e0 prot\u00e9ger vos propres donn\u00e9es et\/ou logiciels de la contamination par des \u00e9ventuels virus circulant \u00e0 travers le Site et\/ou les Informations.<\/p>\n<p> la MAISON DU RHU sont g\u00e9r\u00e9es par une association loi 1901 \u00e0 but non lucratif  W291005142 SIRET 84100899800012  NAF 9499Z  TVA Intracommunautaire FR67841008998  et repr\u00e9sent\u00e9es par Catherine Weber-Acquaviva.<\/p>\n<div style=\"padding-bottom:20px; padding-top:10px;\" class=\"hupso-share-buttons\"><!-- Hupso Share Buttons - https:\/\/www.hupso.com\/share\/ --><a class=\"hupso_toolbar\" href=\"https:\/\/www.hupso.com\/share\/\"><img decoding=\"async\" src=\"https:\/\/static.hupso.com\/share\/buttons\/lang\/fr\/share-medium.png\" style=\"border:0px; padding-top: 5px; float:left;\" alt=\"Share Button\"\/><\/a><script type=\"text\/javascript\">var hupso_services_t=new Array(\"Twitter\",\"Facebook\",\"Google Plus\",\"Pinterest\",\"Linkedin\",\"Tumblr\");var hupso_background_t=\"#EAF4FF\";var hupso_border_t=\"#66CCFF\";var hupso_toolbar_size_t=\"medium\";var hupso_image_folder_url = \"\";var hupso_url_t=\"\";var hupso_title_t=\"CGU\";<\/script><script type=\"text\/javascript\" src=\"https:\/\/static.hupso.com\/share\/js\/share_toolbar.js\"><\/script><!-- Hupso Share Buttons --><\/div>","protected":false},"excerpt":{"rendered":"<p>Les pr\u00e9sentes Conditions G\u00e9n\u00e9rales d&rsquo;Utilisation d\u00e9terminent les r\u00e8gles d\u2019acc\u00e8s au site www.editionsdurhu.com. En naviguant sur ce site, vous reconnaissez, en votre qualit\u00e9 d\u2019utilisateur, en conna\u00eetre les termes, les accepter sans r\u00e9serve et vous y conformer. 1 \u2013 Mention CNIL a &#8211; D\u00e9claration \u00e0 la CNIL Conform\u00e9ment aux dispositions de la loi dite \u00ab informatique et<\/p><\/div>\n<div class=\"blog-btn\"><a href=\"https:\/\/www.abirato.com\/abiratoshop\/cgu\/\" class=\"home-blog-btn\">Lire la suite<\/a><\/p>\n","protected":false},"author":1,"featured_media":0,"parent":0,"menu_order":0,"comment_status":"closed","ping_status":"closed","template":"","meta":{"_exactmetrics_skip_tracking":false,"_exactmetrics_sitenote_active":false,"_exactmetrics_sitenote_note":"","_exactmetrics_sitenote_category":0,"footnotes":""},"class_list":["post-248","page","type-page","status-publish","hentry"],"yoast_head":"<!-- This site is optimized with the Yoast SEO plugin v26.5 - https:\/\/yoast.com\/wordpress\/plugins\/seo\/ -->\n<title>CGU - MAISON DU RHU<\/title>\n<meta name=\"robots\" content=\"index, follow, max-snippet:-1, max-image-preview:large, max-video-preview:-1\" \/>\n<link rel=\"canonical\" href=\"https:\/\/www.abirato.com\/abiratoshop\/cgu\/\" \/>\n<meta property=\"og:locale\" content=\"fr_FR\" \/>\n<meta property=\"og:type\" content=\"article\" \/>\n<meta property=\"og:title\" content=\"CGU - MAISON DU RHU\" \/>\n<meta property=\"og:description\" content=\"Les pr\u00e9sentes Conditions G\u00e9n\u00e9rales d&rsquo;Utilisation d\u00e9terminent les r\u00e8gles d\u2019acc\u00e8s au site www.editionsdurhu.com. En naviguant sur ce site, vous reconnaissez, en votre qualit\u00e9 d\u2019utilisateur, en conna\u00eetre les termes, les accepter sans r\u00e9serve et vous y conformer. 1 \u2013 Mention CNIL a &#8211; D\u00e9claration \u00e0 la CNIL Conform\u00e9ment aux dispositions de la loi dite \u00ab informatique etLire la suite\" \/>\n<meta property=\"og:url\" content=\"https:\/\/www.abirato.com\/abiratoshop\/cgu\/\" \/>\n<meta property=\"og:site_name\" content=\"MAISON DU RHU\" \/>\n<meta property=\"article:modified_time\" content=\"2018-10-09T12:06:40+00:00\" \/>\n<meta name=\"twitter:card\" content=\"summary_large_image\" \/>\n<meta name=\"twitter:label1\" content=\"Dur\u00e9e de lecture estim\u00e9e\" \/>\n\t<meta name=\"twitter:data1\" content=\"10 minutes\" \/>\n<script type=\"application\/ld+json\" class=\"yoast-schema-graph\">{\"@context\":\"https:\/\/schema.org\",\"@graph\":[{\"@type\":\"WebPage\",\"@id\":\"https:\/\/www.abirato.com\/abiratoshop\/cgu\/\",\"url\":\"https:\/\/www.abirato.com\/abiratoshop\/cgu\/\",\"name\":\"CGU - MAISON DU RHU\",\"isPartOf\":{\"@id\":\"https:\/\/www.abirato.com\/abiratoshop\/#website\"},\"datePublished\":\"2015-09-21T07:27:24+00:00\",\"dateModified\":\"2018-10-09T12:06:40+00:00\",\"breadcrumb\":{\"@id\":\"https:\/\/www.abirato.com\/abiratoshop\/cgu\/#breadcrumb\"},\"inLanguage\":\"fr-FR\",\"potentialAction\":[{\"@type\":\"ReadAction\",\"target\":[\"https:\/\/www.abirato.com\/abiratoshop\/cgu\/\"]}]},{\"@type\":\"BreadcrumbList\",\"@id\":\"https:\/\/www.abirato.com\/abiratoshop\/cgu\/#breadcrumb\",\"itemListElement\":[{\"@type\":\"ListItem\",\"position\":1,\"name\":\"Accueil\",\"item\":\"https:\/\/www.abirato.com\/abiratoshop\/\"},{\"@type\":\"ListItem\",\"position\":2,\"name\":\"CGU\"}]},{\"@type\":\"WebSite\",\"@id\":\"https:\/\/www.abirato.com\/abiratoshop\/#website\",\"url\":\"https:\/\/www.abirato.com\/abiratoshop\/\",\"name\":\"MAISON DU RHU\",\"description\":\"sautez la barri\u00e8re\",\"publisher\":{\"@id\":\"https:\/\/www.abirato.com\/abiratoshop\/#organization\"},\"potentialAction\":[{\"@type\":\"SearchAction\",\"target\":{\"@type\":\"EntryPoint\",\"urlTemplate\":\"https:\/\/www.abirato.com\/abiratoshop\/?s={search_term_string}\"},\"query-input\":{\"@type\":\"PropertyValueSpecification\",\"valueRequired\":true,\"valueName\":\"search_term_string\"}}],\"inLanguage\":\"fr-FR\"},{\"@type\":\"Organization\",\"@id\":\"https:\/\/www.abirato.com\/abiratoshop\/#organization\",\"name\":\"MAISON DU RHU\",\"url\":\"https:\/\/www.abirato.com\/abiratoshop\/\",\"logo\":{\"@type\":\"ImageObject\",\"inLanguage\":\"fr-FR\",\"@id\":\"https:\/\/www.abirato.com\/abiratoshop\/#\/schema\/logo\/image\/\",\"url\":\"https:\/\/www.abirato.com\/abiratoshop\/wp-content\/uploads\/2022\/01\/cropped-cropped-Logorhu17bis-1BLC.png\",\"contentUrl\":\"https:\/\/www.abirato.com\/abiratoshop\/wp-content\/uploads\/2022\/01\/cropped-cropped-Logorhu17bis-1BLC.png\",\"width\":114,\"height\":150,\"caption\":\"MAISON DU RHU\"},\"image\":{\"@id\":\"https:\/\/www.abirato.com\/abiratoshop\/#\/schema\/logo\/image\/\"}}]}<\/script>\n<!-- \/ Yoast SEO plugin. -->","yoast_head_json":{"title":"CGU - MAISON DU RHU","robots":{"index":"index","follow":"follow","max-snippet":"max-snippet:-1","max-image-preview":"max-image-preview:large","max-video-preview":"max-video-preview:-1"},"canonical":"https:\/\/www.abirato.com\/abiratoshop\/cgu\/","og_locale":"fr_FR","og_type":"article","og_title":"CGU - MAISON DU RHU","og_description":"Les pr\u00e9sentes Conditions G\u00e9n\u00e9rales d&rsquo;Utilisation d\u00e9terminent les r\u00e8gles d\u2019acc\u00e8s au site www.editionsdurhu.com. En naviguant sur ce site, vous reconnaissez, en votre qualit\u00e9 d\u2019utilisateur, en conna\u00eetre les termes, les accepter sans r\u00e9serve et vous y conformer. 1 \u2013 Mention CNIL a &#8211; D\u00e9claration \u00e0 la CNIL Conform\u00e9ment aux dispositions de la loi dite \u00ab informatique etLire la suite","og_url":"https:\/\/www.abirato.com\/abiratoshop\/cgu\/","og_site_name":"MAISON DU RHU","article_modified_time":"2018-10-09T12:06:40+00:00","twitter_card":"summary_large_image","twitter_misc":{"Dur\u00e9e de lecture estim\u00e9e":"10 minutes"},"schema":{"@context":"https:\/\/schema.org","@graph":[{"@type":"WebPage","@id":"https:\/\/www.abirato.com\/abiratoshop\/cgu\/","url":"https:\/\/www.abirato.com\/abiratoshop\/cgu\/","name":"CGU - MAISON DU RHU","isPartOf":{"@id":"https:\/\/www.abirato.com\/abiratoshop\/#website"},"datePublished":"2015-09-21T07:27:24+00:00","dateModified":"2018-10-09T12:06:40+00:00","breadcrumb":{"@id":"https:\/\/www.abirato.com\/abiratoshop\/cgu\/#breadcrumb"},"inLanguage":"fr-FR","potentialAction":[{"@type":"ReadAction","target":["https:\/\/www.abirato.com\/abiratoshop\/cgu\/"]}]},{"@type":"BreadcrumbList","@id":"https:\/\/www.abirato.com\/abiratoshop\/cgu\/#breadcrumb","itemListElement":[{"@type":"ListItem","position":1,"name":"Accueil","item":"https:\/\/www.abirato.com\/abiratoshop\/"},{"@type":"ListItem","position":2,"name":"CGU"}]},{"@type":"WebSite","@id":"https:\/\/www.abirato.com\/abiratoshop\/#website","url":"https:\/\/www.abirato.com\/abiratoshop\/","name":"MAISON DU RHU","description":"sautez la barri\u00e8re","publisher":{"@id":"https:\/\/www.abirato.com\/abiratoshop\/#organization"},"potentialAction":[{"@type":"SearchAction","target":{"@type":"EntryPoint","urlTemplate":"https:\/\/www.abirato.com\/abiratoshop\/?s={search_term_string}"},"query-input":{"@type":"PropertyValueSpecification","valueRequired":true,"valueName":"search_term_string"}}],"inLanguage":"fr-FR"},{"@type":"Organization","@id":"https:\/\/www.abirato.com\/abiratoshop\/#organization","name":"MAISON DU RHU","url":"https:\/\/www.abirato.com\/abiratoshop\/","logo":{"@type":"ImageObject","inLanguage":"fr-FR","@id":"https:\/\/www.abirato.com\/abiratoshop\/#\/schema\/logo\/image\/","url":"https:\/\/www.abirato.com\/abiratoshop\/wp-content\/uploads\/2022\/01\/cropped-cropped-Logorhu17bis-1BLC.png","contentUrl":"https:\/\/www.abirato.com\/abiratoshop\/wp-content\/uploads\/2022\/01\/cropped-cropped-Logorhu17bis-1BLC.png","width":114,"height":150,"caption":"MAISON DU RHU"},"image":{"@id":"https:\/\/www.abirato.com\/abiratoshop\/#\/schema\/logo\/image\/"}}]}},"_links":{"self":[{"href":"https:\/\/www.abirato.com\/abiratoshop\/wp-json\/wp\/v2\/pages\/248","targetHints":{"allow":["GET"]}}],"collection":[{"href":"https:\/\/www.abirato.com\/abiratoshop\/wp-json\/wp\/v2\/pages"}],"about":[{"href":"https:\/\/www.abirato.com\/abiratoshop\/wp-json\/wp\/v2\/types\/page"}],"author":[{"embeddable":true,"href":"https:\/\/www.abirato.com\/abiratoshop\/wp-json\/wp\/v2\/users\/1"}],"replies":[{"embeddable":true,"href":"https:\/\/www.abirato.com\/abiratoshop\/wp-json\/wp\/v2\/comments?post=248"}],"version-history":[{"count":5,"href":"https:\/\/www.abirato.com\/abiratoshop\/wp-json\/wp\/v2\/pages\/248\/revisions"}],"predecessor-version":[{"id":3214,"href":"https:\/\/www.abirato.com\/abiratoshop\/wp-json\/wp\/v2\/pages\/248\/revisions\/3214"}],"wp:attachment":[{"href":"https:\/\/www.abirato.com\/abiratoshop\/wp-json\/wp\/v2\/media?parent=248"}],"curies":[{"name":"wp","href":"https:\/\/api.w.org\/{rel}","templated":true}]}}