{"id":103,"date":"2015-09-20T10:28:06","date_gmt":"2015-09-20T09:28:06","guid":{"rendered":"http:\/\/abirato.com\/abiratoshop\/?page_id=103"},"modified":"2022-01-06T18:45:04","modified_gmt":"2022-01-06T17:45:04","slug":"ateliers","status":"publish","type":"page","link":"https:\/\/www.abirato.com\/abiratoshop\/ateliers\/","title":{"rendered":"ATELIERS"},"content":{"rendered":"<h3>Nos Ateliers propos\u00e9s:<\/h3>\n<h3>-Projets \u00e0 Livre Ouvert<br \/>\n-Initiation \u00e0 la BD<br \/>\n-Carnet<br \/>\n-Dessin<br \/>\n-Illustration Num\u00e9rique<br \/>\n-Livre jeunesse<br \/>\n-Fresque<\/h3>\n<p>Nos Manifestations pass\u00e9es:<\/p>\n<p><strong>Atelier BD reportage&nbsp;<\/strong>@ PL Pilier Rouge brest avec Benjamin Vanderlick<strong><br \/>\nCoulisses de la BD <\/strong>@ UBO option le 9\u00e8me Art: Histoire de la BD<strong><br \/>\nA livre ouvert &#8211; Histoires illustr\u00e9es <\/strong>5\u00e8me @&nbsp; Coll\u00e8ge de Pontrieux<br \/>\n<strong>Atelier BD CM1-CM2 <\/strong>dans le cadre de Quai des Bulles @ M\u00e9diath\u00e8ques Bourg-Blanc \/ Plou\u00e9dern<strong><br \/>\nA livre ouvert &#8211; Carnets de Voyages<\/strong> toutes les 5\u00e8me @ Coll\u00e8ge de Bourbriac<br \/>\n<strong>Fresque BD participative<\/strong> @ M\u00e9diath\u00e8que du Relecq-Kerhuon<br \/>\n<strong>Atelier BD<\/strong> @ M\u00e9diath\u00e8que de Plougastel-Daoulas<br \/>\n<strong>Atelier Illustration<\/strong> @ \u00c9cole Gu\u00e9rin &#8211; Des Lires \u00e0 L&rsquo;Ouest &#8211; Brest<br \/>\n<strong>Atelier BD<\/strong> @ M\u00e9diath\u00e8que du Folgo\u00ebt<br \/>\n<strong>Initiation \u00e0 la tablette Num\u00e9rique<\/strong> @ M\u00e9diath\u00e8que de Lesneven<br \/>\n<strong>Fresque BD participative<\/strong> @ Multiplexe Libert\u00e9 Brest<br \/>\n<strong>Cr\u00e9ation de livres jeunesse de 20 pages<\/strong> @ 3 \u00c9coles primaires de Gouesnou CE1&gt;CM2<br \/>\n<strong>Cours particuliers d&rsquo;aquarelle et carnets<\/strong><br \/>\n<strong>Cours particuliers de Manga<\/strong><br \/>\n<strong>Expositions<\/strong> <strong>Casier(s) :<\/strong> Chevaliers\/Charlie\/Pirates&#8230;<br \/>\n<strong>Concerts dessin\u00e9s<\/strong> avec Mi Alma ou avec Obion et mon trio <em>Petit Moineau<\/em><br \/>\n<strong>Match d&rsquo;Improvisation Dessin<\/strong> contre Julien Sol\u00e9, Obion, Yoann Carquet et Florent Calvez<\/p>\n<p><em>mais aussi<\/em><br \/>\nnombreuses expositions, performances, concerts, march\u00e9s, salons, s\u00e9ances de d\u00e9dicaces, plougabulles, rencontres brestoises de la bd, la mer en livre, salon de l\u2019illustration de landerneau, gouesnou, saint-malo&#8230;<\/p>\n<p><a href=\"http:\/\/www.abirato.com\/abiratoshop\/wp-content\/uploads\/2019\/01\/telegrammeBourbriac.png\"><img fetchpriority=\"high\" decoding=\"async\" class=\"alignnone size-large wp-image-3945\" src=\"http:\/\/www.abirato.com\/abiratoshop\/wp-content\/uploads\/2019\/01\/telegrammeBourbriac-1024x888.png\" alt=\"\" width=\"940\" height=\"815\" srcset=\"https:\/\/www.abirato.com\/abiratoshop\/wp-content\/uploads\/2019\/01\/telegrammeBourbriac-1024x888.png 1024w, https:\/\/www.abirato.com\/abiratoshop\/wp-content\/uploads\/2019\/01\/telegrammeBourbriac-300x260.png 300w, https:\/\/www.abirato.com\/abiratoshop\/wp-content\/uploads\/2019\/01\/telegrammeBourbriac-768x666.png 768w, https:\/\/www.abirato.com\/abiratoshop\/wp-content\/uploads\/2019\/01\/telegrammeBourbriac-600x520.png 600w, https:\/\/www.abirato.com\/abiratoshop\/wp-content\/uploads\/2019\/01\/telegrammeBourbriac.png 1099w\" sizes=\"(max-width: 940px) 100vw, 940px\" \/><\/a><\/p>\n<div align=\"center\"><iframe src=\"https:\/\/www.youtube.com\/embed\/IMSXUcigsls\" width=\"650\" height=\"370\" frameborder=\"0\" allowfullscreen=\"allowfullscreen\"><\/iframe><img decoding=\"async\" src=\"http:\/\/www.abirato.com\/CLIPS\/ombre.png\" alt=\"\" width=\"650\" border=\"0\"><\/div>\n<p><a href=\"http:\/\/www.abirato.com\/abiratoshop\/wp-content\/uploads\/2016\/12\/GOUESNOU.jpg\"><img decoding=\"async\" class=\"aligncenter size-large wp-image-835\" src=\"http:\/\/www.abirato.com\/abiratoshop\/wp-content\/uploads\/2016\/12\/GOUESNOU-1024x1024.jpg\" alt=\"\" width=\"640\" height=\"640\" srcset=\"https:\/\/www.abirato.com\/abiratoshop\/wp-content\/uploads\/2016\/12\/GOUESNOU-1024x1024.jpg 1024w, https:\/\/www.abirato.com\/abiratoshop\/wp-content\/uploads\/2016\/12\/GOUESNOU-300x300.jpg 300w, https:\/\/www.abirato.com\/abiratoshop\/wp-content\/uploads\/2016\/12\/GOUESNOU-100x100.jpg 100w, https:\/\/www.abirato.com\/abiratoshop\/wp-content\/uploads\/2016\/12\/GOUESNOU-600x600.jpg 600w, https:\/\/www.abirato.com\/abiratoshop\/wp-content\/uploads\/2016\/12\/GOUESNOU-150x150.jpg 150w, https:\/\/www.abirato.com\/abiratoshop\/wp-content\/uploads\/2016\/12\/GOUESNOU-768x768.jpg 768w, https:\/\/www.abirato.com\/abiratoshop\/wp-content\/uploads\/2016\/12\/GOUESNOU-250x250.jpg 250w, https:\/\/www.abirato.com\/abiratoshop\/wp-content\/uploads\/2016\/12\/GOUESNOU-174x174.jpg 174w, https:\/\/www.abirato.com\/abiratoshop\/wp-content\/uploads\/2016\/12\/GOUESNOU.jpg 1080w\" sizes=\"(max-width: 640px) 100vw, 640px\" \/><\/a><br \/>\n\u00c0 titre d&rsquo;exemple, voici un aper\u00e7u de<\/p>\n<h4>3 ouvrages de 20 pages r\u00e9alis\u00e9s en 6 s\u00e9ances de 2h<\/h4>\n<p>avec les \u00e9l\u00e8ves des trois \u00e9coles de Gouesnou en Sept-Oct 2016 (niveaux CE1-CM1)<\/p>\n<p class=\"h3\">Des ateliers sont propos\u00e9s par Julien Weber-Acquaviva: intervention dans les \u00e9coles autour de la cr\u00e9ation d&rsquo;un Livre Jeunesse, de la Bande dessin\u00e9e, stages de croquis d&rsquo;observation sur carnet, de peinture r\u00e9aliste (aquarelle, gouache, acrylique) ou dessin d&rsquo;illustration&#8230;<\/p>\n<p>contact: <a href=\"mailto:weber@abirato.com\">weber@abirato.com<\/a> &#8211; 06 72 75 84 82<\/p>\n<h2>INTERVENTIONS POSSIBLES TOUTE L&rsquo;ANN\u00c9E<\/h2>\n<p>Vente d&rsquo;originaux, Cours, Stages et Ateliers dessin, carnets, peinture, arts num\u00e9riques, fresques participatives, impros, concerts-dessin\u00e9s:<br \/>\n<strong>06 72 75 84 82<\/strong> \u2022 <a href=\"mailto: contact@editionsdurhu.com\"> contact@editionsdurhu.com<\/a><\/p>\n<div align=\"center\"><iframe title=\"0\" src=\"https:\/\/player.vimeo.com\/video\/68089973?portrait=0&amp;badge=0&amp;byline=0&amp;title=0&amp;color=FF4500\" width=\"650\" height=\"370\" frameborder=\"0\" allowfullscreen=\"allowfullscreen\"><\/iframe><br \/>\n<img decoding=\"async\" src=\"http:\/\/www.abirato.com\/CLIPS\/ombre.png\" alt=\"\" width=\"650\" border=\"0\"><\/div>\n<div align=\"center\"><a href=\"http:\/\/www.ouest-france.fr\/bretagne\/gouesnou-29850\/exposition-des-ateliers-bandes-dessinees-des-ecoliers-4647846\" target=\"_blank&quot;\" rel=\"noopener\">ARTICLE OUEST-FRANCE<\/a><br \/>\n<a href=\"http:\/\/www.abirato.com\/abiratoshop\/wp-content\/uploads\/2015\/09\/OF.jpg\"><img decoding=\"async\" class=\"aligncenter size-full wp-image-780\" src=\"http:\/\/www.abirato.com\/abiratoshop\/wp-content\/uploads\/2015\/09\/OF.jpg\" alt=\"\" width=\"666\" height=\"847\" srcset=\"https:\/\/www.abirato.com\/abiratoshop\/wp-content\/uploads\/2015\/09\/OF.jpg 666w, https:\/\/www.abirato.com\/abiratoshop\/wp-content\/uploads\/2015\/09\/OF-600x763.jpg 600w, https:\/\/www.abirato.com\/abiratoshop\/wp-content\/uploads\/2015\/09\/OF-236x300.jpg 236w\" sizes=\"(max-width: 666px) 100vw, 666px\" \/><\/a><\/p>\n<p><a href=\"http:\/\/www.abirato.com\/abiratoshop\/wp-content\/uploads\/2015\/09\/Presentation-publique-ateliers-bande-dessinee_maj-novembre-2016-7.jpg\"><img loading=\"lazy\" decoding=\"async\" class=\"aligncenter size-large wp-image-776\" src=\"http:\/\/www.abirato.com\/abiratoshop\/wp-content\/uploads\/2015\/09\/Presentation-publique-ateliers-bande-dessinee_maj-novembre-2016-7-1024x509.jpg\" alt=\"presentation-publique-ateliers-bande-dessinee_maj-novembre-2016-7\" width=\"640\" height=\"318\" srcset=\"https:\/\/www.abirato.com\/abiratoshop\/wp-content\/uploads\/2015\/09\/Presentation-publique-ateliers-bande-dessinee_maj-novembre-2016-7-1024x509.jpg 1024w, https:\/\/www.abirato.com\/abiratoshop\/wp-content\/uploads\/2015\/09\/Presentation-publique-ateliers-bande-dessinee_maj-novembre-2016-7-600x298.jpg 600w, https:\/\/www.abirato.com\/abiratoshop\/wp-content\/uploads\/2015\/09\/Presentation-publique-ateliers-bande-dessinee_maj-novembre-2016-7-300x149.jpg 300w, https:\/\/www.abirato.com\/abiratoshop\/wp-content\/uploads\/2015\/09\/Presentation-publique-ateliers-bande-dessinee_maj-novembre-2016-7-768x382.jpg 768w, https:\/\/www.abirato.com\/abiratoshop\/wp-content\/uploads\/2015\/09\/Presentation-publique-ateliers-bande-dessinee_maj-novembre-2016-7-400x200.jpg 400w, https:\/\/www.abirato.com\/abiratoshop\/wp-content\/uploads\/2015\/09\/Presentation-publique-ateliers-bande-dessinee_maj-novembre-2016-7.jpg 1600w\" sizes=\"(max-width: 640px) 100vw, 640px\" \/><\/a><small>photo: Beno\u00eet Marc<\/small><br \/>\n<small>(Merci \u00e0 Alexandra Casciaro de la m\u00e9diath\u00e8que, \u00e0 la Mairie de Gouesnou,<br \/>\naux institutrices ainsi qu&rsquo;\u00e0 Brest en Bulle pour leurs soutiens ici)<\/small><\/p>\n<\/div>\n<hr>\n<p>contact: <a href=\"mailto:weber@abirato.com\">weber@abirato.com<\/a> &#8211; 06 72 75 84 82<\/p>\n<hr>\n<p>ON FAIT \u00c7A AUSSI&#8230;<\/p>\n<p><a class=\"script2\" href=\"http:\/\/abirato.com\/abiratoshop\/expositions\/\">\u2022Une exposition<\/a> &#8211; <a href=\"http:\/\/abirato.com\/abiratoshop\/expositions\/\">en savoir plus <img decoding=\"async\" src=\"http:\/\/www.abirato.com\/abiratoshop\/wp-content\/uploads\/2015\/10\/suiv.png\" width=\"30\"><\/a><\/p>\n<p><a class=\"script2\" href=\"http:\/\/abirato.com\/abiratoshop\/concert-dessine\/\">\u2022Concert-dessin\u00e9<\/a> &#8211; <a href=\"http:\/\/abirato.com\/abiratoshop\/expositions\/\">en savoir plus <img decoding=\"async\" src=\"http:\/\/www.abirato.com\/abiratoshop\/wp-content\/uploads\/2015\/10\/suiv.png\" width=\"30\"><\/a><\/p>\n<div style=\"padding-bottom:20px; padding-top:10px;\" class=\"hupso-share-buttons\"><!-- Hupso Share Buttons - https:\/\/www.hupso.com\/share\/ --><a class=\"hupso_toolbar\" href=\"https:\/\/www.hupso.com\/share\/\"><img decoding=\"async\" src=\"https:\/\/static.hupso.com\/share\/buttons\/lang\/fr\/share-medium.png\" style=\"border:0px; padding-top: 5px; float:left;\" alt=\"Share Button\"\/><\/a><script type=\"text\/javascript\">var hupso_services_t=new Array(\"Twitter\",\"Facebook\",\"Google Plus\",\"Pinterest\",\"Linkedin\",\"Tumblr\");var hupso_background_t=\"#EAF4FF\";var hupso_border_t=\"#66CCFF\";var hupso_toolbar_size_t=\"medium\";var hupso_image_folder_url = \"\";var hupso_url_t=\"\";var hupso_title_t=\"ATELIERS\";<\/script><script type=\"text\/javascript\" src=\"https:\/\/static.hupso.com\/share\/js\/share_toolbar.js\"><\/script><!-- Hupso Share Buttons --><\/div>","protected":false},"excerpt":{"rendered":"<p>Nos Ateliers propos\u00e9s: -Projets \u00e0 Livre Ouvert -Initiation \u00e0 la BD -Carnet -Dessin -Illustration Num\u00e9rique -Livre jeunesse -Fresque Nos Manifestations pass\u00e9es: Atelier BD reportage&nbsp;@ PL Pilier Rouge brest avec Benjamin Vanderlick Coulisses de la BD @ UBO option le 9\u00e8me Art: Histoire de la BD A livre ouvert &#8211; Histoires illustr\u00e9es 5\u00e8me @&nbsp; Coll\u00e8ge de<\/p><\/div>\n<div class=\"blog-btn\"><a href=\"https:\/\/www.abirato.com\/abiratoshop\/ateliers\/\" class=\"home-blog-btn\">Lire la suite<\/a><\/p>\n","protected":false},"author":1,"featured_media":0,"parent":0,"menu_order":0,"comment_status":"closed","ping_status":"closed","template":"template\/template-page-full-width.php","meta":{"_exactmetrics_skip_tracking":false,"_exactmetrics_sitenote_active":false,"_exactmetrics_sitenote_note":"","_exactmetrics_sitenote_category":0,"footnotes":""},"class_list":["post-103","page","type-page","status-publish","hentry"],"yoast_head":"<!-- This site is optimized with the Yoast SEO plugin v27.3 - https:\/\/yoast.com\/product\/yoast-seo-wordpress\/ -->\n<title>ATELIERS - MAISON DU RHU<\/title>\n<meta name=\"robots\" content=\"index, follow, max-snippet:-1, max-image-preview:large, max-video-preview:-1\" \/>\n<link rel=\"canonical\" href=\"https:\/\/www.abirato.com\/abiratoshop\/ateliers\/\" \/>\n<meta property=\"og:locale\" content=\"fr_FR\" \/>\n<meta property=\"og:type\" content=\"article\" \/>\n<meta property=\"og:title\" content=\"ATELIERS - MAISON DU RHU\" \/>\n<meta property=\"og:description\" content=\"Nos Ateliers propos\u00e9s: -Projets \u00e0 Livre Ouvert -Initiation \u00e0 la BD -Carnet -Dessin -Illustration Num\u00e9rique -Livre jeunesse -Fresque Nos Manifestations pass\u00e9es: Atelier BD reportage&nbsp;@ PL Pilier Rouge brest avec Benjamin Vanderlick Coulisses de la BD @ UBO option le 9\u00e8me Art: Histoire de la BD A livre ouvert &#8211; Histoires illustr\u00e9es 5\u00e8me @&nbsp; Coll\u00e8ge deLire la suite\" \/>\n<meta property=\"og:url\" content=\"https:\/\/www.abirato.com\/abiratoshop\/ateliers\/\" \/>\n<meta property=\"og:site_name\" content=\"MAISON DU RHU\" \/>\n<meta property=\"article:modified_time\" content=\"2022-01-06T17:45:04+00:00\" \/>\n<meta property=\"og:image\" content=\"http:\/\/www.abirato.com\/abiratoshop\/wp-content\/uploads\/2019\/01\/telegrammeBourbriac-1024x888.png\" \/>\n<meta name=\"twitter:card\" content=\"summary_large_image\" \/>\n<meta name=\"twitter:label1\" content=\"Dur\u00e9e de lecture estim\u00e9e\" \/>\n\t<meta name=\"twitter:data1\" content=\"4 minutes\" \/>\n<script type=\"application\/ld+json\" class=\"yoast-schema-graph\">{\"@context\":\"https:\\\/\\\/schema.org\",\"@graph\":[{\"@type\":\"WebPage\",\"@id\":\"https:\\\/\\\/www.abirato.com\\\/abiratoshop\\\/ateliers\\\/\",\"url\":\"https:\\\/\\\/www.abirato.com\\\/abiratoshop\\\/ateliers\\\/\",\"name\":\"ATELIERS - MAISON DU RHU\",\"isPartOf\":{\"@id\":\"https:\\\/\\\/www.abirato.com\\\/abiratoshop\\\/#website\"},\"primaryImageOfPage\":{\"@id\":\"https:\\\/\\\/www.abirato.com\\\/abiratoshop\\\/ateliers\\\/#primaryimage\"},\"image\":{\"@id\":\"https:\\\/\\\/www.abirato.com\\\/abiratoshop\\\/ateliers\\\/#primaryimage\"},\"thumbnailUrl\":\"http:\\\/\\\/www.abirato.com\\\/abiratoshop\\\/wp-content\\\/uploads\\\/2019\\\/01\\\/telegrammeBourbriac-1024x888.png\",\"datePublished\":\"2015-09-20T09:28:06+00:00\",\"dateModified\":\"2022-01-06T17:45:04+00:00\",\"breadcrumb\":{\"@id\":\"https:\\\/\\\/www.abirato.com\\\/abiratoshop\\\/ateliers\\\/#breadcrumb\"},\"inLanguage\":\"fr-FR\",\"potentialAction\":[{\"@type\":\"ReadAction\",\"target\":[\"https:\\\/\\\/www.abirato.com\\\/abiratoshop\\\/ateliers\\\/\"]}]},{\"@type\":\"ImageObject\",\"inLanguage\":\"fr-FR\",\"@id\":\"https:\\\/\\\/www.abirato.com\\\/abiratoshop\\\/ateliers\\\/#primaryimage\",\"url\":\"https:\\\/\\\/www.abirato.com\\\/abiratoshop\\\/wp-content\\\/uploads\\\/2019\\\/01\\\/telegrammeBourbriac.png\",\"contentUrl\":\"https:\\\/\\\/www.abirato.com\\\/abiratoshop\\\/wp-content\\\/uploads\\\/2019\\\/01\\\/telegrammeBourbriac.png\",\"width\":1099,\"height\":953},{\"@type\":\"BreadcrumbList\",\"@id\":\"https:\\\/\\\/www.abirato.com\\\/abiratoshop\\\/ateliers\\\/#breadcrumb\",\"itemListElement\":[{\"@type\":\"ListItem\",\"position\":1,\"name\":\"Accueil\",\"item\":\"https:\\\/\\\/www.abirato.com\\\/abiratoshop\\\/\"},{\"@type\":\"ListItem\",\"position\":2,\"name\":\"ATELIERS\"}]},{\"@type\":\"WebSite\",\"@id\":\"https:\\\/\\\/www.abirato.com\\\/abiratoshop\\\/#website\",\"url\":\"https:\\\/\\\/www.abirato.com\\\/abiratoshop\\\/\",\"name\":\"MAISON DU RHU\",\"description\":\"sautez la barri\u00e8re\",\"publisher\":{\"@id\":\"https:\\\/\\\/www.abirato.com\\\/abiratoshop\\\/#organization\"},\"potentialAction\":[{\"@type\":\"SearchAction\",\"target\":{\"@type\":\"EntryPoint\",\"urlTemplate\":\"https:\\\/\\\/www.abirato.com\\\/abiratoshop\\\/?s={search_term_string}\"},\"query-input\":{\"@type\":\"PropertyValueSpecification\",\"valueRequired\":true,\"valueName\":\"search_term_string\"}}],\"inLanguage\":\"fr-FR\"},{\"@type\":\"Organization\",\"@id\":\"https:\\\/\\\/www.abirato.com\\\/abiratoshop\\\/#organization\",\"name\":\"MAISON DU RHU\",\"url\":\"https:\\\/\\\/www.abirato.com\\\/abiratoshop\\\/\",\"logo\":{\"@type\":\"ImageObject\",\"inLanguage\":\"fr-FR\",\"@id\":\"https:\\\/\\\/www.abirato.com\\\/abiratoshop\\\/#\\\/schema\\\/logo\\\/image\\\/\",\"url\":\"https:\\\/\\\/www.abirato.com\\\/abiratoshop\\\/wp-content\\\/uploads\\\/2022\\\/01\\\/cropped-cropped-Logorhu17bis-1BLC.png\",\"contentUrl\":\"https:\\\/\\\/www.abirato.com\\\/abiratoshop\\\/wp-content\\\/uploads\\\/2022\\\/01\\\/cropped-cropped-Logorhu17bis-1BLC.png\",\"width\":114,\"height\":150,\"caption\":\"MAISON DU RHU\"},\"image\":{\"@id\":\"https:\\\/\\\/www.abirato.com\\\/abiratoshop\\\/#\\\/schema\\\/logo\\\/image\\\/\"}}]}<\/script>\n<!-- \/ Yoast SEO plugin. -->","yoast_head_json":{"title":"ATELIERS - MAISON DU RHU","robots":{"index":"index","follow":"follow","max-snippet":"max-snippet:-1","max-image-preview":"max-image-preview:large","max-video-preview":"max-video-preview:-1"},"canonical":"https:\/\/www.abirato.com\/abiratoshop\/ateliers\/","og_locale":"fr_FR","og_type":"article","og_title":"ATELIERS - MAISON DU RHU","og_description":"Nos Ateliers propos\u00e9s: -Projets \u00e0 Livre Ouvert -Initiation \u00e0 la BD -Carnet -Dessin -Illustration Num\u00e9rique -Livre jeunesse -Fresque Nos Manifestations pass\u00e9es: Atelier BD reportage&nbsp;@ PL Pilier Rouge brest avec Benjamin Vanderlick Coulisses de la BD @ UBO option le 9\u00e8me Art: Histoire de la BD A livre ouvert &#8211; Histoires illustr\u00e9es 5\u00e8me @&nbsp; Coll\u00e8ge deLire la suite","og_url":"https:\/\/www.abirato.com\/abiratoshop\/ateliers\/","og_site_name":"MAISON DU RHU","article_modified_time":"2022-01-06T17:45:04+00:00","og_image":[{"url":"http:\/\/www.abirato.com\/abiratoshop\/wp-content\/uploads\/2019\/01\/telegrammeBourbriac-1024x888.png","type":"","width":"","height":""}],"twitter_card":"summary_large_image","twitter_misc":{"Dur\u00e9e de lecture estim\u00e9e":"4 minutes"},"schema":{"@context":"https:\/\/schema.org","@graph":[{"@type":"WebPage","@id":"https:\/\/www.abirato.com\/abiratoshop\/ateliers\/","url":"https:\/\/www.abirato.com\/abiratoshop\/ateliers\/","name":"ATELIERS - MAISON DU RHU","isPartOf":{"@id":"https:\/\/www.abirato.com\/abiratoshop\/#website"},"primaryImageOfPage":{"@id":"https:\/\/www.abirato.com\/abiratoshop\/ateliers\/#primaryimage"},"image":{"@id":"https:\/\/www.abirato.com\/abiratoshop\/ateliers\/#primaryimage"},"thumbnailUrl":"http:\/\/www.abirato.com\/abiratoshop\/wp-content\/uploads\/2019\/01\/telegrammeBourbriac-1024x888.png","datePublished":"2015-09-20T09:28:06+00:00","dateModified":"2022-01-06T17:45:04+00:00","breadcrumb":{"@id":"https:\/\/www.abirato.com\/abiratoshop\/ateliers\/#breadcrumb"},"inLanguage":"fr-FR","potentialAction":[{"@type":"ReadAction","target":["https:\/\/www.abirato.com\/abiratoshop\/ateliers\/"]}]},{"@type":"ImageObject","inLanguage":"fr-FR","@id":"https:\/\/www.abirato.com\/abiratoshop\/ateliers\/#primaryimage","url":"https:\/\/www.abirato.com\/abiratoshop\/wp-content\/uploads\/2019\/01\/telegrammeBourbriac.png","contentUrl":"https:\/\/www.abirato.com\/abiratoshop\/wp-content\/uploads\/2019\/01\/telegrammeBourbriac.png","width":1099,"height":953},{"@type":"BreadcrumbList","@id":"https:\/\/www.abirato.com\/abiratoshop\/ateliers\/#breadcrumb","itemListElement":[{"@type":"ListItem","position":1,"name":"Accueil","item":"https:\/\/www.abirato.com\/abiratoshop\/"},{"@type":"ListItem","position":2,"name":"ATELIERS"}]},{"@type":"WebSite","@id":"https:\/\/www.abirato.com\/abiratoshop\/#website","url":"https:\/\/www.abirato.com\/abiratoshop\/","name":"MAISON DU RHU","description":"sautez la barri\u00e8re","publisher":{"@id":"https:\/\/www.abirato.com\/abiratoshop\/#organization"},"potentialAction":[{"@type":"SearchAction","target":{"@type":"EntryPoint","urlTemplate":"https:\/\/www.abirato.com\/abiratoshop\/?s={search_term_string}"},"query-input":{"@type":"PropertyValueSpecification","valueRequired":true,"valueName":"search_term_string"}}],"inLanguage":"fr-FR"},{"@type":"Organization","@id":"https:\/\/www.abirato.com\/abiratoshop\/#organization","name":"MAISON DU RHU","url":"https:\/\/www.abirato.com\/abiratoshop\/","logo":{"@type":"ImageObject","inLanguage":"fr-FR","@id":"https:\/\/www.abirato.com\/abiratoshop\/#\/schema\/logo\/image\/","url":"https:\/\/www.abirato.com\/abiratoshop\/wp-content\/uploads\/2022\/01\/cropped-cropped-Logorhu17bis-1BLC.png","contentUrl":"https:\/\/www.abirato.com\/abiratoshop\/wp-content\/uploads\/2022\/01\/cropped-cropped-Logorhu17bis-1BLC.png","width":114,"height":150,"caption":"MAISON DU RHU"},"image":{"@id":"https:\/\/www.abirato.com\/abiratoshop\/#\/schema\/logo\/image\/"}}]}},"_links":{"self":[{"href":"https:\/\/www.abirato.com\/abiratoshop\/wp-json\/wp\/v2\/pages\/103","targetHints":{"allow":["GET"]}}],"collection":[{"href":"https:\/\/www.abirato.com\/abiratoshop\/wp-json\/wp\/v2\/pages"}],"about":[{"href":"https:\/\/www.abirato.com\/abiratoshop\/wp-json\/wp\/v2\/types\/page"}],"author":[{"embeddable":true,"href":"https:\/\/www.abirato.com\/abiratoshop\/wp-json\/wp\/v2\/users\/1"}],"replies":[{"embeddable":true,"href":"https:\/\/www.abirato.com\/abiratoshop\/wp-json\/wp\/v2\/comments?post=103"}],"version-history":[{"count":89,"href":"https:\/\/www.abirato.com\/abiratoshop\/wp-json\/wp\/v2\/pages\/103\/revisions"}],"predecessor-version":[{"id":9260,"href":"https:\/\/www.abirato.com\/abiratoshop\/wp-json\/wp\/v2\/pages\/103\/revisions\/9260"}],"wp:attachment":[{"href":"https:\/\/www.abirato.com\/abiratoshop\/wp-json\/wp\/v2\/media?parent=103"}],"curies":[{"name":"wp","href":"https:\/\/api.w.org\/{rel}","templated":true}]}}